{"id":15,"date":"2025-04-27T04:57:01","date_gmt":"2025-04-27T04:57:01","guid":{"rendered":"https:\/\/themexriver.com\/wp\/cargozen\/?page_id=15"},"modified":"2025-07-21T12:30:03","modified_gmt":"2025-07-21T09:30:03","slug":"iletisim","status":"publish","type":"page","link":"https:\/\/tag90.com\/en\/iletisim\/","title":{"rendered":"Contact"},"content":{"rendered":"<div data-elementor-type=\"wp-page\" data-elementor-id=\"15\" class=\"elementor elementor-15\">\n\t\t\t\t\t\t<section class=\"elementor-section elementor-top-section elementor-element elementor-element-8e8ce3c elementor-section-boxed elementor-section-height-default elementor-section-height-default\" data-id=\"8e8ce3c\" data-element_type=\"section\">\n\t\t\t\t\t\t<div class=\"elementor-container elementor-column-gap-default\">\n\t\t\t\t\t<div class=\"elementor-column elementor-col-100 elementor-top-column elementor-element elementor-element-bb1717e\" data-id=\"bb1717e\" data-element_type=\"column\">\n\t\t\t<div class=\"elementor-widget-wrap elementor-element-populated\">\n\t\t\t\t\t\t<div class=\"elementor-element elementor-element-215c520 elementor-widget elementor-widget-cargozen-ct-info\" data-id=\"215c520\" data-element_type=\"widget\" data-widget_type=\"cargozen-ct-info.default\">\n\t\t\t\t<div class=\"elementor-widget-container\">\n\t\t\t\t\t<div class=\"log-contact-info-wrap\">\n    <div class=\"row justify-content-center\">\n                    <div class=\"col-lg-4 col-md-6\">\n                <div class=\"log-contact-info-item position-relative\">\n                                            <span class=\"info-bg position-absolute\">\n                            <img decoding=\"async\" src=\"https:\/\/themexriver.com\/wp\/cargozen\/wp-content\/uploads\/2025\/05\/blg1.webp\" alt=\"List\">\n                        <\/span>\n                                        <div class=\"inner-icon d-flex align-items-center justify-content-center\">\n                                                    <i aria-hidden=\"true\" class=\"fas fa-envelope\"><\/i>                                            <\/div>\n                    <div class=\"inner-text headline pera-content\">\n                        <h3>E-mail Address<\/h3>\n                        <p>info@yavizing.com<\/p>\n<p>\u00a0<\/p>\n                    <\/div>\n                <\/div>\n            <\/div>\n                    <div class=\"col-lg-4 col-md-6\">\n                <div class=\"log-contact-info-item position-relative\">\n                                            <span class=\"info-bg position-absolute\">\n                            <img decoding=\"async\" src=\"https:\/\/themexriver.com\/wp\/cargozen\/wp-content\/uploads\/2025\/05\/blg1.webp\" alt=\"List\">\n                        <\/span>\n                                        <div class=\"inner-icon d-flex align-items-center justify-content-center\">\n                                                    <i aria-hidden=\"true\" class=\"fas fa-phone-alt\"><\/i>                                            <\/div>\n                    <div class=\"inner-text headline pera-content\">\n                        <h3>Phone<\/h3>\n                        <p>+90 532 664 29 89<\/p>\n<p>\u00a0<\/p>\n                    <\/div>\n                <\/div>\n            <\/div>\n                    <div class=\"col-lg-4 col-md-6\">\n                <div class=\"log-contact-info-item position-relative\">\n                                            <span class=\"info-bg position-absolute\">\n                            <img decoding=\"async\" src=\"https:\/\/themexriver.com\/wp\/cargozen\/wp-content\/uploads\/2025\/05\/blg1.webp\" alt=\"List\">\n                        <\/span>\n                                        <div class=\"inner-icon d-flex align-items-center justify-content-center\">\n                                                    <i aria-hidden=\"true\" class=\"fas fa-map-marker-alt\"><\/i>                                            <\/div>\n                    <div class=\"inner-text headline pera-content\">\n                        <h3>Location \/ Address<\/h3>\n                        <div class=\"aiAXrc\">\u015eemsettin G\u00fcnaltay Cd. No:146<\/div>\n<p><span class=\"fMYBhe\">Ba\u011fc\u0131lar, 06670 \u00c7ankaya\/Ankara<\/span><\/p>\n                    <\/div>\n                <\/div>\n            <\/div>\n            <\/div>\n<\/div>\t\t\t\t<\/div>\n\t\t\t\t<\/div>\n\t\t\t\t\t<\/div>\n\t\t<\/div>\n\t\t\t\t\t<\/div>\n\t\t<\/section>\n\t\t\t\t<section class=\"elementor-section elementor-top-section elementor-element elementor-element-1e8ca8e elementor-section-boxed elementor-section-height-default elementor-section-height-default\" data-id=\"1e8ca8e\" data-element_type=\"section\">\n\t\t\t\t\t\t<div class=\"elementor-container elementor-column-gap-default\">\n\t\t\t\t\t<div class=\"elementor-column elementor-col-100 elementor-top-column elementor-element elementor-element-ed93c8f\" data-id=\"ed93c8f\" data-element_type=\"column\">\n\t\t\t<div class=\"elementor-widget-wrap elementor-element-populated\">\n\t\t\t\t\t\t<div class=\"elementor-element elementor-element-590145f elementor-widget elementor-widget-shortcode\" data-id=\"590145f\" data-element_type=\"widget\" data-widget_type=\"shortcode.default\">\n\t\t\t\t\t\t\t<div class=\"elementor-shortcode\"><p class=\"wpcf7-contact-form-not-found\"><strong>Error:<\/strong> Contact form not found.<\/p><\/div>\n\t\t\t\t\t\t<\/div>\n\t\t\t\t\t<\/div>\n\t\t<\/div>\n\t\t\t\t\t<\/div>\n\t\t<\/section>\n\t\t\t\t<section class=\"elementor-section elementor-top-section elementor-element elementor-element-6cf107b elementor-section-full_width elementor-section-height-default elementor-section-height-default\" data-id=\"6cf107b\" data-element_type=\"section\">\n\t\t\t\t\t\t<div class=\"elementor-container elementor-column-gap-no\">\n\t\t\t\t\t<div class=\"elementor-column elementor-col-100 elementor-top-column elementor-element elementor-element-311ce44\" data-id=\"311ce44\" data-element_type=\"column\">\n\t\t\t<div class=\"elementor-widget-wrap elementor-element-populated\">\n\t\t\t\t\t\t<div class=\"elementor-element elementor-element-c78253f elementor-widget elementor-widget-google_maps\" data-id=\"c78253f\" data-element_type=\"widget\" data-widget_type=\"google_maps.default\">\n\t\t\t\t\t\t\t<div class=\"elementor-custom-embed\">\n\t\t\t<iframe loading=\"lazy\"\n\t\t\t\t\tsrc=\"https:\/\/maps.google.com\/maps?q=Themexriver&#038;t=m&#038;z=16&#038;output=embed&#038;iwloc=near\"\n\t\t\t\t\ttitle=\"Themexriver\"\n\t\t\t\t\taria-label=\"Themexriver\"\n\t\t\t><\/iframe>\n\t\t<\/div>\n\t\t\t\t\t\t<\/div>\n\t\t\t\t\t<\/div>\n\t\t<\/div>\n\t\t\t\t\t<\/div>\n\t\t<\/section>\n\t\t\t\t<\/div>","protected":false},"excerpt":{"rendered":"<p>E-posta Adresi info@yavizing.com \u00a0 Telefon +90 532 664 29 89 \u00a0 Konum \/ Adres \u015eemsettin G\u00fcnaltay Cd. No:146 Ba\u011fc\u0131lar, 06670 \u00c7ankaya\/Ankara<\/p>","protected":false},"author":1,"featured_media":0,"parent":0,"menu_order":0,"comment_status":"closed","ping_status":"closed","template":"elementor_header_footer","meta":{"footnotes":""},"class_list":["post-15","page","type-page","status-publish","hentry"],"_links":{"self":[{"href":"https:\/\/tag90.com\/en\/wp-json\/wp\/v2\/pages\/15","targetHints":{"allow":["GET"]}}],"collection":[{"href":"https:\/\/tag90.com\/en\/wp-json\/wp\/v2\/pages"}],"about":[{"href":"https:\/\/tag90.com\/en\/wp-json\/wp\/v2\/types\/page"}],"author":[{"embeddable":true,"href":"https:\/\/tag90.com\/en\/wp-json\/wp\/v2\/users\/1"}],"replies":[{"embeddable":true,"href":"https:\/\/tag90.com\/en\/wp-json\/wp\/v2\/comments?post=15"}],"version-history":[{"count":0,"href":"https:\/\/tag90.com\/en\/wp-json\/wp\/v2\/pages\/15\/revisions"}],"wp:attachment":[{"href":"https:\/\/tag90.com\/en\/wp-json\/wp\/v2\/media?parent=15"}],"curies":[{"name":"wp","href":"https:\/\/api.w.org\/{rel}","templated":true}]}}