{"id":1752,"date":"2025-05-12T08:50:56","date_gmt":"2025-05-12T08:50:56","guid":{"rendered":"https:\/\/themexriver.com\/wp\/cargozen\/?page_id=1752"},"modified":"2025-07-19T16:15:02","modified_gmt":"2025-07-19T13:15:02","slug":"urun-cozumleri","status":"publish","type":"page","link":"https:\/\/tag90.com\/en\/urun-cozumleri\/","title":{"rendered":"\u00dcr\u00fcn \u00c7\u00f6z\u00fcmleri"},"content":{"rendered":"<div data-elementor-type=\"wp-page\" data-elementor-id=\"1752\" class=\"elementor elementor-1752\">\n\t\t\t\t\t\t<section class=\"elementor-section elementor-top-section elementor-element elementor-element-4277a90 elementor-section-boxed elementor-section-height-default elementor-section-height-default\" data-id=\"4277a90\" data-element_type=\"section\">\n\t\t\t\t\t\t<div class=\"elementor-container elementor-column-gap-default\">\n\t\t\t\t\t<div class=\"elementor-column elementor-col-66 elementor-top-column elementor-element elementor-element-0ec88e7\" data-id=\"0ec88e7\" data-element_type=\"column\">\n\t\t\t<div class=\"elementor-widget-wrap elementor-element-populated\">\n\t\t\t\t\t\t<div class=\"elementor-element elementor-element-07d0d19 elementor-widget__width-initial elementor-widget elementor-widget-go-s-heading\" data-id=\"07d0d19\" data-element_type=\"widget\" data-widget_type=\"go-s-heading.default\">\n\t\t\t\t<div class=\"elementor-widget-container\">\n\t\t\t\t\t<div class=\"cg-sec-title headline prthalign\">\n    <div class=\"subtitle cg-sub-tilte cg-sub-anim\">\n        Safe Transportation &amp; Logistics    <\/div>\n    <h1 class=\"elementor-gt-heading sec_title cg-sec-title cg-has-anim\">We specialize in providing<br \/>\n    \t\t\t\t\tinnovative logistics solutions<\/h1>            <div class=\"elementor-gt-desc\">Sed ut perspiciatis unde omniste natus voluptatem accusantiume rem  aperia eaque ipsa\n    \t\t\t\t\t\tquae abillo inventore veritatis quasi architecto beatae vitae dicta sunt explicabo. Nemo enim\n    \t\t\t\t\tepsam voluptatem quia voluptas aspernatur odites sed quia consequunture<\/div>\n    <\/div>\t\t\t\t<\/div>\n\t\t\t\t<\/div>\n\t\t\t\t<div class=\"elementor-element elementor-element-127525d elementor-widget elementor-widget-agr-btn-one\" data-id=\"127525d\" data-element_type=\"widget\" data-widget_type=\"agr-btn-one.default\">\n\t\t\t\t<div class=\"elementor-widget-container\">\n\t\t\t\t\t<div class=\"cg-btn-1 prthalign\">\n    <a href=\"#\" target=\"_blank\" rel=\"nofollow\"><span>Know More <i class=\"fa-solid fa-check\"><\/i><\/span><\/a>\n<\/div>\t\t\t\t<\/div>\n\t\t\t\t<\/div>\n\t\t\t\t\t<\/div>\n\t\t<\/div>\n\t\t\t\t<div class=\"elementor-column elementor-col-33 elementor-top-column elementor-element elementor-element-17f7621\" data-id=\"17f7621\" data-element_type=\"column\">\n\t\t\t<div class=\"elementor-widget-wrap elementor-element-populated\">\n\t\t\t\t\t\t<div class=\"elementor-element elementor-element-bacc410 cg-prd-info-text elementor-widget elementor-widget-text-editor\" data-id=\"bacc410\" data-element_type=\"widget\" data-widget_type=\"text-editor.default\">\n\t\t\t\t\t\t\t\t\t<div class=\"info-list pera-content ul-li-block\">\n    \t\t\t\t<ul>\n    \t\t\t\t\t<li>\n    \t\t\t\t\t\t<span>Clients<\/span>\n    \t\t\t\t\t\t<p>Design Studio In USA <\/p>\n    \t\t\t\t\t<\/li>\n    \t\t\t\t\t<li>\n    \t\t\t\t\t\t<span>Project Type<\/span>\n    \t\t\t\t\t\t<p>Digital Product Design <\/p>\n    \t\t\t\t\t<\/li>\n    \t\t\t\t\t<li>\n    \t\t\t\t\t\t<span>Date<\/span>\n    \t\t\t\t\t\t<p>25 October 2023 <\/p>\n    \t\t\t\t\t<\/li>\n    \t\t\t\t\t<li>\n    \t\t\t\t\t\t<span>Website<\/span>\n    \t\t\t\t\t\t<p><a href=\"#\">ThemeXriver.com<\/a><\/p>\n    \t\t\t\t\t<\/li>\n    \t\t\t\t<\/ul>\n    \t\t\t<\/div>\t\t\t\t\t\t\t\t<\/div>\n\t\t\t\t\t<\/div>\n\t\t<\/div>\n\t\t\t\t\t<\/div>\n\t\t<\/section>\n\t\t\t\t<section class=\"elementor-section elementor-top-section elementor-element elementor-element-bf66fa3 elementor-section-boxed elementor-section-height-default elementor-section-height-default\" data-id=\"bf66fa3\" data-element_type=\"section\">\n\t\t\t\t\t\t<div class=\"elementor-container elementor-column-gap-default\">\n\t\t\t\t\t<div class=\"elementor-column elementor-col-33 elementor-top-column elementor-element elementor-element-d35fcc6\" data-id=\"d35fcc6\" data-element_type=\"column\">\n\t\t\t<div class=\"elementor-widget-wrap elementor-element-populated\">\n\t\t\t\t\t\t<div class=\"elementor-element elementor-element-be75f3c elementor-widget elementor-widget-image\" data-id=\"be75f3c\" data-element_type=\"widget\" data-widget_type=\"image.default\">\n\t\t\t\t\t\t\t\t\t\t\t\t\t\t\t<img fetchpriority=\"high\" decoding=\"async\" width=\"566\" height=\"500\" src=\"https:\/\/tag90.com\/wp-content\/uploads\/prd1.webp\" class=\"attachment-full size-full wp-image-1780\" alt=\"\" srcset=\"https:\/\/tag90.com\/wp-content\/uploads\/prd1.webp 566w, https:\/\/tag90.com\/wp-content\/uploads\/prd1-300x265.webp 300w\" sizes=\"(max-width: 566px) 100vw, 566px\" \/>\t\t\t\t\t\t\t\t\t\t\t\t\t\t\t<\/div>\n\t\t\t\t\t<\/div>\n\t\t<\/div>\n\t\t\t\t<div class=\"elementor-column elementor-col-66 elementor-top-column elementor-element elementor-element-09d17e6\" data-id=\"09d17e6\" data-element_type=\"column\">\n\t\t\t<div class=\"elementor-widget-wrap elementor-element-populated\">\n\t\t\t\t\t\t<div class=\"elementor-element elementor-element-322a459 elementor-widget elementor-widget-image\" data-id=\"322a459\" data-element_type=\"widget\" data-widget_type=\"image.default\">\n\t\t\t\t\t\t\t\t\t\t\t\t\t\t\t<img decoding=\"async\" width=\"804\" height=\"500\" src=\"https:\/\/tag90.com\/wp-content\/uploads\/prd2.webp\" class=\"attachment-full size-full wp-image-1781\" alt=\"\" srcset=\"https:\/\/tag90.com\/wp-content\/uploads\/prd2.webp 804w, https:\/\/tag90.com\/wp-content\/uploads\/prd2-300x187.webp 300w, https:\/\/tag90.com\/wp-content\/uploads\/prd2-768x478.webp 768w\" sizes=\"(max-width: 804px) 100vw, 804px\" \/>\t\t\t\t\t\t\t\t\t\t\t\t\t\t\t<\/div>\n\t\t\t\t\t<\/div>\n\t\t<\/div>\n\t\t\t\t\t<\/div>\n\t\t<\/section>\n\t\t\t\t<section class=\"elementor-section elementor-top-section elementor-element elementor-element-8481012 elementor-section-boxed elementor-section-height-default elementor-section-height-default\" data-id=\"8481012\" data-element_type=\"section\">\n\t\t\t\t\t\t<div class=\"elementor-container elementor-column-gap-default\">\n\t\t\t\t\t<div class=\"elementor-column elementor-col-100 elementor-top-column elementor-element elementor-element-3fb218b\" data-id=\"3fb218b\" data-element_type=\"column\">\n\t\t\t<div class=\"elementor-widget-wrap elementor-element-populated\">\n\t\t\t\t\t\t<div class=\"elementor-element elementor-element-5a38c57 elementor-widget elementor-widget-go-project-info\" data-id=\"5a38c57\" data-element_type=\"widget\" data-widget_type=\"go-project-info.default\">\n\t\t\t\t<div class=\"elementor-widget-container\">\n\t\t\t\t\t        <div class=\"cg-prd-text-content headline pera-content\">\n                            <div class=\"cg-prd-text d-flex justify-content-between flex-wrap\">\n                    <h3>Interesting facts in     \t\t\t\tDevelopment<\/h3>\n                    <div class=\"item-text ul-li\">\n                        <p>Must explain to you how all this mistaken idea of denouncing pleasure and praising pain was born will give you a complete account of the system, and expound the actual teachings of the great explorer of the truth, the master-builder of human happiness. No one rejects, dislikes, or avoids pleasure itself, because it is pleasure, but because those who do not know how to pursue pleasure rationally encounter Rorem ipsum dolor sit ametconsectetur adipiscing elit,tempo<\/p>\n<ul>\n<li><i class=\"fa-solid fa-check\"><\/i> Efficient Sprint Planning<\/li>\n<li><i class=\"fa-solid fa-check\"><\/i> Iterative Delivery Approach<\/li>\n<li><i class=\"fa-solid fa-check\"><\/i> Standups and Demos<\/li>\n<li><i class=\"fa-solid fa-check\"><\/i> Problem-solving<\/li>\n<\/ul>\n                    <\/div>\n                <\/div>\n                            <div class=\"cg-prd-text d-flex justify-content-between flex-wrap\">\n                    <h3>The Results of     \t\t\t\tOur Project<\/h3>\n                    <div class=\"item-text ul-li\">\n                        <p>Will give you a complete account of the system, and expound the actual because it is pleasure, but because those who do not know how to pursue pleasure rationally encounter Rorem ipsum dolor sit ametconsectetur adipiscing elit,tempo teachings of the great explorer of the truth, the master-builder of human happiness rejects, dislikes, or avoids pleasure <\/p>\n<div class=\"item-info-wrap\">\n<h4><i class=\"fa-solid fa-check\"><\/i> Support clients<\/h4>\n<p>    \t\t\t\t\t\t<span>Sed ut perspiciatis unde omnis natus voluptatem accusantium<br \/>\n    \t\t\t\t\t\tdoloremque laudantium, totam rem aperiam inventore<\/span>\n    \t\t\t\t\t<\/div>\n<div class=\"item-info-wrap\">\n<h4> <i class=\"fa-solid fa-check\"><\/i> Solve problems<\/h4>\n<p>    \t\t\t\t\t\t<span>To take a trivial example, which of us ever undertakes laborious<br \/>\n    \t\t\t\t\t\tphysical exercise, except to obtain some advantage<\/span>\n    \t\t\t\t\t<\/div>\n                    <\/div>\n                <\/div>\n                        <div class=\"cg-prd-img-area\">\n                <div class=\"row\">\n                                            <div class=\"col-lg-6\">\n                                <div class=\"item-img\">\n                                    <img decoding=\"async\" src=\"https:\/\/themexriver.com\/wp\/cargozen\/wp-content\/uploads\/2025\/05\/prd4.webp\" alt=\"\">\n                                <\/div>\n                        <\/div>\n                                            <div class=\"col-lg-6\">\n                                <div class=\"item-img\">\n                                    <img decoding=\"async\" src=\"https:\/\/themexriver.com\/wp\/cargozen\/wp-content\/uploads\/2025\/05\/prd3.webp\" alt=\"\">\n                                <\/div>\n                        <\/div>\n                                    <\/div>\n            <\/div>\n            <div class=\"cg-prd-next-prev pt-60 d-flex align-items-center justify-content-between flex-wrap\">\n                                    <div class=\"cg-prd-pn headline\">\n                        <span>Prev<\/span>\n                        <h3>Business Website Design<\/h3>\n                    <\/div>\n                                                    <div class=\"cg-prd-pn headline text-end\">\n                        <span>Next<\/span>\n                        <h3>Business Website Design<\/h3>\n                    <\/div>\n                            <\/div>\n        <\/div>\n    \t\t\t\t<\/div>\n\t\t\t\t<\/div>\n\t\t\t\t\t<\/div>\n\t\t<\/div>\n\t\t\t\t\t<\/div>\n\t\t<\/section>\n\t\t\t\t<\/div>","protected":false},"excerpt":{"rendered":"<p>Safe Transportation &amp; Logistics We specialize in providing innovative logistics solutions Sed ut perspiciatis unde omniste natus voluptatem accusantiume rem aperia eaque ipsa quae abillo inventore veritatis quasi architecto beatae vitae dicta sunt explicabo. Nemo enim epsam voluptatem quia voluptas aspernatur odites sed quia consequunture Know More Clients Design Studio In USA Project Type Digital [&hellip;]<\/p>","protected":false},"author":1,"featured_media":0,"parent":0,"menu_order":0,"comment_status":"closed","ping_status":"closed","template":"elementor_header_footer","meta":{"footnotes":""},"class_list":["post-1752","page","type-page","status-publish","hentry"],"_links":{"self":[{"href":"https:\/\/tag90.com\/en\/wp-json\/wp\/v2\/pages\/1752","targetHints":{"allow":["GET"]}}],"collection":[{"href":"https:\/\/tag90.com\/en\/wp-json\/wp\/v2\/pages"}],"about":[{"href":"https:\/\/tag90.com\/en\/wp-json\/wp\/v2\/types\/page"}],"author":[{"embeddable":true,"href":"https:\/\/tag90.com\/en\/wp-json\/wp\/v2\/users\/1"}],"replies":[{"embeddable":true,"href":"https:\/\/tag90.com\/en\/wp-json\/wp\/v2\/comments?post=1752"}],"version-history":[{"count":0,"href":"https:\/\/tag90.com\/en\/wp-json\/wp\/v2\/pages\/1752\/revisions"}],"wp:attachment":[{"href":"https:\/\/tag90.com\/en\/wp-json\/wp\/v2\/media?parent=1752"}],"curies":[{"name":"wp","href":"https:\/\/api.w.org\/{rel}","templated":true}]}}