{"id":1805,"date":"2025-05-12T09:44:22","date_gmt":"2025-05-12T09:44:22","guid":{"rendered":"https:\/\/themexriver.com\/wp\/cargozen\/?page_id=1805"},"modified":"2025-07-20T18:48:00","modified_gmt":"2025-07-20T15:48:00","slug":"hakkimizda","status":"publish","type":"page","link":"https:\/\/tag90.com\/en\/hakkimizda\/","title":{"rendered":"About us"},"content":{"rendered":"<div data-elementor-type=\"wp-page\" data-elementor-id=\"1805\" class=\"elementor elementor-1805\">\n\t\t\t\t\t\t<section class=\"elementor-section elementor-top-section elementor-element elementor-element-8241ef9 elementor-section-content-top elementor-section-boxed elementor-section-height-default elementor-section-height-default\" data-id=\"8241ef9\" data-element_type=\"section\">\n\t\t\t\t\t\t<div class=\"elementor-container elementor-column-gap-no\">\n\t\t\t\t\t<div class=\"elementor-column elementor-col-100 elementor-top-column elementor-element elementor-element-bcb15cc\" data-id=\"bcb15cc\" data-element_type=\"column\">\n\t\t\t<div class=\"elementor-widget-wrap elementor-element-populated\">\n\t\t\t\t\t\t<div class=\"elementor-element elementor-element-6db592a elementor-widget elementor-widget-cargozen-tab\" data-id=\"6db592a\" data-element_type=\"widget\" data-widget_type=\"cargozen-tab.default\">\n\t\t\t\t<div class=\"elementor-widget-container\">\n\t\t\t\t\t<div class=\"cg-ser1-content\">\n    <div class=\"cg-ser1-tab-btn tx-tab-btn\">\n        <ul class=\"nav nav-tabs\" id=\"myTab\" role=\"tablist\">\n                            <li class=\"nav-item\" role=\"presentation\">\n                    <button class=\"nav-link active\" id=\"home-tab0\" data-bs-toggle=\"tab\" data-bs-target=\"#home0\" type=\"button\" role=\"tab\" aria-controls=\"home0\" aria-selected=\"true\">\n                        <div class=\"cg-ser-item-icon-text\">\n                            <span class=\"item-icon\">\n                                <i aria-hidden=\"true\" class=\"fas fa-check-square\"><\/i>                            <\/span>\n                            <span class=\"item-text\">About us<\/span>\n                        <\/div>\n                    <\/button>\n                <\/li>\n                            <li class=\"nav-item\" role=\"presentation\">\n                    <button class=\"nav-link\" id=\"home-tab1\" data-bs-toggle=\"tab\" data-bs-target=\"#home1\" type=\"button\" role=\"tab\" aria-controls=\"home1\" aria-selected=\"true\">\n                        <div class=\"cg-ser-item-icon-text\">\n                            <span class=\"item-icon\">\n                                <i aria-hidden=\"true\" class=\"fas fa-check-square\"><\/i>                            <\/span>\n                            <span class=\"item-text\">Our Mission<\/span>\n                        <\/div>\n                    <\/button>\n                <\/li>\n                            <li class=\"nav-item\" role=\"presentation\">\n                    <button class=\"nav-link\" id=\"home-tab2\" data-bs-toggle=\"tab\" data-bs-target=\"#home2\" type=\"button\" role=\"tab\" aria-controls=\"home2\" aria-selected=\"true\">\n                        <div class=\"cg-ser-item-icon-text\">\n                            <span class=\"item-icon\">\n                                <i aria-hidden=\"true\" class=\"fas fa-check-square\"><\/i>                            <\/span>\n                            <span class=\"item-text\">Our Vision<\/span>\n                        <\/div>\n                    <\/button>\n                <\/li>\n                    <\/ul>\n    <\/div>\n    <div class=\"cg-ser1-tab-content\">\n        <div class=\"tab-content\" id=\"nav-tabContent\">\n                        <div class=\"tab-pane animated fade fadeInUp show active\" id=\"home0\" role=\"tabpanel\">\n                <div class=\"cg-ser1-img-text\">\n                    <div class=\"item-img position-relative\">\n                                                    <div class=\"inner-img\">\n                                <img decoding=\"async\"  src=\"https:\/\/tag90.com\/wp-content\/uploads\/prd0.webp\" alt=\"\">\n                            <\/div>\n                                                                    <\/div>\n                    <div class=\"item-text pera-content ul-li-block\">\n                                                    <div class=\"inner-icon mb-10\">\n                                <img decoding=\"async\"  src=\"https:\/\/themexriver.com\/wp\/cargozen\/wp-content\/uploads\/2025\/04\/ic8.svg\" alt=\"\">\n                            <\/div>\n                                                                                                    <ul>\n                                                                    <li><i aria-hidden=\"true\" class=\"fas fa-check-circle\"><\/i> Based in Ankara, our company has achieved real success and excellence in its field of activity within a short period of time.<\/li>\n                                                                    <li><i aria-hidden=\"true\" class=\"fas fa-check-circle\"><\/i> Success and excellence stem from our company working in complete harmony with all other companies we do business with.<\/li>\n                                                                    <li><i aria-hidden=\"true\" class=\"fas fa-check-circle\"><\/i> Our company is one of the reputable companies that has made a name for itself with the trust it has earned from other companies it works with in both export and import.<\/li>\n                                                                    <li><i aria-hidden=\"true\" class=\"fas fa-check-circle\"><\/i> Our company, which plays an important role in trade with the Far East, has developed its trade with countries in the Far East, Middle East, and Europe. Today, as a result of joint efforts with many foreign trade companies on three continents, we provide reliable and honest services and supply goods on favorable terms to many companies, both manufacturers and direct sellers.<\/li>\n                                \n                            <\/ul>\n                                            <\/div>\n                    <div class=\"item-btn-client d-flex align-items-center\">\n                                                    <div class=\"cg-btn-1\">\n                                <a target=\"_blank\" rel=\"nofollow\" href=\"https:\/\/wa.me\/+905326642989\"><span>WhatApp \u0130leti\u015fim <i class=\"fa-brands fa-whatsapp\"><\/i><\/span><\/a>\n                            <\/div>\n                                                                    <\/div>\n                <\/div>\n            <\/div>\n                        <div class=\"tab-pane animated fade fadeInUp\" id=\"home1\" role=\"tabpanel\">\n                <div class=\"cg-ser1-img-text\">\n                    <div class=\"item-img position-relative\">\n                                                    <div class=\"inner-img\">\n                                <img decoding=\"async\"  src=\"https:\/\/tag90.com\/wp-content\/uploads\/prd0.webp\" alt=\"\">\n                            <\/div>\n                                                                    <\/div>\n                    <div class=\"item-text pera-content ul-li-block\">\n                                                    <div class=\"inner-icon mb-10\">\n                                <img decoding=\"async\"  src=\"https:\/\/themexriver.com\/wp\/cargozen\/wp-content\/uploads\/2025\/04\/ic8.svg\" alt=\"\">\n                            <\/div>\n                                                                                                    <ul>\n                                                                    <li><i aria-hidden=\"true\" class=\"fas fa-check-circle\"><\/i> We strive to maintain the highest level of customer satisfaction and provide high-quality products and services by offering creative and competitive solutions to our business partners, taking into account their changing needs. We aim to create, develop, and ensure the continuity of a workforce that will enable stable growth. We are an international trade consulting firm that prioritizes ethical values in our commercial activities, places customer satisfaction at the forefront, and delivers services that exceed expectations and meet contemporary standards.<\/li>\n                                \n                            <\/ul>\n                                            <\/div>\n                    <div class=\"item-btn-client d-flex align-items-center\">\n                                                    <div class=\"cg-btn-1\">\n                                <a target=\"_blank\" rel=\"nofollow\" href=\"https:\/\/wa.me\/+905326642989\"><span>WhatApp \u0130leti\u015fim <i class=\"fa-brands fa-whatsapp\"><\/i><\/span><\/a>\n                            <\/div>\n                                                                    <\/div>\n                <\/div>\n            <\/div>\n                        <div class=\"tab-pane animated fade fadeInUp\" id=\"home2\" role=\"tabpanel\">\n                <div class=\"cg-ser1-img-text\">\n                    <div class=\"item-img position-relative\">\n                                                    <div class=\"inner-img\">\n                                <img decoding=\"async\"  src=\"https:\/\/tag90.com\/wp-content\/uploads\/prd0.webp\" alt=\"\">\n                            <\/div>\n                                                                    <\/div>\n                    <div class=\"item-text pera-content ul-li-block\">\n                                                    <div class=\"inner-icon mb-10\">\n                                <img decoding=\"async\"  src=\"https:\/\/themexriver.com\/wp\/cargozen\/wp-content\/uploads\/2025\/04\/ic8.svg\" alt=\"\">\n                            <\/div>\n                                                                                                    <ul>\n                                                                    <li><i aria-hidden=\"true\" class=\"fas fa-check-circle\"><\/i> As Yavizing, we aim to be a leading company in the foreign trade and consulting sector that develops innovative solutions, designs and implements projects at an international level. Our goal is to closely follow high technology and current developments in order to provide our customers with the highest level of service and add value to our country. With our open structure that embraces continuous development and change, our fundamental principle is to provide our people with the quality service they deserve and to prioritize the satisfaction of our business partners.<\/li>\n                                \n                            <\/ul>\n                                            <\/div>\n                    <div class=\"item-btn-client d-flex align-items-center\">\n                                                    <div class=\"cg-btn-1\">\n                                <a target=\"_blank\" rel=\"nofollow\" href=\"https:\/\/wa.me\/+905326642989\"><span>WhatApp \u0130leti\u015fim <i class=\"fa-brands fa-whatsapp\"><\/i><\/span><\/a>\n                            <\/div>\n                                                                    <\/div>\n                <\/div>\n            <\/div>\n            \n        <\/div>\n    <\/div>\n<\/div>\t\t\t\t<\/div>\n\t\t\t\t<\/div>\n\t\t\t\t\t<\/div>\n\t\t<\/div>\n\t\t\t\t\t<\/div>\n\t\t<\/section>\n\t\t\t\t<\/div>","protected":false},"excerpt":{"rendered":"<p>Hakk\u0131m\u0131zda Misyonumuz Vizyonumuz Merkezi Ankara&#8217; da olmak \u00fczere faaliyete ge\u00e7en \u015firketimiz k\u0131sa zaman i\u00e7erisinde faaliyette bulundu\u011fu alanlar i\u00e7erisinde ger\u00e7ek ba\u015far\u0131y\u0131 ve m\u00fckemmelli\u011fi yakalam\u0131\u015ft\u0131r. Ba\u015far\u0131 ve m\u00fckemmellik \u015firketimizin i\u015f yapt\u0131\u011f\u0131 t\u00fcm di\u011fer firmalarla tam bir uyum i\u00e7erisinde \u00e7al\u0131\u015fmas\u0131ndan kaynaklanmaktad\u0131r. \u015eirketimiz gerek ihracat gerekse ithalatta birlikte i\u015f yapt\u0131\u011f\u0131 di\u011fer firmalara verdi\u011fi g\u00fcven ile ad\u0131ndan s\u00f6z ettiren sayg\u0131n [&hellip;]<\/p>","protected":false},"author":1,"featured_media":0,"parent":0,"menu_order":0,"comment_status":"closed","ping_status":"closed","template":"elementor_header_footer","meta":{"footnotes":""},"class_list":["post-1805","page","type-page","status-publish","hentry"],"_links":{"self":[{"href":"https:\/\/tag90.com\/en\/wp-json\/wp\/v2\/pages\/1805","targetHints":{"allow":["GET"]}}],"collection":[{"href":"https:\/\/tag90.com\/en\/wp-json\/wp\/v2\/pages"}],"about":[{"href":"https:\/\/tag90.com\/en\/wp-json\/wp\/v2\/types\/page"}],"author":[{"embeddable":true,"href":"https:\/\/tag90.com\/en\/wp-json\/wp\/v2\/users\/1"}],"replies":[{"embeddable":true,"href":"https:\/\/tag90.com\/en\/wp-json\/wp\/v2\/comments?post=1805"}],"version-history":[{"count":0,"href":"https:\/\/tag90.com\/en\/wp-json\/wp\/v2\/pages\/1805\/revisions"}],"wp:attachment":[{"href":"https:\/\/tag90.com\/en\/wp-json\/wp\/v2\/media?parent=1805"}],"curies":[{"name":"wp","href":"https:\/\/api.w.org\/{rel}","templated":true}]}}