{"id":2037,"date":"2025-07-20T20:24:29","date_gmt":"2025-07-20T17:24:29","guid":{"rendered":"https:\/\/tag90.com\/?page_id=2037"},"modified":"2025-08-12T13:16:26","modified_gmt":"2025-08-12T10:16:26","slug":"ithalat-danismanligi-eski","status":"publish","type":"page","link":"https:\/\/tag90.com\/en\/ithalat-danismanligi-eski\/","title":{"rendered":"\u0130thalat Dan\u0131\u015fmanl\u0131\u011f\u0131-eski"},"content":{"rendered":"<div data-elementor-type=\"wp-page\" data-elementor-id=\"2037\" class=\"elementor elementor-2037\">\n\t\t\t\t<div class=\"elementor-element elementor-element-859e042 e-flex e-con-boxed e-con e-parent\" data-id=\"859e042\" data-element_type=\"container\">\n\t\t\t\t\t<div class=\"e-con-inner\">\n\t\t<div class=\"elementor-element elementor-element-8d7e819 e-con-full e-flex e-con e-child\" data-id=\"8d7e819\" data-element_type=\"container\">\n\t\t\t\t<div class=\"elementor-element elementor-element-4a156ff elementor-widget elementor-widget-image\" data-id=\"4a156ff\" data-element_type=\"widget\" data-widget_type=\"image.default\">\n\t\t\t\t\t\t\t\t\t\t\t\t\t\t\t<img fetchpriority=\"high\" decoding=\"async\" width=\"640\" height=\"360\" src=\"https:\/\/tag90.com\/wp-content\/uploads\/download-1024x576.webp\" class=\"attachment-large size-large wp-image-2038\" alt=\"\" srcset=\"https:\/\/tag90.com\/wp-content\/uploads\/download-1024x576.webp 1024w, https:\/\/tag90.com\/wp-content\/uploads\/download-300x169.webp 300w, https:\/\/tag90.com\/wp-content\/uploads\/download-768x432.webp 768w, https:\/\/tag90.com\/wp-content\/uploads\/download.webp 1280w\" sizes=\"(max-width: 640px) 100vw, 640px\" \/>\t\t\t\t\t\t\t\t\t\t\t\t\t\t\t<\/div>\n\t\t\t\t<\/div>\n\t\t<div class=\"elementor-element elementor-element-ec15adc e-con-full e-flex e-con e-child\" data-id=\"ec15adc\" data-element_type=\"container\">\n\t\t<div class=\"elementor-element elementor-element-602bb60 e-con-full e-flex e-con e-child\" data-id=\"602bb60\" data-element_type=\"container\">\n\t\t\t\t<div class=\"elementor-element elementor-element-60e6c1f elementor-widget elementor-widget-text-editor\" data-id=\"60e6c1f\" data-element_type=\"widget\" data-widget_type=\"text-editor.default\">\n\t\t\t\t\t\t\t\t\t<h4><strong>Yavizing D\u0131\u015f Ticaret olarak, ithalat s\u00fcre\u00e7lerinizde g\u00fcvenilir ve profesyonel \u00e7\u00f6z\u00fcm orta\u011f\u0131n\u0131z olmay\u0131 hedefliyoruz. Uluslararas\u0131 ticaretin karma\u015f\u0131k yap\u0131s\u0131nda, \u00fcr\u00fcn tespitinden g\u00fcmr\u00fck i\u015flemlerine, lojistikten mevzuat takibine kadar t\u00fcm a\u015famalarda yan\u0131n\u0131zday\u0131z. Deneyimli ekibimizle, ithalat i\u015flemlerinizin h\u0131zl\u0131, sorunsuz ve mevzuata uygun \u015fekilde tamamlanmas\u0131n\u0131 sa\u011fl\u0131yoruz.<\/strong><\/h4>\t\t\t\t\t\t\t\t<\/div>\n\t\t\t\t<\/div>\n\t\t<div class=\"elementor-element elementor-element-fa951ee e-con-full e-flex e-con e-child\" data-id=\"fa951ee\" data-element_type=\"container\">\n\t\t\t\t<div class=\"elementor-element elementor-element-06b43c9 elementor-widget elementor-widget-cargozen-faq\" data-id=\"06b43c9\" data-element_type=\"widget\" data-widget_type=\"cargozen-faq.default\">\n\t\t\t\t<div class=\"elementor-widget-container\">\n\t\t\t\t\t<div class=\"cg-faq1-content d-flex align-items-center\">\n    <div class=\"cg-faq1-img-area\">\n                    <\/div>\n    <div class=\"cg-faq-accordion headline\">\n        <div class=\"accordion\" id=\"accordionExample_767467\">\n                        <div class=\"accordion-item wow fadeInUp\" >\n                <h2 class=\"accordion-header\" id=\"heading767467-53283b3\">\n                    <button class=\"accordion-button\" type=\"button\" data-bs-toggle=\"collapse\" data-bs-target=\"#collapse767467-53283b3\" aria-expanded=\"true\" aria-controls=\"collapse767467-53283b3\">\n                        <span>Import Process Management<\/span>\n                    <\/button>\n                <\/h2>\n                <div id=\"collapse767467-53283b3\" class=\"accordion-collapse collapse show\" aria-labelledby=\"heading767467-53283b3\" data-bs-parent=\"#accordionExample_767467\">\n                    <div class=\"accordion-body\">\n                        <div class=\"bi-faq-text pera-content\">\n                            Professional support at every stage of importation, including product selection, supplier research, and price analysis.                        <\/div>\n                    <\/div>\n                <\/div>\n            <\/div>\n                        <div class=\"accordion-item wow fadeInUp\" >\n                <h2 class=\"accordion-header\" id=\"heading767467-b08c3dc\">\n                    <button class=\"accordion-button collapsed\" type=\"button\" data-bs-toggle=\"collapse\" data-bs-target=\"#collapse767467-b08c3dc\" aria-expanded=\"true\" aria-controls=\"collapse767467-b08c3dc\">\n                        <span>Custom Consultancy<\/span>\n                    <\/button>\n                <\/h2>\n                <div id=\"collapse767467-b08c3dc\" class=\"accordion-collapse collapse\" aria-labelledby=\"heading767467-b08c3dc\" data-bs-parent=\"#accordionExample_767467\">\n                    <div class=\"accordion-body\">\n                        <div class=\"bi-faq-text pera-content\">\n                            Customs regulations, HS Code determination, obtaining necessary permits and documents, tracking customs procedures.                        <\/div>\n                    <\/div>\n                <\/div>\n            <\/div>\n                        <div class=\"accordion-item wow fadeInUp\" >\n                <h2 class=\"accordion-header\" id=\"heading767467-e3a5440\">\n                    <button class=\"accordion-button collapsed\" type=\"button\" data-bs-toggle=\"collapse\" data-bs-target=\"#collapse767467-e3a5440\" aria-expanded=\"true\" aria-controls=\"collapse767467-e3a5440\">\n                        <span>Cost and Risk Analysis<\/span>\n                    <\/button>\n                <\/h2>\n                <div id=\"collapse767467-e3a5440\" class=\"accordion-collapse collapse\" aria-labelledby=\"heading767467-e3a5440\" data-bs-parent=\"#accordionExample_767467\">\n                    <div class=\"accordion-body\">\n                        <div class=\"bi-faq-text pera-content\">\n                            Calculation of all items of product cost, determination of taxes and additional obligations, identification of risks in advance.                        <\/div>\n                    <\/div>\n                <\/div>\n            <\/div>\n                        <div class=\"accordion-item wow fadeInUp\" >\n                <h2 class=\"accordion-header\" id=\"heading767467-37e7c2c\">\n                    <button class=\"accordion-button collapsed\" type=\"button\" data-bs-toggle=\"collapse\" data-bs-target=\"#collapse767467-37e7c2c\" aria-expanded=\"true\" aria-controls=\"collapse767467-37e7c2c\">\n                        <span>Logistics and Transportation Solutions<\/span>\n                    <\/button>\n                <\/h2>\n                <div id=\"collapse767467-37e7c2c\" class=\"accordion-collapse collapse\" aria-labelledby=\"heading767467-37e7c2c\" data-bs-parent=\"#accordionExample_767467\">\n                    <div class=\"accordion-body\">\n                        <div class=\"bi-faq-text pera-content\">\n                            Selecting and tracking the most suitable transportation method from the product's origin to the delivery point.                        <\/div>\n                    <\/div>\n                <\/div>\n            <\/div>\n                        <div class=\"accordion-item wow fadeInUp\" >\n                <h2 class=\"accordion-header\" id=\"heading767467-f80a0c5\">\n                    <button class=\"accordion-button collapsed\" type=\"button\" data-bs-toggle=\"collapse\" data-bs-target=\"#collapse767467-f80a0c5\" aria-expanded=\"true\" aria-controls=\"collapse767467-f80a0c5\">\n                        <span>Regulatory and Standards Monitoring<\/span>\n                    <\/button>\n                <\/h2>\n                <div id=\"collapse767467-f80a0c5\" class=\"accordion-collapse collapse\" aria-labelledby=\"heading767467-f80a0c5\" data-bs-parent=\"#accordionExample_767467\">\n                    <div class=\"accordion-body\">\n                        <div class=\"bi-faq-text pera-content\">\n                            Monitoring current legislation, quotas, bans, and standards related to imported products, and managing the necessary certification processes.                        <\/div>\n                    <\/div>\n                <\/div>\n            <\/div>\n                        <div class=\"accordion-item wow fadeInUp\" >\n                <h2 class=\"accordion-header\" id=\"heading767467-94ef0cb\">\n                    <button class=\"accordion-button collapsed\" type=\"button\" data-bs-toggle=\"collapse\" data-bs-target=\"#collapse767467-94ef0cb\" aria-expanded=\"true\" aria-controls=\"collapse767467-94ef0cb\">\n                        <span>Seller and Supplier Communication<\/span>\n                    <\/button>\n                <\/h2>\n                <div id=\"collapse767467-94ef0cb\" class=\"accordion-collapse collapse\" aria-labelledby=\"heading767467-94ef0cb\" data-bs-parent=\"#accordionExample_767467\">\n                    <div class=\"accordion-body\">\n                        <div class=\"bi-faq-text pera-content\">\n                            Communication with foreign suppliers, management of quotation and contract processes.                        <\/div>\n                    <\/div>\n                <\/div>\n            <\/div>\n                        <div class=\"accordion-item wow fadeInUp\" >\n                <h2 class=\"accordion-header\" id=\"heading767467-74b2bc3\">\n                    <button class=\"accordion-button collapsed\" type=\"button\" data-bs-toggle=\"collapse\" data-bs-target=\"#collapse767467-74b2bc3\" aria-expanded=\"true\" aria-controls=\"collapse767467-74b2bc3\">\n                        <span>After-Sales Support<\/span>\n                    <\/button>\n                <\/h2>\n                <div id=\"collapse767467-74b2bc3\" class=\"accordion-collapse collapse\" aria-labelledby=\"heading767467-74b2bc3\" data-bs-parent=\"#accordionExample_767467\">\n                    <div class=\"accordion-body\">\n                        <div class=\"bi-faq-text pera-content\">\n                            Consultancy services for after-sales service, spare parts, and warranty processes for imported products.                        <\/div>\n                    <\/div>\n                <\/div>\n            <\/div>\n                    <\/div>\n    <\/div>\n<\/div>\t\t\t\t<\/div>\n\t\t\t\t<\/div>\n\t\t\t\t<\/div>\n\t\t\t\t<\/div>\n\t\t\t\t\t<\/div>\n\t\t\t\t<\/div>\n\t\t<div class=\"elementor-element elementor-element-df3d367 e-flex e-con-boxed e-con e-parent\" data-id=\"df3d367\" data-element_type=\"container\">\n\t\t\t\t\t<div class=\"e-con-inner\">\n\t\t\t\t<div class=\"elementor-element elementor-element-5ce56c1 elementor-widget elementor-widget-wk-infobox-item\" data-id=\"5ce56c1\" data-element_type=\"widget\" data-widget_type=\"wk-infobox-item.default\">\n\t\t\t\t<div class=\"elementor-widget-container\">\n\t\t\t\t\t<div class=\"cg-step1-content\">\n    <div class=\"row justify-content-center\">\n                <div class=\"col-lg-4 col-md-6\">\n            <div class=\"cg-step1-item-wrap\">\n                <div class=\"cg-step1-item position-relative\">\n                    <span class=\"item-arrow d-flex align-items-center justify-content-center\"><i class=\"fa-solid fa-arrow-right\"><\/i><\/span>\n                                        <div class=\"item-text headline pera-content\">\n                                                    <h3>Why Yavizing?                        <\/h3>\n                                                                            <p>Yavizing D\u0131\u015f Ticaret olarak, her sekt\u00f6rden m\u00fc\u015fterimize \u00f6zel \u00e7\u00f6z\u00fcmler sunuyor, ithalat i\u015flemlerinizin her a\u015famas\u0131nda \u015feffaf, h\u0131zl\u0131 ve g\u00fcvenilir hizmet sa\u011fl\u0131yoruz. Amac\u0131m\u0131z, i\u015finizi b\u00fcy\u00fct\u00fcrken uluslararas\u0131 ticaretin t\u00fcm avantajlar\u0131ndan en verimli \u015fekilde yararlanman\u0131z\u0131 sa\u011flamak.\n\u0130thalat s\u00fcre\u00e7lerinizde profesyonel destek almak ve detayl\u0131 bilgi i\u00e7in bizimle ileti\u015fime ge\u00e7ebilirsiniz.\n<\/p>\n                                            <\/div>\n                <\/div>\n                            <\/div>\n        <\/div>\n            <\/div>\n<\/div>\t\t\t\t<\/div>\n\t\t\t\t<\/div>\n\t\t\t\t\t<\/div>\n\t\t\t\t<\/div>\n\t\t\t\t<\/div>","protected":false},"excerpt":{"rendered":"<p>Yavizing D\u0131\u015f Ticaret olarak, ithalat s\u00fcre\u00e7lerinizde g\u00fcvenilir ve profesyonel \u00e7\u00f6z\u00fcm orta\u011f\u0131n\u0131z olmay\u0131 hedefliyoruz. Uluslararas\u0131 ticaretin karma\u015f\u0131k yap\u0131s\u0131nda, \u00fcr\u00fcn tespitinden g\u00fcmr\u00fck i\u015flemlerine, lojistikten mevzuat takibine kadar t\u00fcm a\u015famalarda yan\u0131n\u0131zday\u0131z. Deneyimli ekibimizle, ithalat i\u015flemlerinizin h\u0131zl\u0131, sorunsuz ve mevzuata uygun \u015fekilde tamamlanmas\u0131n\u0131 sa\u011fl\u0131yoruz. \u0130thalat S\u00fcre\u00e7 Y\u00f6netimi \u00dcr\u00fcn se\u00e7imi, tedarik\u00e7i ara\u015ft\u0131rmas\u0131 ve fiyat analizi dahil olmak \u00fczere ithalat\u0131n her [&hellip;]<\/p>","protected":false},"author":1,"featured_media":0,"parent":0,"menu_order":0,"comment_status":"closed","ping_status":"closed","template":"","meta":{"footnotes":""},"class_list":["post-2037","page","type-page","status-publish","hentry"],"_links":{"self":[{"href":"https:\/\/tag90.com\/en\/wp-json\/wp\/v2\/pages\/2037","targetHints":{"allow":["GET"]}}],"collection":[{"href":"https:\/\/tag90.com\/en\/wp-json\/wp\/v2\/pages"}],"about":[{"href":"https:\/\/tag90.com\/en\/wp-json\/wp\/v2\/types\/page"}],"author":[{"embeddable":true,"href":"https:\/\/tag90.com\/en\/wp-json\/wp\/v2\/users\/1"}],"replies":[{"embeddable":true,"href":"https:\/\/tag90.com\/en\/wp-json\/wp\/v2\/comments?post=2037"}],"version-history":[{"count":0,"href":"https:\/\/tag90.com\/en\/wp-json\/wp\/v2\/pages\/2037\/revisions"}],"wp:attachment":[{"href":"https:\/\/tag90.com\/en\/wp-json\/wp\/v2\/media?parent=2037"}],"curies":[{"name":"wp","href":"https:\/\/api.w.org\/{rel}","templated":true}]}}