{"id":2046,"date":"2025-07-20T20:43:11","date_gmt":"2025-07-20T17:43:11","guid":{"rendered":"https:\/\/tag90.com\/?page_id=2046"},"modified":"2025-08-12T13:17:01","modified_gmt":"2025-08-12T10:17:01","slug":"ihracat-danismanligi-eski","status":"publish","type":"page","link":"https:\/\/tag90.com\/en\/ihracat-danismanligi-eski\/","title":{"rendered":"\u0130hracat Dan\u0131\u015fmanl\u0131\u011f\u0131 eski"},"content":{"rendered":"<div data-elementor-type=\"wp-page\" data-elementor-id=\"2046\" class=\"elementor elementor-2046\">\n\t\t\t\t<div class=\"elementor-element elementor-element-859e042 e-flex e-con-boxed e-con e-parent\" data-id=\"859e042\" data-element_type=\"container\">\n\t\t\t\t\t<div class=\"e-con-inner\">\n\t\t<div class=\"elementor-element elementor-element-8d7e819 e-con-full e-flex e-con e-child\" data-id=\"8d7e819\" data-element_type=\"container\">\n\t\t\t\t<div class=\"elementor-element elementor-element-4a156ff elementor-widget elementor-widget-image\" data-id=\"4a156ff\" data-element_type=\"widget\" data-widget_type=\"image.default\">\n\t\t\t\t\t\t\t\t\t\t\t\t\t\t\t<img fetchpriority=\"high\" decoding=\"async\" width=\"640\" height=\"360\" src=\"https:\/\/tag90.com\/wp-content\/uploads\/download-2-1024x576.webp\" class=\"attachment-large size-large wp-image-2048\" alt=\"\" srcset=\"https:\/\/tag90.com\/wp-content\/uploads\/download-2-1024x576.webp 1024w, https:\/\/tag90.com\/wp-content\/uploads\/download-2-300x169.webp 300w, https:\/\/tag90.com\/wp-content\/uploads\/download-2-768x432.webp 768w, https:\/\/tag90.com\/wp-content\/uploads\/download-2.webp 1280w\" sizes=\"(max-width: 640px) 100vw, 640px\" \/>\t\t\t\t\t\t\t\t\t\t\t\t\t\t\t<\/div>\n\t\t\t\t<\/div>\n\t\t<div class=\"elementor-element elementor-element-ec15adc e-con-full e-flex e-con e-child\" data-id=\"ec15adc\" data-element_type=\"container\">\n\t\t<div class=\"elementor-element elementor-element-602bb60 e-con-full e-flex e-con e-child\" data-id=\"602bb60\" data-element_type=\"container\">\n\t\t\t\t<div class=\"elementor-element elementor-element-60e6c1f elementor-widget elementor-widget-text-editor\" data-id=\"60e6c1f\" data-element_type=\"widget\" data-widget_type=\"text-editor.default\">\n\t\t\t\t\t\t\t\t\t<h4>Yavizing D\u0131\u015f Ticaret olarak, \u00fcr\u00fcnlerinizi uluslararas\u0131 pazarlara g\u00fcvenle a\u00e7man\u0131z i\u00e7in kapsaml\u0131 ihracat dan\u0131\u015fmanl\u0131\u011f\u0131 hizmetleri sunuyoruz. K\u00fcresel ticaretin dinamik yap\u0131s\u0131nda, ihracat s\u00fcre\u00e7lerinizin her a\u015famas\u0131nda yan\u0131n\u0131zda olarak, markan\u0131z\u0131 ve \u00fcr\u00fcnlerinizi d\u00fcnya ile bulu\u015fturuyoruz. Deneyimli ekibimizle, hedef pazar analizi, mevzuat takibi, lojistik planlama ve sat\u0131\u015f sonras\u0131 destek gibi t\u00fcm ad\u0131mlarda profesyonel \u00e7\u00f6z\u00fcmler sa\u011fl\u0131yoruz.<\/h4>\t\t\t\t\t\t\t\t<\/div>\n\t\t\t\t<\/div>\n\t\t<div class=\"elementor-element elementor-element-fa951ee e-con-full e-flex e-con e-child\" data-id=\"fa951ee\" data-element_type=\"container\">\n\t\t\t\t<div class=\"elementor-element elementor-element-06b43c9 elementor-widget elementor-widget-cargozen-faq\" data-id=\"06b43c9\" data-element_type=\"widget\" data-widget_type=\"cargozen-faq.default\">\n\t\t\t\t<div class=\"elementor-widget-container\">\n\t\t\t\t\t<div class=\"cg-faq1-content d-flex align-items-center\">\n    <div class=\"cg-faq1-img-area\">\n                    <\/div>\n    <div class=\"cg-faq-accordion headline\">\n        <div class=\"accordion\" id=\"accordionExample_953509\">\n                        <div class=\"accordion-item wow fadeInUp\" >\n                <h2 class=\"accordion-header\" id=\"heading953509-53283b3\">\n                    <button class=\"accordion-button\" type=\"button\" data-bs-toggle=\"collapse\" data-bs-target=\"#collapse953509-53283b3\" aria-expanded=\"true\" aria-controls=\"collapse953509-53283b3\">\n                        <span>Market Research and Target Market Analysis<\/span>\n                    <\/button>\n                <\/h2>\n                <div id=\"collapse953509-53283b3\" class=\"accordion-collapse collapse show\" aria-labelledby=\"heading953509-53283b3\" data-bs-parent=\"#accordionExample_953509\">\n                    <div class=\"accordion-body\">\n                        <div class=\"bi-faq-text pera-content\">\n                            Identifying the most suitable international markets for your products, conducting potential customer and competitor analyses.                        <\/div>\n                    <\/div>\n                <\/div>\n            <\/div>\n                        <div class=\"accordion-item wow fadeInUp\" >\n                <h2 class=\"accordion-header\" id=\"heading953509-b08c3dc\">\n                    <button class=\"accordion-button collapsed\" type=\"button\" data-bs-toggle=\"collapse\" data-bs-target=\"#collapse953509-b08c3dc\" aria-expanded=\"true\" aria-controls=\"collapse953509-b08c3dc\">\n                        <span>Export Regulations and Certification<\/span>\n                    <\/button>\n                <\/h2>\n                <div id=\"collapse953509-b08c3dc\" class=\"accordion-collapse collapse\" aria-labelledby=\"heading953509-b08c3dc\" data-bs-parent=\"#accordionExample_953509\">\n                    <div class=\"accordion-body\">\n                        <div class=\"bi-faq-text pera-content\">\n                            Monitoring current export regulations by country and product, obtaining necessary permits, certificates, and documents.                        <\/div>\n                    <\/div>\n                <\/div>\n            <\/div>\n                        <div class=\"accordion-item wow fadeInUp\" >\n                <h2 class=\"accordion-header\" id=\"heading953509-e3a5440\">\n                    <button class=\"accordion-button collapsed\" type=\"button\" data-bs-toggle=\"collapse\" data-bs-target=\"#collapse953509-e3a5440\" aria-expanded=\"true\" aria-controls=\"collapse953509-e3a5440\">\n                        <span>Customs and Logistics Consulting<\/span>\n                    <\/button>\n                <\/h2>\n                <div id=\"collapse953509-e3a5440\" class=\"accordion-collapse collapse\" aria-labelledby=\"heading953509-e3a5440\" data-bs-parent=\"#accordionExample_953509\">\n                    <div class=\"accordion-body\">\n                        <div class=\"bi-faq-text pera-content\">\n                            Management of customs procedures, provision of the most suitable logistics and transportation solutions.                        <\/div>\n                    <\/div>\n                <\/div>\n            <\/div>\n                        <div class=\"accordion-item wow fadeInUp\" >\n                <h2 class=\"accordion-header\" id=\"heading953509-37e7c2c\">\n                    <button class=\"accordion-button collapsed\" type=\"button\" data-bs-toggle=\"collapse\" data-bs-target=\"#collapse953509-37e7c2c\" aria-expanded=\"true\" aria-controls=\"collapse953509-37e7c2c\">\n                        <span>Commercial Contract and Offer Preparation<\/span>\n                    <\/button>\n                <\/h2>\n                <div id=\"collapse953509-37e7c2c\" class=\"accordion-collapse collapse\" aria-labelledby=\"heading953509-37e7c2c\" data-bs-parent=\"#accordionExample_953509\">\n                    <div class=\"accordion-body\">\n                        <div class=\"bi-faq-text pera-content\">\n                            Management of contract processes with foreign buyers, quotation and pricing support.                        <\/div>\n                    <\/div>\n                <\/div>\n            <\/div>\n                        <div class=\"accordion-item wow fadeInUp\" >\n                <h2 class=\"accordion-header\" id=\"heading953509-f80a0c5\">\n                    <button class=\"accordion-button collapsed\" type=\"button\" data-bs-toggle=\"collapse\" data-bs-target=\"#collapse953509-f80a0c5\" aria-expanded=\"true\" aria-controls=\"collapse953509-f80a0c5\">\n                        <span>Government Incentives and Support<\/span>\n                    <\/button>\n                <\/h2>\n                <div id=\"collapse953509-f80a0c5\" class=\"accordion-collapse collapse\" aria-labelledby=\"heading953509-f80a0c5\" data-bs-parent=\"#accordionExample_953509\">\n                    <div class=\"accordion-body\">\n                        <div class=\"bi-faq-text pera-content\">\n                            Information and application consultancy on government incentives, grants, and support programs for export companies.                        <\/div>\n                    <\/div>\n                <\/div>\n            <\/div>\n                        <div class=\"accordion-item wow fadeInUp\" >\n                <h2 class=\"accordion-header\" id=\"heading953509-94ef0cb\">\n                    <button class=\"accordion-button collapsed\" type=\"button\" data-bs-toggle=\"collapse\" data-bs-target=\"#collapse953509-94ef0cb\" aria-expanded=\"true\" aria-controls=\"collapse953509-94ef0cb\">\n                        <span>After-Sales Support<\/span>\n                    <\/button>\n                <\/h2>\n                <div id=\"collapse953509-94ef0cb\" class=\"accordion-collapse collapse\" aria-labelledby=\"heading953509-94ef0cb\" data-bs-parent=\"#accordionExample_953509\">\n                    <div class=\"accordion-body\">\n                        <div class=\"bi-faq-text pera-content\">\n                            Consultancy on post-export customer relationship management, warranty and service processes.                        <\/div>\n                    <\/div>\n                <\/div>\n            <\/div>\n                        <div class=\"accordion-item wow fadeInUp\" >\n                <h2 class=\"accordion-header\" id=\"heading953509-74b2bc3\">\n                    <button class=\"accordion-button collapsed\" type=\"button\" data-bs-toggle=\"collapse\" data-bs-target=\"#collapse953509-74b2bc3\" aria-expanded=\"true\" aria-controls=\"collapse953509-74b2bc3\">\n                        <span>Digital Marketing and E-Exporting<\/span>\n                    <\/button>\n                <\/h2>\n                <div id=\"collapse953509-74b2bc3\" class=\"accordion-collapse collapse\" aria-labelledby=\"heading953509-74b2bc3\" data-bs-parent=\"#accordionExample_953509\">\n                    <div class=\"accordion-body\">\n                        <div class=\"bi-faq-text pera-content\">\n                            Promotion of your products on digital platforms, management of e-export processes.                        <\/div>\n                    <\/div>\n                <\/div>\n            <\/div>\n                    <\/div>\n    <\/div>\n<\/div>\t\t\t\t<\/div>\n\t\t\t\t<\/div>\n\t\t\t\t<\/div>\n\t\t\t\t<\/div>\n\t\t\t\t\t<\/div>\n\t\t\t\t<\/div>\n\t\t<div class=\"elementor-element elementor-element-df3d367 e-flex e-con-boxed e-con e-parent\" data-id=\"df3d367\" data-element_type=\"container\">\n\t\t\t\t\t<div class=\"e-con-inner\">\n\t\t\t\t<div class=\"elementor-element elementor-element-5ce56c1 elementor-widget elementor-widget-wk-infobox-item\" data-id=\"5ce56c1\" data-element_type=\"widget\" data-widget_type=\"wk-infobox-item.default\">\n\t\t\t\t<div class=\"elementor-widget-container\">\n\t\t\t\t\t<div class=\"cg-step1-content\">\n    <div class=\"row justify-content-center\">\n                <div class=\"col-lg-4 col-md-6\">\n            <div class=\"cg-step1-item-wrap\">\n                <div class=\"cg-step1-item position-relative\">\n                    <span class=\"item-arrow d-flex align-items-center justify-content-center\"><i class=\"fa-solid fa-arrow-right\"><\/i><\/span>\n                                        <div class=\"item-text headline pera-content\">\n                                                    <h3>Why Yavizing?                        <\/h3>\n                                                                            <p>Yavizing D\u0131\u015f Ticaret olarak, ihracat s\u00fcre\u00e7lerinizde kar\u015f\u0131la\u015fabilece\u011finiz t\u00fcm zorluklar\u0131 profesyonel ekibimizle a\u015fman\u0131za yard\u0131mc\u0131 oluyoruz. Hedef pazar se\u00e7iminden, g\u00fcmr\u00fck i\u015flemlerine ve sat\u0131\u015f sonras\u0131 deste\u011fe kadar her a\u015famada yan\u0131n\u0131zda olarak, \u00fcr\u00fcnlerinizin uluslararas\u0131 pazarlarda rekabet\u00e7i ve s\u00fcrd\u00fcr\u00fclebilir bir \u015fekilde yer almas\u0131n\u0131 sa\u011fl\u0131yoruz. \n\n\u0130hracat\u0131n\u0131z\u0131 b\u00fcy\u00fctmek ve yeni pazarlara a\u00e7\u0131lmak i\u00e7in bizimle ileti\u015fime ge\u00e7in; i\u015finizi birlikte d\u00fcnyaya ta\u015f\u0131yal\u0131m.\n<\/p>\n                                            <\/div>\n                <\/div>\n                            <\/div>\n        <\/div>\n            <\/div>\n<\/div>\t\t\t\t<\/div>\n\t\t\t\t<\/div>\n\t\t\t\t\t<\/div>\n\t\t\t\t<\/div>\n\t\t\t\t<\/div>","protected":false},"excerpt":{"rendered":"<p>Yavizing D\u0131\u015f Ticaret olarak, \u00fcr\u00fcnlerinizi uluslararas\u0131 pazarlara g\u00fcvenle a\u00e7man\u0131z i\u00e7in kapsaml\u0131 ihracat dan\u0131\u015fmanl\u0131\u011f\u0131 hizmetleri sunuyoruz. K\u00fcresel ticaretin dinamik yap\u0131s\u0131nda, ihracat s\u00fcre\u00e7lerinizin her a\u015famas\u0131nda yan\u0131n\u0131zda olarak, markan\u0131z\u0131 ve \u00fcr\u00fcnlerinizi d\u00fcnya ile bulu\u015fturuyoruz. Deneyimli ekibimizle, hedef pazar analizi, mevzuat takibi, lojistik planlama ve sat\u0131\u015f sonras\u0131 destek gibi t\u00fcm ad\u0131mlarda profesyonel \u00e7\u00f6z\u00fcmler sa\u011fl\u0131yoruz. Pazar Ara\u015ft\u0131rmas\u0131 ve Hedef Pazar [&hellip;]<\/p>","protected":false},"author":1,"featured_media":0,"parent":0,"menu_order":0,"comment_status":"closed","ping_status":"closed","template":"","meta":{"footnotes":""},"class_list":["post-2046","page","type-page","status-publish","hentry"],"_links":{"self":[{"href":"https:\/\/tag90.com\/en\/wp-json\/wp\/v2\/pages\/2046","targetHints":{"allow":["GET"]}}],"collection":[{"href":"https:\/\/tag90.com\/en\/wp-json\/wp\/v2\/pages"}],"about":[{"href":"https:\/\/tag90.com\/en\/wp-json\/wp\/v2\/types\/page"}],"author":[{"embeddable":true,"href":"https:\/\/tag90.com\/en\/wp-json\/wp\/v2\/users\/1"}],"replies":[{"embeddable":true,"href":"https:\/\/tag90.com\/en\/wp-json\/wp\/v2\/comments?post=2046"}],"version-history":[{"count":0,"href":"https:\/\/tag90.com\/en\/wp-json\/wp\/v2\/pages\/2046\/revisions"}],"wp:attachment":[{"href":"https:\/\/tag90.com\/en\/wp-json\/wp\/v2\/media?parent=2046"}],"curies":[{"name":"wp","href":"https:\/\/api.w.org\/{rel}","templated":true}]}}