{"id":2052,"date":"2025-07-20T20:54:43","date_gmt":"2025-07-20T17:54:43","guid":{"rendered":"https:\/\/tag90.com\/?page_id=2052"},"modified":"2025-08-12T13:16:12","modified_gmt":"2025-08-12T10:16:12","slug":"gumruk-danismanligi-eski","status":"publish","type":"page","link":"https:\/\/tag90.com\/en\/gumruk-danismanligi-eski\/","title":{"rendered":"G\u00fcmr\u00fck Dan\u0131\u015fmanl\u0131\u011f\u0131 eski"},"content":{"rendered":"<div data-elementor-type=\"wp-page\" data-elementor-id=\"2052\" class=\"elementor elementor-2052\">\n\t\t\t\t<div class=\"elementor-element elementor-element-859e042 e-flex e-con-boxed e-con e-parent\" data-id=\"859e042\" data-element_type=\"container\">\n\t\t\t\t\t<div class=\"e-con-inner\">\n\t\t<div class=\"elementor-element elementor-element-8d7e819 e-con-full e-flex e-con e-child\" data-id=\"8d7e819\" data-element_type=\"container\">\n\t\t\t\t<div class=\"elementor-element elementor-element-4a156ff elementor-widget elementor-widget-image\" data-id=\"4a156ff\" data-element_type=\"widget\" data-widget_type=\"image.default\">\n\t\t\t\t\t\t\t\t\t\t\t\t\t\t\t<img fetchpriority=\"high\" decoding=\"async\" width=\"640\" height=\"427\" src=\"https:\/\/tag90.com\/wp-content\/uploads\/download-1-1024x683.png\" class=\"attachment-large size-large wp-image-2054\" alt=\"\" srcset=\"https:\/\/tag90.com\/wp-content\/uploads\/download-1-1024x683.png 1024w, https:\/\/tag90.com\/wp-content\/uploads\/download-1-300x200.png 300w, https:\/\/tag90.com\/wp-content\/uploads\/download-1-768x512.png 768w, https:\/\/tag90.com\/wp-content\/uploads\/download-1.png 1536w\" sizes=\"(max-width: 640px) 100vw, 640px\" \/>\t\t\t\t\t\t\t\t\t\t\t\t\t\t\t<\/div>\n\t\t\t\t<\/div>\n\t\t<div class=\"elementor-element elementor-element-ec15adc e-con-full e-flex e-con e-child\" data-id=\"ec15adc\" data-element_type=\"container\">\n\t\t<div class=\"elementor-element elementor-element-602bb60 e-con-full e-flex e-con e-child\" data-id=\"602bb60\" data-element_type=\"container\">\n\t\t\t\t<div class=\"elementor-element elementor-element-60e6c1f elementor-widget elementor-widget-text-editor\" data-id=\"60e6c1f\" data-element_type=\"widget\" data-widget_type=\"text-editor.default\">\n\t\t\t\t\t\t\t\t\t<h4>D\u0131\u015f Ticarette G\u00fcmr\u00fckte Fark Yarat\u0131n<\/h4><p class=\"first:mt-1.5\">G\u00fcmr\u00fck i\u015flemleri, d\u0131\u015f ticaretin en kritik ve hassas a\u015famalar\u0131ndan biridir. Yavizing D\u0131\u015f Ticaret olarak, ithalat ve ihracat s\u00fcre\u00e7lerinizde kar\u015f\u0131la\u015fabilece\u011finiz t\u00fcm g\u00fcmr\u00fck i\u015flemlerinde profesyonel dan\u0131\u015fmanl\u0131k hizmeti sunuyoruz. Alan\u0131nda uzman ekibimizle, \u00fcr\u00fcnlerinizin g\u00fcmr\u00fckten h\u0131zl\u0131, sorunsuz ve mevzuata uygun \u015fekilde ge\u00e7mesini sa\u011fl\u0131yoruz.<\/p><p class=\"first:mt-1.5\">G\u00fcmr\u00fck mevzuat\u0131 ve uygulamalar\u0131 s\u00fcrekli de\u011fi\u015fmekte olup, do\u011fru bilgiye ve deneyimli bir dan\u0131\u015fmana sahip olmak b\u00fcy\u00fck \u00f6nem ta\u015f\u0131r. Yavizing D\u0131\u015f Ticaret, belge haz\u0131rl\u0131\u011f\u0131ndan GTIP tespitine, gerekli izin ve muafiyetlerin al\u0131nmas\u0131ndan g\u00fcmr\u00fck beyannamesi d\u00fczenlenmesine kadar t\u00fcm s\u00fcre\u00e7lerde size rehberlik eder. Ayr\u0131ca, ithalat ve ihracat i\u015flemlerinizde kar\u015f\u0131la\u015fabilece\u011finiz riskleri \u00f6nceden tespit ederek, zaman ve maliyet kay\u0131plar\u0131n\u0131n \u00f6n\u00fcne ge\u00e7menizi sa\u011flar.<\/p><p class=\"first:mt-1.5\">G\u00fcmr\u00fck dan\u0131\u015fmanl\u0131\u011f\u0131 hizmetlerimizle, d\u0131\u015f ticaret i\u015flemlerinizde g\u00fcvenli, h\u0131zl\u0131 ve etkin \u00e7\u00f6z\u00fcmler sunuyor; i\u015finizi uluslararas\u0131 standartlarda b\u00fcy\u00fctmenize destek oluyoruz.<\/p><p>\u00a0<\/p>\t\t\t\t\t\t\t\t<\/div>\n\t\t\t\t<\/div>\n\t\t<div class=\"elementor-element elementor-element-fa951ee e-con-full e-flex e-con e-child\" data-id=\"fa951ee\" data-element_type=\"container\">\n\t\t\t\t<\/div>\n\t\t\t\t<\/div>\n\t\t\t\t\t<\/div>\n\t\t\t\t<\/div>\n\t\t<div class=\"elementor-element elementor-element-df3d367 e-flex e-con-boxed e-con e-parent\" data-id=\"df3d367\" data-element_type=\"container\">\n\t\t\t\t\t<div class=\"e-con-inner\">\n\t\t\t\t<div class=\"elementor-element elementor-element-5ce56c1 elementor-widget elementor-widget-wk-infobox-item\" data-id=\"5ce56c1\" data-element_type=\"widget\" data-widget_type=\"wk-infobox-item.default\">\n\t\t\t\t<div class=\"elementor-widget-container\">\n\t\t\t\t\t<div class=\"cg-step1-content\">\n    <div class=\"row justify-content-center\">\n                <div class=\"col-lg-4 col-md-6\">\n            <div class=\"cg-step1-item-wrap\">\n                <div class=\"cg-step1-item position-relative\">\n                    <span class=\"item-arrow d-flex align-items-center justify-content-center\"><i class=\"fa-solid fa-arrow-right\"><\/i><\/span>\n                                        <div class=\"item-text headline pera-content\">\n                                                    <h3>Why Yavizing?                        <\/h3>\n                                                                            <p>\u00c7\u00fcnk\u00fc Yavizing D\u0131\u015f Ticaret, g\u00fcmr\u00fck i\u015flemlerinizin her a\u015famas\u0131nda size h\u0131z, g\u00fcven ve uzmanl\u0131k sunar. Alan\u0131nda deneyimli ekibimizle, s\u00fcrekli de\u011fi\u015fen mevzuat\u0131 yak\u0131ndan takip eder, i\u015flemlerinizin sorunsuz ve mevzuata uygun \u015fekilde tamamlanmas\u0131n\u0131 sa\u011flar\u0131z. Her m\u00fc\u015fterimize \u00f6zel \u00e7\u00f6z\u00fcmler geli\u015ftirir, zaman ve maliyet kay\u0131plar\u0131n\u0131n \u00f6n\u00fcne ge\u00e7eriz. \u015eeffaf ileti\u015fim, g\u00fcncel bilgi ve profesyonel yakla\u015f\u0131m\u0131m\u0131zla, i\u015finizi uluslararas\u0131 standartlarda b\u00fcy\u00fctmenize destek oluruz. G\u00fcmr\u00fckte g\u00fcvenli ve h\u0131zl\u0131 ge\u00e7i\u015fin anahtar\u0131 Yavizing\u2019de!<\/p>\n                                            <\/div>\n                <\/div>\n                            <\/div>\n        <\/div>\n            <\/div>\n<\/div>\t\t\t\t<\/div>\n\t\t\t\t<\/div>\n\t\t\t\t\t<\/div>\n\t\t\t\t<\/div>\n\t\t\t\t<\/div>","protected":false},"excerpt":{"rendered":"<p>D\u0131\u015f Ticarette G\u00fcmr\u00fckte Fark Yarat\u0131n G\u00fcmr\u00fck i\u015flemleri, d\u0131\u015f ticaretin en kritik ve hassas a\u015famalar\u0131ndan biridir. Yavizing D\u0131\u015f Ticaret olarak, ithalat ve ihracat s\u00fcre\u00e7lerinizde kar\u015f\u0131la\u015fabilece\u011finiz t\u00fcm g\u00fcmr\u00fck i\u015flemlerinde profesyonel dan\u0131\u015fmanl\u0131k hizmeti sunuyoruz. Alan\u0131nda uzman ekibimizle, \u00fcr\u00fcnlerinizin g\u00fcmr\u00fckten h\u0131zl\u0131, sorunsuz ve mevzuata uygun \u015fekilde ge\u00e7mesini sa\u011fl\u0131yoruz. G\u00fcmr\u00fck mevzuat\u0131 ve uygulamalar\u0131 s\u00fcrekli de\u011fi\u015fmekte olup, do\u011fru bilgiye ve deneyimli [&hellip;]<\/p>","protected":false},"author":1,"featured_media":0,"parent":0,"menu_order":0,"comment_status":"closed","ping_status":"closed","template":"","meta":{"footnotes":""},"class_list":["post-2052","page","type-page","status-publish","hentry"],"_links":{"self":[{"href":"https:\/\/tag90.com\/en\/wp-json\/wp\/v2\/pages\/2052","targetHints":{"allow":["GET"]}}],"collection":[{"href":"https:\/\/tag90.com\/en\/wp-json\/wp\/v2\/pages"}],"about":[{"href":"https:\/\/tag90.com\/en\/wp-json\/wp\/v2\/types\/page"}],"author":[{"embeddable":true,"href":"https:\/\/tag90.com\/en\/wp-json\/wp\/v2\/users\/1"}],"replies":[{"embeddable":true,"href":"https:\/\/tag90.com\/en\/wp-json\/wp\/v2\/comments?post=2052"}],"version-history":[{"count":0,"href":"https:\/\/tag90.com\/en\/wp-json\/wp\/v2\/pages\/2052\/revisions"}],"wp:attachment":[{"href":"https:\/\/tag90.com\/en\/wp-json\/wp\/v2\/media?parent=2052"}],"curies":[{"name":"wp","href":"https:\/\/api.w.org\/{rel}","templated":true}]}}