{"id":2187,"date":"2025-07-21T12:40:44","date_gmt":"2025-07-21T09:40:44","guid":{"rendered":"https:\/\/tag90.com\/?page_id=2187"},"modified":"2025-08-07T22:52:48","modified_gmt":"2025-08-07T19:52:48","slug":"kaucuk-urunler-2-2","status":"publish","type":"page","link":"https:\/\/tag90.com\/en\/kaucuk-urunler-2-2\/","title":{"rendered":"Rubber Products"},"content":{"rendered":"<div data-elementor-type=\"wp-page\" data-elementor-id=\"2187\" class=\"elementor elementor-2187\">\n\t\t\t\t\t\t<section class=\"elementor-section elementor-top-section elementor-element elementor-element-4277a90 elementor-section-boxed elementor-section-height-default elementor-section-height-default\" data-id=\"4277a90\" data-element_type=\"section\">\n\t\t\t\t\t\t<div class=\"elementor-container elementor-column-gap-default\">\n\t\t\t\t\t<div class=\"elementor-column elementor-col-66 elementor-top-column elementor-element elementor-element-0ec88e7\" data-id=\"0ec88e7\" data-element_type=\"column\">\n\t\t\t<div class=\"elementor-widget-wrap elementor-element-populated\">\n\t\t\t\t\t\t<div class=\"elementor-element elementor-element-07d0d19 elementor-widget__width-initial elementor-widget elementor-widget-go-s-heading\" data-id=\"07d0d19\" data-element_type=\"widget\" data-widget_type=\"go-s-heading.default\">\n\t\t\t\t<div class=\"elementor-widget-container\">\n\t\t\t\t\t<div class=\"cg-sec-title headline prthalign\">\n    <div class=\"subtitle cg-sub-tilte cg-sub-anim\">\n        Yavizing ile Kau\u00e7uk \u00dcr\u00fcnler    <\/div>\n    <h1 class=\"elementor-gt-heading sec_title cg-sec-title cg-has-anim\">Rubber Products<\/h1>            <div class=\"elementor-gt-desc\">Yavizing olarak, end\u00fcstriyel sekt\u00f6rde \u00e7e\u015fitli uygulamalar i\u00e7in y\u00fcksek kaliteli kau\u00e7uk \u00fcr\u00fcnleri tedarik ediyoruz. Bu \u00fcr\u00fcnler, \u00f6zellikle enerji, in\u015faat ve lojistik sekt\u00f6rlerinde yo\u011fun olarak kullan\u0131lmaktad\u0131r. Hidroelektrik santrallerinden termal santrallere kadar bir\u00e7ok alanda kau\u00e7uk \u00fcr\u00fcnlerinin \u00fcretiminde uzman \u00fcreticilerimizle, Y\u00fcksek dayan\u0131kl\u0131l\u0131k ve kaliteli hizmet anlay\u0131\u015f\u0131m\u0131zla, sekt\u00f6rdeki ihtiya\u00e7lar\u0131 en iyi \u015fekilde kar\u015f\u0131l\u0131yoruz.<\/div>\n    <\/div>\t\t\t\t<\/div>\n\t\t\t\t<\/div>\n\t\t\t\t\t<\/div>\n\t\t<\/div>\n\t\t\t\t<div class=\"elementor-column elementor-col-33 elementor-top-column elementor-element elementor-element-17f7621\" data-id=\"17f7621\" data-element_type=\"column\">\n\t\t\t<div class=\"elementor-widget-wrap\">\n\t\t\t\t\t\t\t<\/div>\n\t\t<\/div>\n\t\t\t\t\t<\/div>\n\t\t<\/section>\n\t\t\t\t<section class=\"elementor-section elementor-top-section elementor-element elementor-element-bf66fa3 elementor-section-boxed elementor-section-height-default elementor-section-height-default\" data-id=\"bf66fa3\" data-element_type=\"section\">\n\t\t\t\t\t\t<div class=\"elementor-container elementor-column-gap-default\">\n\t\t\t\t\t<div class=\"elementor-column elementor-col-33 elementor-top-column elementor-element elementor-element-d35fcc6\" data-id=\"d35fcc6\" data-element_type=\"column\">\n\t\t\t<div class=\"elementor-widget-wrap elementor-element-populated\">\n\t\t\t\t\t\t<div class=\"elementor-element elementor-element-be75f3c elementor-widget elementor-widget-image\" data-id=\"be75f3c\" data-element_type=\"widget\" data-widget_type=\"image.default\">\n\t\t\t\t\t\t\t\t\t\t\t\t\t\t\t<img fetchpriority=\"high\" decoding=\"async\" width=\"1024\" height=\"600\" src=\"https:\/\/tag90.com\/wp-content\/uploads\/Kaucuk-Virgul-Conta6-1024x600-1.jpg\" class=\"attachment-full size-full wp-image-2193\" alt=\"Hidroelektrik santralleri i\u00e7in \u00f6zel olarak \u00fcretilen s\u0131zd\u0131rmazl\u0131k \u00e7\u00f6z\u00fcmleri.\" srcset=\"https:\/\/tag90.com\/wp-content\/uploads\/Kaucuk-Virgul-Conta6-1024x600-1.jpg 1024w, https:\/\/tag90.com\/wp-content\/uploads\/Kaucuk-Virgul-Conta6-1024x600-1-300x176.jpg 300w, https:\/\/tag90.com\/wp-content\/uploads\/Kaucuk-Virgul-Conta6-1024x600-1-768x450.jpg 768w\" sizes=\"(max-width: 1024px) 100vw, 1024px\" \/>\t\t\t\t\t\t\t\t\t\t\t\t\t\t\t<\/div>\n\t\t\t\t\t<\/div>\n\t\t<\/div>\n\t\t\t\t<div class=\"elementor-column elementor-col-66 elementor-top-column elementor-element elementor-element-09d17e6\" data-id=\"09d17e6\" data-element_type=\"column\">\n\t\t\t<div class=\"elementor-widget-wrap elementor-element-populated\">\n\t\t\t\t\t\t<div class=\"elementor-element elementor-element-322a459 elementor-widget elementor-widget-image\" data-id=\"322a459\" data-element_type=\"widget\" data-widget_type=\"image.default\">\n\t\t\t\t\t\t\t\t\t\t\t\t\t\t\t<img decoding=\"async\" width=\"1024\" height=\"595\" src=\"https:\/\/tag90.com\/wp-content\/uploads\/Kaucuk-Virgul-Conta5-1024x595-1.jpg\" class=\"attachment-full size-full wp-image-2194\" alt=\"\" srcset=\"https:\/\/tag90.com\/wp-content\/uploads\/Kaucuk-Virgul-Conta5-1024x595-1.jpg 1024w, https:\/\/tag90.com\/wp-content\/uploads\/Kaucuk-Virgul-Conta5-1024x595-1-300x174.jpg 300w, https:\/\/tag90.com\/wp-content\/uploads\/Kaucuk-Virgul-Conta5-1024x595-1-768x446.jpg 768w\" sizes=\"(max-width: 1024px) 100vw, 1024px\" \/>\t\t\t\t\t\t\t\t\t\t\t\t\t\t\t<\/div>\n\t\t\t\t\t<\/div>\n\t\t<\/div>\n\t\t\t\t\t<\/div>\n\t\t<\/section>\n\t\t\t\t<section class=\"elementor-section elementor-top-section elementor-element elementor-element-8481012 elementor-section-boxed elementor-section-height-default elementor-section-height-default\" data-id=\"8481012\" data-element_type=\"section\">\n\t\t\t\t\t\t<div class=\"elementor-container elementor-column-gap-default\">\n\t\t\t\t\t<div class=\"elementor-column elementor-col-100 elementor-top-column elementor-element elementor-element-3fb218b\" data-id=\"3fb218b\" data-element_type=\"column\">\n\t\t\t<div class=\"elementor-widget-wrap elementor-element-populated\">\n\t\t\t\t\t\t<div class=\"elementor-element elementor-element-5a38c57 elementor-widget elementor-widget-go-project-info\" data-id=\"5a38c57\" data-element_type=\"widget\" data-widget_type=\"go-project-info.default\">\n\t\t\t\t<div class=\"elementor-widget-container\">\n\t\t\t\t\t        <div class=\"cg-prd-text-content headline pera-content\">\n                            <div class=\"cg-prd-text d-flex justify-content-between flex-wrap\">\n                    <h3>Kau\u00e7uk \u00dcr\u00fcnlerinin Kullan\u0131m Alanlar\u0131:<\/h3>\n                    <div class=\"item-text ul-li\">\n                        <p>Yavizing offers its rubber products to a wide customer network both domestically and internationally. Our products are in high demand in the global market, and professional support is provided during the export process.<\/p>\n\n<li><strong>Hydroelectric Power Plants (HEPP):<\/strong>\u00a0Barajlar ve santrallerde kullan\u0131lan kau\u00e7uk s\u0131zd\u0131rmazl\u0131k contalar\u0131, su giri\u015f yataklar\u0131, koni vana contalar\u0131 ve hareketli vin\u00e7 tamponlar\u0131.<\/li>\n<li><strong>Thermal Power Plants:<\/strong>\u00a0Kau\u00e7uk ve plastik par\u00e7alar, enerji \u00fcretimi alan\u0131nda kritik \u00f6neme sahiptir.<\/li>\n<li><strong>Proxy Fenders (Rubber Fenders):<\/strong>\u00a0Gemi limanlar\u0131nda kullan\u0131lan kau\u00e7uk fenderler, gemi ve liman aras\u0131nda g\u00fcvenli mesafeyi sa\u011flar.<\/li>\n<li><strong>Wastewater Treatment Plants:<\/strong>\u00a0At\u0131k su ar\u0131tma tesisleri i\u00e7in \u00fcretilen kau\u00e7uk ve plastik par\u00e7alar, tesislerin verimli bir \u015fekilde \u00e7al\u0131\u015fmas\u0131n\u0131 destekler.<i class=\"fa-solid fa-check\"><\/i><\/li>\n\n                    <\/div>\n                <\/div>\n                            <div class=\"cg-prd-text d-flex justify-content-between flex-wrap\">\n                    <h3>\u00dcr\u00fcn Kategorileri:<\/h3>\n                    <div class=\"item-text ul-li\">\n                        \n<li><strong>Kau\u00e7uk Dam \u015eutter Contalar\u0131<\/strong>: Hidroelektrik santralleri i\u00e7in \u00f6zel olarak \u00fcretilen s\u0131zd\u0131rmazl\u0131k \u00e7\u00f6z\u00fcmleri.<\/li>\n<li><strong>Turbine Su Giri\u015f Yataklar\u0131<\/strong>: Y\u00fcksek verimlilikle \u00e7al\u0131\u015fan su giri\u015f yataklar\u0131, enerji \u00fcretiminde kritik rol oynamaktad\u0131r.<\/li>\n<li><strong>Koni Vana Contalar\u0131<\/strong>: Su ge\u00e7irmezlik sa\u011flayarak, sistemlerin g\u00fcvenli bir \u015fekilde \u00e7al\u0131\u015fmas\u0131n\u0131 sa\u011flar.<\/li>\n<li><strong>Hareketli Vin\u00e7 Tamponlar\u0131<\/strong>: End\u00fcstriyel alanlarda hareketli ekipmanlar\u0131 korumak i\u00e7in dayan\u0131kl\u0131 kau\u00e7uk tamponlar.<\/li>\n<li><strong>At\u0131k Su Ar\u0131tma Par\u00e7alar\u0131<\/strong>: End\u00fcstriyel su ar\u0131tma tesisleri i\u00e7in \u00f6zel olarak \u00fcretilmi\u015f kau\u00e7uk ve plastik par\u00e7alar.<\/li>\n\n                    <\/div>\n                <\/div>\n                            <div class=\"cg-prd-text d-flex justify-content-between flex-wrap\">\n                    <h3>\u00dcr\u00fcn \u00d6zellikleri:<\/h3>\n                    <div class=\"item-text ul-li\">\n                        \n<li><strong>High Durability:<\/strong>\u00a0Kau\u00e7uk \u00fcr\u00fcnlerimiz, zorlu ko\u015fullara dayanacak \u015fekilde tasarlanm\u0131\u015f olup uzun \u00f6m\u00fcrl\u00fcd\u00fcr.<\/li>\n<li><strong>Various Applications:<\/strong>\u00a0Su s\u0131zd\u0131rmazl\u0131k contalar\u0131ndan, sanayi makinelerine kadar geni\u015f bir yelpazede kullan\u0131labilir.<\/li>\n<li><strong>Flexibility and Security:<\/strong>\u00a0\u00dcr\u00fcnler, her t\u00fcrl\u00fc \u00e7evre ko\u015fuluna uygun \u015fekilde esnek olup, g\u00fcvenli ve verimli bir kullan\u0131m sa\u011flar.<\/li>\n\n                    <\/div>\n                <\/div>\n                        <div class=\"cg-prd-img-area\">\n                <div class=\"row\">\n                                            <div class=\"col-lg-6\">\n                                <div class=\"item-img\">\n                                    <img decoding=\"async\" src=\"https:\/\/tag90.com\/wp-content\/uploads\/koruk.jpg\" alt=\"\">\n                                <\/div>\n                        <\/div>\n                                            <div class=\"col-lg-6\">\n                                <div class=\"item-img\">\n                                    <img decoding=\"async\" src=\"https:\/\/tag90.com\/wp-content\/uploads\/dolgu-tekerlek.jpg\" alt=\"\">\n                                <\/div>\n                        <\/div>\n                                            <div class=\"col-lg-6\">\n                                <div class=\"item-img\">\n                                    <img decoding=\"async\" src=\"https:\/\/tag90.com\/wp-content\/uploads\/Kaucuk-Virgul-Conta2.jpg\" alt=\"\">\n                                <\/div>\n                        <\/div>\n                                            <div class=\"col-lg-6\">\n                                <div class=\"item-img\">\n                                    <img decoding=\"async\" src=\"https:\/\/tag90.com\/wp-content\/uploads\/Kaucuk-Virgul-Conta3.jpg\" alt=\"\">\n                                <\/div>\n                        <\/div>\n                                    <\/div>\n            <\/div>\n            <div class=\"cg-prd-next-prev pt-60 d-flex align-items-center justify-content-between flex-wrap\">\n                                            <\/div>\n        <\/div>\n    \t\t\t\t<\/div>\n\t\t\t\t<\/div>\n\t\t\t\t\t<\/div>\n\t\t<\/div>\n\t\t\t\t\t<\/div>\n\t\t<\/section>\n\t\t\t\t<\/div>","protected":false},"excerpt":{"rendered":"<p>Yavizing ile Kau\u00e7uk \u00dcr\u00fcnler Kau\u00e7uk \u00dcr\u00fcnler Yavizing olarak, end\u00fcstriyel sekt\u00f6rde \u00e7e\u015fitli uygulamalar i\u00e7in y\u00fcksek kaliteli kau\u00e7uk \u00fcr\u00fcnleri tedarik ediyoruz. Bu \u00fcr\u00fcnler, \u00f6zellikle enerji, in\u015faat ve lojistik sekt\u00f6rlerinde yo\u011fun olarak kullan\u0131lmaktad\u0131r. Hidroelektrik santrallerinden termal santrallere kadar bir\u00e7ok alanda kau\u00e7uk \u00fcr\u00fcnlerinin \u00fcretiminde uzman \u00fcreticilerimizle, Y\u00fcksek dayan\u0131kl\u0131l\u0131k ve kaliteli hizmet anlay\u0131\u015f\u0131m\u0131zla, sekt\u00f6rdeki ihtiya\u00e7lar\u0131 en iyi \u015fekilde kar\u015f\u0131l\u0131yoruz. Kau\u00e7uk [&hellip;]<\/p>","protected":false},"author":1,"featured_media":0,"parent":0,"menu_order":0,"comment_status":"closed","ping_status":"closed","template":"elementor_header_footer","meta":{"footnotes":""},"class_list":["post-2187","page","type-page","status-publish","hentry"],"_links":{"self":[{"href":"https:\/\/tag90.com\/en\/wp-json\/wp\/v2\/pages\/2187","targetHints":{"allow":["GET"]}}],"collection":[{"href":"https:\/\/tag90.com\/en\/wp-json\/wp\/v2\/pages"}],"about":[{"href":"https:\/\/tag90.com\/en\/wp-json\/wp\/v2\/types\/page"}],"author":[{"embeddable":true,"href":"https:\/\/tag90.com\/en\/wp-json\/wp\/v2\/users\/1"}],"replies":[{"embeddable":true,"href":"https:\/\/tag90.com\/en\/wp-json\/wp\/v2\/comments?post=2187"}],"version-history":[{"count":0,"href":"https:\/\/tag90.com\/en\/wp-json\/wp\/v2\/pages\/2187\/revisions"}],"wp:attachment":[{"href":"https:\/\/tag90.com\/en\/wp-json\/wp\/v2\/media?parent=2187"}],"curies":[{"name":"wp","href":"https:\/\/api.w.org\/{rel}","templated":true}]}}