{"id":2361,"date":"2025-08-01T14:25:23","date_gmt":"2025-08-01T11:25:23","guid":{"rendered":"https:\/\/tag90.com\/?page_id=2361"},"modified":"2025-08-01T14:25:23","modified_gmt":"2025-08-01T11:25:23","slug":"kaucuk-urunler-deneme","status":"publish","type":"page","link":"https:\/\/tag90.com\/en\/kaucuk-urunler-deneme\/","title":{"rendered":"Kau\u00e7uk \u00dcr\u00fcnler deneme"},"content":{"rendered":"<div data-elementor-type=\"wp-page\" data-elementor-id=\"2361\" class=\"elementor elementor-2361\">\n\t\t\t\t<div class=\"elementor-element elementor-element-12fd87e e-flex e-con-boxed e-con e-parent\" data-id=\"12fd87e\" data-element_type=\"container\">\n\t\t\t\t\t<div class=\"e-con-inner\">\n\t\t\t\t<div class=\"elementor-element elementor-element-21a9489 elementor-widget elementor-widget-heading\" data-id=\"21a9489\" data-element_type=\"widget\" data-widget_type=\"heading.default\">\n\t\t\t\t\t<h2 class=\"elementor-heading-title elementor-size-default\">Rubber Products<\/h2>\t\t\t\t<\/div>\n\t\t\t\t\t<\/div>\n\t\t\t\t<\/div>\n\t\t<div class=\"elementor-element elementor-element-e0b53ff e-flex e-con-boxed e-con e-parent\" data-id=\"e0b53ff\" data-element_type=\"container\">\n\t\t\t\t\t<div class=\"e-con-inner\">\n\t\t\t\t<div class=\"elementor-element elementor-element-25a42b6 elementor-widget elementor-widget-text-editor\" data-id=\"25a42b6\" data-element_type=\"widget\" data-widget_type=\"text-editor.default\">\n\t\t\t\t\t\t\t\t\t<p>Yavizing olarak, end\u00fcstriyel sekt\u00f6rde \u00e7e\u015fitli uygulamalar i\u00e7in y\u00fcksek kaliteli kau\u00e7uk \u00fcr\u00fcnleri tedarik ediyoruz. Bu \u00fcr\u00fcnler, \u00f6zellikle enerji, in\u015faat ve lojistik sekt\u00f6rlerinde yo\u011fun olarak kullan\u0131lmaktad\u0131r. Hidroelektrik santrallerinden termal santrallere kadar bir\u00e7ok alanda kau\u00e7uk \u00fcr\u00fcnlerinin \u00fcretiminde uzman \u00fcreticilerimizle, Y\u00fcksek dayan\u0131kl\u0131l\u0131k ve kaliteli hizmet anlay\u0131\u015f\u0131m\u0131zla, sekt\u00f6rdeki ihtiya\u00e7lar\u0131 en iyi \u015fekilde kar\u015f\u0131l\u0131yoruz.<\/p>\t\t\t\t\t\t\t\t<\/div>\n\t\t\t\t\t<\/div>\n\t\t\t\t<\/div>\n\t\t<div class=\"elementor-element elementor-element-9f22d9c e-grid e-con-boxed e-con e-parent\" data-id=\"9f22d9c\" data-element_type=\"container\">\n\t\t\t\t\t<div class=\"e-con-inner\">\n\t\t\t\t<div class=\"elementor-element elementor-element-8364b08 elementor-widget elementor-widget-text-editor\" data-id=\"8364b08\" data-element_type=\"widget\" data-widget_type=\"text-editor.default\">\n\t\t\t\t\t\t\t\t\t<h4>\u00dcr\u00fcn Kategorileri:<\/h4><p><strong>Kau\u00e7uk Dam \u015eutter Contalar\u0131<\/strong>: Hidroelektrik santralleri i\u00e7in \u00f6zel olarak \u00fcretilen s\u0131zd\u0131rmazl\u0131k \u00e7\u00f6z\u00fcmleri.<\/p><div class=\"item-text ul-li\"><p><strong>Turbine Su Giri\u015f Yataklar\u0131<\/strong>: Y\u00fcksek verimlilikle \u00e7al\u0131\u015fan su giri\u015f yataklar\u0131, enerji \u00fcretiminde kritik rol oynamaktad\u0131r.<\/p><p><strong>Koni Vana Contalar\u0131<\/strong>: Su ge\u00e7irmezlik sa\u011flayarak, sistemlerin g\u00fcvenli bir \u015fekilde \u00e7al\u0131\u015fmas\u0131n\u0131 sa\u011flar.<\/p><p><strong>Hareketli Vin\u00e7 Tamponlar\u0131<\/strong>: End\u00fcstriyel alanlarda hareketli ekipmanlar\u0131 korumak i\u00e7in dayan\u0131kl\u0131 kau\u00e7uk tamponlar.<\/p><p><strong>At\u0131k Su Ar\u0131tma Par\u00e7alar\u0131<\/strong>: End\u00fcstriyel su ar\u0131tma tesisleri i\u00e7in \u00f6zel olarak \u00fcretilmi\u015f kau\u00e7uk ve plastik par\u00e7alar.<\/p><\/div>\t\t\t\t\t\t\t\t<\/div>\n\t\t\t\t<div class=\"elementor-element elementor-element-e7dd47f elementor-widget elementor-widget-text-editor\" data-id=\"e7dd47f\" data-element_type=\"widget\" data-widget_type=\"text-editor.default\">\n\t\t\t\t\t\t\t\t\t<h3>\u00dcr\u00fcnlerinin Kullan\u0131m Alanlar\u0131:<\/h3><div class=\"item-text ul-li\"><ul><li><strong>Hydroelectric Power Plants (HEPP):<\/strong>\u00a0Barajlar ve santrallerde kullan\u0131lan kau\u00e7uk s\u0131zd\u0131rmazl\u0131k contalar\u0131, su giri\u015f yataklar\u0131, koni vana contalar\u0131 ve hareketli vin\u00e7 tamponlar\u0131.<\/li><li><strong>Thermal Power Plants:<\/strong>\u00a0Kau\u00e7uk ve plastik par\u00e7alar, enerji \u00fcretimi alan\u0131nda kritik \u00f6neme sahiptir.<\/li><li><strong>Proxy Fenders (Rubber Fenders):<\/strong>\u00a0Gemi limanlar\u0131nda kullan\u0131lan kau\u00e7uk fenderler, gemi ve liman aras\u0131nda g\u00fcvenli mesafeyi sa\u011flar.<\/li><li><strong>Wastewater Treatment Plants:<\/strong> At\u0131k su ar\u0131tma tesisleri i\u00e7in \u00fcretilen kau\u00e7uk ve plastik par\u00e7alar, tesislerin verimli bir \u015fekilde \u00e7al\u0131\u015fmas\u0131n\u0131 destekler.<i class=\"fa-solid fa-check\"><\/i><\/li><\/ul><\/div>\t\t\t\t\t\t\t\t<\/div>\n\t\t\t\t<div class=\"elementor-element elementor-element-bea528d elementor-widget elementor-widget-text-editor\" data-id=\"bea528d\" data-element_type=\"widget\" data-widget_type=\"text-editor.default\">\n\t\t\t\t\t\t\t\t\t<h3>\u00dcr\u00fcn \u00d6zellikleri:<\/h3><div class=\"item-text ul-li\"><ul><li><strong>High Durability:<\/strong>\u00a0Kau\u00e7uk \u00fcr\u00fcnlerimiz, zorlu ko\u015fullara dayanacak \u015fekilde tasarlanm\u0131\u015f olup uzun \u00f6m\u00fcrl\u00fcd\u00fcr.<\/li><li><strong>Various Applications:<\/strong>\u00a0Su s\u0131zd\u0131rmazl\u0131k contalar\u0131ndan, sanayi makinelerine kadar geni\u015f bir yelpazede kullan\u0131labilir.<\/li><li><strong>Flexibility and Security:<\/strong>\u00a0\u00dcr\u00fcnler, her t\u00fcrl\u00fc \u00e7evre ko\u015fuluna uygun \u015fekilde esnek olup, g\u00fcvenli ve verimli bir kullan\u0131m sa\u011flar.<\/li><\/ul><\/div>\t\t\t\t\t\t\t\t<\/div>\n\t\t\t\t\t<\/div>\n\t\t\t\t<\/div>\n\t\t<div class=\"elementor-element elementor-element-ee50e7a e-grid e-con-boxed e-con e-parent\" data-id=\"ee50e7a\" data-element_type=\"container\">\n\t\t\t\t\t<div class=\"e-con-inner\">\n\t\t\t\t<div class=\"elementor-element elementor-element-7475307 elementor-widget elementor-widget-image\" data-id=\"7475307\" data-element_type=\"widget\" data-widget_type=\"image.default\">\n\t\t\t\t\t\t\t\t\t\t\t\t\t\t\t\t<a href=\"https:\/\/tag90.com\/wp-content\/uploads\/Kaucuk-Virgul-Conta3.jpg\" data-elementor-open-lightbox=\"yes\" data-elementor-lightbox-title=\"Kau\u00e7uk-Virg\u00fcl-Conta3\" data-e-action-hash=\"#elementor-action%3Aaction%3Dlightbox%26settings%3DeyJpZCI6MjE5OCwidXJsIjoiaHR0cHM6XC9cL3RhZzkwLmNvbVwvd3AtY29udGVudFwvdXBsb2Fkc1wvS2F1Y3VrLVZpcmd1bC1Db250YTMuanBnIn0%3D\">\n\t\t\t\t\t\t\t<img fetchpriority=\"high\" decoding=\"async\" width=\"640\" height=\"721\" src=\"https:\/\/tag90.com\/wp-content\/uploads\/Kaucuk-Virgul-Conta3.jpg\" class=\"attachment-medium_large size-medium_large wp-image-2198\" alt=\"\" srcset=\"https:\/\/tag90.com\/wp-content\/uploads\/Kaucuk-Virgul-Conta3.jpg 753w, https:\/\/tag90.com\/wp-content\/uploads\/Kaucuk-Virgul-Conta3-266x300.jpg 266w\" sizes=\"(max-width: 640px) 100vw, 640px\" \/>\t\t\t\t\t\t\t\t<\/a>\n\t\t\t\t\t\t\t\t\t\t\t\t\t\t\t<\/div>\n\t\t\t\t<div class=\"elementor-element elementor-element-70c34ee elementor-widget elementor-widget-image\" data-id=\"70c34ee\" data-element_type=\"widget\" data-widget_type=\"image.default\">\n\t\t\t\t\t\t\t\t\t\t\t\t\t\t\t\t<a href=\"https:\/\/tag90.com\/wp-content\/uploads\/Kaucuk-Virgul-Conta2.jpg\" data-elementor-open-lightbox=\"yes\" data-elementor-lightbox-title=\"Kau\u00e7uk-Virg\u00fcl-Conta2\" data-e-action-hash=\"#elementor-action%3Aaction%3Dlightbox%26settings%3DeyJpZCI6MjE5NywidXJsIjoiaHR0cHM6XC9cL3RhZzkwLmNvbVwvd3AtY29udGVudFwvdXBsb2Fkc1wvS2F1Y3VrLVZpcmd1bC1Db250YTIuanBnIn0%3D\">\n\t\t\t\t\t\t\t<img decoding=\"async\" width=\"640\" height=\"730\" src=\"https:\/\/tag90.com\/wp-content\/uploads\/Kaucuk-Virgul-Conta2.jpg\" class=\"attachment-medium_large size-medium_large wp-image-2197\" alt=\"\" srcset=\"https:\/\/tag90.com\/wp-content\/uploads\/Kaucuk-Virgul-Conta2.jpg 749w, https:\/\/tag90.com\/wp-content\/uploads\/Kaucuk-Virgul-Conta2-263x300.jpg 263w\" sizes=\"(max-width: 640px) 100vw, 640px\" \/>\t\t\t\t\t\t\t\t<\/a>\n\t\t\t\t\t\t\t\t\t\t\t\t\t\t\t<\/div>\n\t\t\t\t<div class=\"elementor-element elementor-element-5e2fb67 elementor-widget elementor-widget-image\" data-id=\"5e2fb67\" data-element_type=\"widget\" data-widget_type=\"image.default\">\n\t\t\t\t\t\t\t\t\t\t\t\t\t\t\t\t<a href=\"https:\/\/tag90.com\/wp-content\/uploads\/koruk.jpg\" data-elementor-open-lightbox=\"yes\" data-elementor-lightbox-title=\"k\u00f6r\u00fck\" data-e-action-hash=\"#elementor-action%3Aaction%3Dlightbox%26settings%3DeyJpZCI6MjE5NSwidXJsIjoiaHR0cHM6XC9cL3RhZzkwLmNvbVwvd3AtY29udGVudFwvdXBsb2Fkc1wva29ydWsuanBnIn0%3D\">\n\t\t\t\t\t\t\t<img decoding=\"async\" width=\"640\" height=\"769\" src=\"https:\/\/tag90.com\/wp-content\/uploads\/koruk.jpg\" class=\"attachment-medium_large size-medium_large wp-image-2195\" alt=\"\" srcset=\"https:\/\/tag90.com\/wp-content\/uploads\/koruk.jpg 709w, https:\/\/tag90.com\/wp-content\/uploads\/koruk-250x300.jpg 250w\" sizes=\"(max-width: 640px) 100vw, 640px\" \/>\t\t\t\t\t\t\t\t<\/a>\n\t\t\t\t\t\t\t\t\t\t\t\t\t\t\t<\/div>\n\t\t\t\t<div class=\"elementor-element elementor-element-7c3078e elementor-widget elementor-widget-image\" data-id=\"7c3078e\" data-element_type=\"widget\" data-widget_type=\"image.default\">\n\t\t\t\t\t\t\t\t\t\t\t\t\t\t\t\t<a href=\"https:\/\/tag90.com\/wp-content\/uploads\/Kaucuk-Virgul-Conta5-1024x595-1.jpg\" data-elementor-open-lightbox=\"yes\" data-elementor-lightbox-title=\"Kau\u00e7uk-Virg\u00fcl-Conta5-1024x595\" data-e-action-hash=\"#elementor-action%3Aaction%3Dlightbox%26settings%3DeyJpZCI6MjE5NCwidXJsIjoiaHR0cHM6XC9cL3RhZzkwLmNvbVwvd3AtY29udGVudFwvdXBsb2Fkc1wvS2F1Y3VrLVZpcmd1bC1Db250YTUtMTAyNHg1OTUtMS5qcGcifQ%3D%3D\">\n\t\t\t\t\t\t\t<img loading=\"lazy\" decoding=\"async\" width=\"640\" height=\"372\" src=\"https:\/\/tag90.com\/wp-content\/uploads\/Kaucuk-Virgul-Conta5-1024x595-1-768x446.jpg\" class=\"attachment-medium_large size-medium_large wp-image-2194\" alt=\"\" srcset=\"https:\/\/tag90.com\/wp-content\/uploads\/Kaucuk-Virgul-Conta5-1024x595-1-768x446.jpg 768w, https:\/\/tag90.com\/wp-content\/uploads\/Kaucuk-Virgul-Conta5-1024x595-1-300x174.jpg 300w, https:\/\/tag90.com\/wp-content\/uploads\/Kaucuk-Virgul-Conta5-1024x595-1.jpg 1024w\" sizes=\"(max-width: 640px) 100vw, 640px\" \/>\t\t\t\t\t\t\t\t<\/a>\n\t\t\t\t\t\t\t\t\t\t\t\t\t\t\t<\/div>\n\t\t\t\t<div class=\"elementor-element elementor-element-6dba126 elementor-widget elementor-widget-image\" data-id=\"6dba126\" data-element_type=\"widget\" data-widget_type=\"image.default\">\n\t\t\t\t\t\t\t\t\t\t\t\t\t\t\t\t<a href=\"https:\/\/tag90.com\/wp-content\/uploads\/dolgu-tekerlek.jpg\" data-elementor-open-lightbox=\"yes\" data-elementor-lightbox-title=\"dolgu-tekerlek\" data-e-action-hash=\"#elementor-action%3Aaction%3Dlightbox%26settings%3DeyJpZCI6MjE5NiwidXJsIjoiaHR0cHM6XC9cL3RhZzkwLmNvbVwvd3AtY29udGVudFwvdXBsb2Fkc1wvZG9sZ3UtdGVrZXJsZWsuanBnIn0%3D\">\n\t\t\t\t\t\t\t<img loading=\"lazy\" decoding=\"async\" width=\"618\" height=\"851\" src=\"https:\/\/tag90.com\/wp-content\/uploads\/dolgu-tekerlek.jpg\" class=\"attachment-medium_large size-medium_large wp-image-2196\" alt=\"\" srcset=\"https:\/\/tag90.com\/wp-content\/uploads\/dolgu-tekerlek.jpg 618w, https:\/\/tag90.com\/wp-content\/uploads\/dolgu-tekerlek-218x300.jpg 218w\" sizes=\"(max-width: 618px) 100vw, 618px\" \/>\t\t\t\t\t\t\t\t<\/a>\n\t\t\t\t\t\t\t\t\t\t\t\t\t\t\t<\/div>\n\t\t\t\t<div class=\"elementor-element elementor-element-f7cb3d9 elementor-widget elementor-widget-image\" data-id=\"f7cb3d9\" data-element_type=\"widget\" data-widget_type=\"image.default\">\n\t\t\t\t\t\t\t\t\t\t\t\t\t\t\t\t<a href=\"https:\/\/tag90.com\/wp-content\/uploads\/Kaucuk-Virgul-Conta6-1024x600-1.jpg\" data-elementor-open-lightbox=\"yes\" data-elementor-lightbox-title=\"Kau\u00e7uk-Virg\u00fcl-Conta6-1024x600\" data-e-action-hash=\"#elementor-action%3Aaction%3Dlightbox%26settings%3DeyJpZCI6MjE5MywidXJsIjoiaHR0cHM6XC9cL3RhZzkwLmNvbVwvd3AtY29udGVudFwvdXBsb2Fkc1wvS2F1Y3VrLVZpcmd1bC1Db250YTYtMTAyNHg2MDAtMS5qcGcifQ%3D%3D\">\n\t\t\t\t\t\t\t<img loading=\"lazy\" decoding=\"async\" width=\"640\" height=\"375\" src=\"https:\/\/tag90.com\/wp-content\/uploads\/Kaucuk-Virgul-Conta6-1024x600-1-768x450.jpg\" class=\"attachment-medium_large size-medium_large wp-image-2193\" alt=\"Hidroelektrik santralleri i\u00e7in \u00f6zel olarak \u00fcretilen s\u0131zd\u0131rmazl\u0131k \u00e7\u00f6z\u00fcmleri.\" srcset=\"https:\/\/tag90.com\/wp-content\/uploads\/Kaucuk-Virgul-Conta6-1024x600-1-768x450.jpg 768w, https:\/\/tag90.com\/wp-content\/uploads\/Kaucuk-Virgul-Conta6-1024x600-1-300x176.jpg 300w, https:\/\/tag90.com\/wp-content\/uploads\/Kaucuk-Virgul-Conta6-1024x600-1.jpg 1024w\" sizes=\"(max-width: 640px) 100vw, 640px\" \/>\t\t\t\t\t\t\t\t<\/a>\n\t\t\t\t\t\t\t\t\t\t\t\t\t\t\t<\/div>\n\t\t\t\t\t<\/div>\n\t\t\t\t<\/div>\n\t\t\t\t<\/div>","protected":false},"excerpt":{"rendered":"<p>Kau\u00e7uk \u00dcr\u00fcnler Yavizing olarak, end\u00fcstriyel sekt\u00f6rde \u00e7e\u015fitli uygulamalar i\u00e7in y\u00fcksek kaliteli kau\u00e7uk \u00fcr\u00fcnleri tedarik ediyoruz. Bu \u00fcr\u00fcnler, \u00f6zellikle enerji, in\u015faat ve lojistik sekt\u00f6rlerinde yo\u011fun olarak kullan\u0131lmaktad\u0131r. Hidroelektrik santrallerinden termal santrallere kadar bir\u00e7ok alanda kau\u00e7uk \u00fcr\u00fcnlerinin \u00fcretiminde uzman \u00fcreticilerimizle, Y\u00fcksek dayan\u0131kl\u0131l\u0131k ve kaliteli hizmet anlay\u0131\u015f\u0131m\u0131zla, sekt\u00f6rdeki ihtiya\u00e7lar\u0131 en iyi \u015fekilde kar\u015f\u0131l\u0131yoruz. \u00dcr\u00fcn Kategorileri: Kau\u00e7uk Dam \u015eutter [&hellip;]<\/p>","protected":false},"author":1,"featured_media":0,"parent":0,"menu_order":0,"comment_status":"closed","ping_status":"closed","template":"elementor_header_footer","meta":{"footnotes":""},"class_list":["post-2361","page","type-page","status-publish","hentry"],"_links":{"self":[{"href":"https:\/\/tag90.com\/en\/wp-json\/wp\/v2\/pages\/2361","targetHints":{"allow":["GET"]}}],"collection":[{"href":"https:\/\/tag90.com\/en\/wp-json\/wp\/v2\/pages"}],"about":[{"href":"https:\/\/tag90.com\/en\/wp-json\/wp\/v2\/types\/page"}],"author":[{"embeddable":true,"href":"https:\/\/tag90.com\/en\/wp-json\/wp\/v2\/users\/1"}],"replies":[{"embeddable":true,"href":"https:\/\/tag90.com\/en\/wp-json\/wp\/v2\/comments?post=2361"}],"version-history":[{"count":0,"href":"https:\/\/tag90.com\/en\/wp-json\/wp\/v2\/pages\/2361\/revisions"}],"wp:attachment":[{"href":"https:\/\/tag90.com\/en\/wp-json\/wp\/v2\/media?parent=2361"}],"curies":[{"name":"wp","href":"https:\/\/api.w.org\/{rel}","templated":true}]}}