{"id":2429,"date":"2025-08-07T10:47:24","date_gmt":"2025-08-07T07:47:24","guid":{"rendered":"https:\/\/tag90.com\/?page_id=2429"},"modified":"2025-08-07T19:53:01","modified_gmt":"2025-08-07T16:53:01","slug":"bizden-haberler","status":"publish","type":"page","link":"https:\/\/tag90.com\/en\/bizden-haberler\/","title":{"rendered":"News from Us"},"content":{"rendered":"<div data-elementor-type=\"wp-page\" data-elementor-id=\"2429\" class=\"elementor elementor-2429\">\n\t\t\t\t<div class=\"elementor-element elementor-element-9f8d779 e-flex e-con-boxed e-con e-parent\" data-id=\"9f8d779\" data-element_type=\"container\">\n\t\t\t\t\t<div class=\"e-con-inner\">\n\t\t\t\t<div class=\"elementor-element elementor-element-f50e6dc elementor-widget elementor-widget-go-s-heading\" data-id=\"f50e6dc\" data-element_type=\"widget\" data-widget_type=\"go-s-heading.default\">\n\t\t\t\t<div class=\"elementor-widget-container\">\n\t\t\t\t\t<div class=\"cg-sec-title headline prthalign\">\n    <h1 class=\"elementor-gt-heading sec_title cg-sec-title cg-has-anim\">News from Us<\/h1>    <\/div>\t\t\t\t<\/div>\n\t\t\t\t<\/div>\n\t\t\t\t\t<\/div>\n\t\t\t\t<\/div>\n\t\t<div class=\"elementor-element elementor-element-837607d e-flex e-con-boxed e-con e-parent\" data-id=\"837607d\" data-element_type=\"container\">\n\t\t\t\t\t<div class=\"e-con-inner\">\n\t\t\t\t<div class=\"elementor-element elementor-element-afe9fad elementor-widget elementor-widget-cargozen-blog-1\" data-id=\"afe9fad\" data-element_type=\"widget\" data-widget_type=\"cargozen-blog-1.default\">\n\t\t\t\t<div class=\"elementor-widget-container\">\n\t\t\t\t\t    <div class=\"cg-blog3-content\">\n                <div class=\"cg-blog3-item d-flex  align-items-center justify-content-between wow fadeInUp\" data-wow-delay=\"300ms\" data-wow-duration=\"1000ms\">\n            <div class=\"item-text headline pera-contentt\">\n                <div class=\"item-meta d-flex align-items-center\">\n                    <a href=\"#\">7 August 2025<\/a>\n                    <a href=\"#\">Comments \n                    <span>(0)<\/a>\n                <\/div>\n                <h3 class=\"blog_title href-underline\"><a href=\"https:\/\/tag90.com\/en\/sermeks-turbo-grill-ihracati-danismanligi\/\">SERMEKS Turbo Grill Export Consultancy<\/a><\/h3>\n\n                                    <a class=\"read_more\" href=\"https:\/\/tag90.com\/en\/sermeks-turbo-grill-ihracati-danismanligi\/\"><span>Read more<\/span> <i class=\"fa-solid fa-arrow-right-long\"><\/i><\/a>\n                \n            <\/div>\n                            <div class=\"item-img\">\n                    <img fetchpriority=\"high\" decoding=\"async\" width=\"324\" height=\"270\" src=\"https:\/\/tag90.com\/wp-content\/uploads\/8-e1755784992347.jpg\" class=\"attachment-full size-full wp-post-image\" alt=\"\" \/>                <\/div>\n                    <\/div>\n                <div class=\"cg-blog3-item d-flex  align-items-center justify-content-between wow fadeInUp\" data-wow-delay=\"300ms\" data-wow-duration=\"1000ms\">\n            <div class=\"item-text headline pera-contentt\">\n                <div class=\"item-meta d-flex align-items-center\">\n                    <a href=\"#\">7 August 2025<\/a>\n                    <a href=\"#\">Comments \n                    <span>(0)<\/a>\n                <\/div>\n                <h3 class=\"blog_title href-underline\"><a href=\"https:\/\/tag90.com\/en\/avize-ithalati-danismanligi\/\">Chandelier Import Consultancy<\/a><\/h3>\n\n                                    <a class=\"read_more\" href=\"https:\/\/tag90.com\/en\/avize-ithalati-danismanligi\/\"><span>Read more<\/span> <i class=\"fa-solid fa-arrow-right-long\"><\/i><\/a>\n                \n            <\/div>\n                            <div class=\"item-img\">\n                    <img decoding=\"async\" width=\"270\" height=\"270\" src=\"https:\/\/tag90.com\/wp-content\/uploads\/avize-1-e1755785046493.jpeg\" class=\"attachment-full size-full wp-post-image\" alt=\"\" \/>                <\/div>\n                    <\/div>\n                <div class=\"cg-blog3-item d-flex  align-items-center justify-content-between wow fadeInUp\" data-wow-delay=\"300ms\" data-wow-duration=\"1000ms\">\n            <div class=\"item-text headline pera-contentt\">\n                <div class=\"item-meta d-flex align-items-center\">\n                    <a href=\"#\">7 August 2025<\/a>\n                    <a href=\"#\">Comments \n                    <span>(0)<\/a>\n                <\/div>\n                <h3 class=\"blog_title href-underline\"><a href=\"https:\/\/tag90.com\/en\/overlok-makinasi-ithalati-danismanligi\/\">Overlock Machine Import Consultancy<\/a><\/h3>\n\n                                    <a class=\"read_more\" href=\"https:\/\/tag90.com\/en\/overlok-makinasi-ithalati-danismanligi\/\"><span>Read more<\/span> <i class=\"fa-solid fa-arrow-right-long\"><\/i><\/a>\n                \n            <\/div>\n                            <div class=\"item-img\">\n                    <img decoding=\"async\" width=\"800\" height=\"600\" src=\"https:\/\/tag90.com\/wp-content\/uploads\/500-02BB-500D-02BB.jpg\" class=\"attachment-full size-full wp-post-image\" alt=\"\" srcset=\"https:\/\/tag90.com\/wp-content\/uploads\/500-02BB-500D-02BB.jpg 800w, https:\/\/tag90.com\/wp-content\/uploads\/500-02BB-500D-02BB-300x225.jpg 300w, https:\/\/tag90.com\/wp-content\/uploads\/500-02BB-500D-02BB-768x576.jpg 768w\" sizes=\"(max-width: 800px) 100vw, 800px\" \/>                <\/div>\n                    <\/div>\n                <div class=\"cg-blog3-item d-flex  align-items-center justify-content-between wow fadeInUp\" data-wow-delay=\"300ms\" data-wow-duration=\"1000ms\">\n            <div class=\"item-text headline pera-contentt\">\n                <div class=\"item-meta d-flex align-items-center\">\n                    <a href=\"#\">7 August 2025<\/a>\n                    <a href=\"#\">Comments \n                    <span>(0)<\/a>\n                <\/div>\n                <h3 class=\"blog_title href-underline\"><a href=\"https:\/\/tag90.com\/en\/itfaiye-ekipmanlari-itfaiye-hortumu-konusunda-ithalat-danismanligi\/\">Firefighting Equipment \u2013 Import Consultancy for Fire Hoses<\/a><\/h3>\n\n                                    <a class=\"read_more\" href=\"https:\/\/tag90.com\/en\/itfaiye-ekipmanlari-itfaiye-hortumu-konusunda-ithalat-danismanligi\/\"><span>Read more<\/span> <i class=\"fa-solid fa-arrow-right-long\"><\/i><\/a>\n                \n            <\/div>\n                            <div class=\"item-img\">\n                    <img loading=\"lazy\" decoding=\"async\" width=\"880\" height=\"503\" src=\"https:\/\/tag90.com\/wp-content\/uploads\/IMG_3561.png\" class=\"attachment-full size-full wp-post-image\" alt=\"\" srcset=\"https:\/\/tag90.com\/wp-content\/uploads\/IMG_3561.png 880w, https:\/\/tag90.com\/wp-content\/uploads\/IMG_3561-300x171.png 300w, https:\/\/tag90.com\/wp-content\/uploads\/IMG_3561-768x439.png 768w\" sizes=\"(max-width: 880px) 100vw, 880px\" \/>                <\/div>\n                    <\/div>\n                <div class=\"cg-blog3-item d-flex  align-items-center justify-content-between wow fadeInUp\" data-wow-delay=\"300ms\" data-wow-duration=\"1000ms\">\n            <div class=\"item-text headline pera-contentt\">\n                <div class=\"item-meta d-flex align-items-center\">\n                    <a href=\"#\">7 August 2025<\/a>\n                    <a href=\"#\">Comments \n                    <span>(0)<\/a>\n                <\/div>\n                <h3 class=\"blog_title href-underline\"><a href=\"https:\/\/tag90.com\/en\/kanvas-tablo-ihracati-danismanligi\/\">Canvas Painting Export Consultancy<\/a><\/h3>\n\n                                    <a class=\"read_more\" href=\"https:\/\/tag90.com\/en\/kanvas-tablo-ihracati-danismanligi\/\"><span>Read more<\/span> <i class=\"fa-solid fa-arrow-right-long\"><\/i><\/a>\n                \n            <\/div>\n                            <div class=\"item-img\">\n                    <img loading=\"lazy\" decoding=\"async\" width=\"480\" height=\"477\" src=\"https:\/\/tag90.com\/wp-content\/uploads\/tablo2.jpg\" class=\"attachment-full size-full wp-post-image\" alt=\"\" srcset=\"https:\/\/tag90.com\/wp-content\/uploads\/tablo2.jpg 480w, https:\/\/tag90.com\/wp-content\/uploads\/tablo2-300x298.jpg 300w, https:\/\/tag90.com\/wp-content\/uploads\/tablo2-150x150.jpg 150w\" sizes=\"(max-width: 480px) 100vw, 480px\" \/>                <\/div>\n                    <\/div>\n                <div class=\"cg-blog3-item d-flex  align-items-center justify-content-between wow fadeInUp\" data-wow-delay=\"300ms\" data-wow-duration=\"1000ms\">\n            <div class=\"item-text headline pera-contentt\">\n                <div class=\"item-meta d-flex align-items-center\">\n                    <a href=\"#\">7 August 2025<\/a>\n                    <a href=\"#\">Comments \n                    <span>(0)<\/a>\n                <\/div>\n                <h3 class=\"blog_title href-underline\"><a href=\"https:\/\/tag90.com\/en\/a4-fotokopi-kagidi-ithalati\/\">A4 Copy Paper \u2013 Import<\/a><\/h3>\n\n                                    <a class=\"read_more\" href=\"https:\/\/tag90.com\/en\/a4-fotokopi-kagidi-ithalati\/\"><span>Read more<\/span> <i class=\"fa-solid fa-arrow-right-long\"><\/i><\/a>\n                \n            <\/div>\n                            <div class=\"item-img\">\n                    <img loading=\"lazy\" decoding=\"async\" width=\"800\" height=\"800\" src=\"https:\/\/tag90.com\/wp-content\/uploads\/fotokopi-3.jpg\" class=\"attachment-full size-full wp-post-image\" alt=\"\" srcset=\"https:\/\/tag90.com\/wp-content\/uploads\/fotokopi-3.jpg 800w, https:\/\/tag90.com\/wp-content\/uploads\/fotokopi-3-300x300.jpg 300w, https:\/\/tag90.com\/wp-content\/uploads\/fotokopi-3-150x150.jpg 150w, https:\/\/tag90.com\/wp-content\/uploads\/fotokopi-3-768x768.jpg 768w\" sizes=\"(max-width: 800px) 100vw, 800px\" \/>                <\/div>\n                    <\/div>\n            <\/div>\t\t\t\t<\/div>\n\t\t\t\t<\/div>\n\t\t\t\t\t<\/div>\n\t\t\t\t<\/div>\n\t\t<div class=\"elementor-element elementor-element-230fce0 e-flex e-con-boxed e-con e-parent\" data-id=\"230fce0\" data-element_type=\"container\">\n\t\t\t\t\t<div class=\"e-con-inner\">\n\t\t\t\t\t<\/div>\n\t\t\t\t<\/div>\n\t\t\t\t<\/div>","protected":false},"excerpt":{"rendered":"<p>Bizden Haberler 7 A\u011fustos 2025 Comments (0) SERMEKS Turbo Grill \u0130hracat\u0131 Dan\u0131\u015fmanl\u0131\u011f\u0131 Devam\u0131n\u0131 oku 7 A\u011fustos 2025 Comments (0) Avize \u0130thalat\u0131 Dan\u0131\u015fmanl\u0131\u011f\u0131 Devam\u0131n\u0131 oku 7 A\u011fustos 2025 Comments (0) Overlok Makinas\u0131 \u0130thalat\u0131 Dan\u0131\u015fmanl\u0131\u011f\u0131 Devam\u0131n\u0131 oku 7 A\u011fustos 2025 Comments (0) \u0130tfaiye Ekipmanlar\u0131 \u2013 \u0130tfaiye Hortumu konusunda \u0130thalat Dan\u0131\u015fmanl\u0131\u011f\u0131 Devam\u0131n\u0131 oku 7 A\u011fustos 2025 Comments (0) [&hellip;]<\/p>","protected":false},"author":1,"featured_media":0,"parent":0,"menu_order":0,"comment_status":"closed","ping_status":"closed","template":"elementor_header_footer","meta":{"footnotes":""},"class_list":["post-2429","page","type-page","status-publish","hentry"],"_links":{"self":[{"href":"https:\/\/tag90.com\/en\/wp-json\/wp\/v2\/pages\/2429","targetHints":{"allow":["GET"]}}],"collection":[{"href":"https:\/\/tag90.com\/en\/wp-json\/wp\/v2\/pages"}],"about":[{"href":"https:\/\/tag90.com\/en\/wp-json\/wp\/v2\/types\/page"}],"author":[{"embeddable":true,"href":"https:\/\/tag90.com\/en\/wp-json\/wp\/v2\/users\/1"}],"replies":[{"embeddable":true,"href":"https:\/\/tag90.com\/en\/wp-json\/wp\/v2\/comments?post=2429"}],"version-history":[{"count":0,"href":"https:\/\/tag90.com\/en\/wp-json\/wp\/v2\/pages\/2429\/revisions"}],"wp:attachment":[{"href":"https:\/\/tag90.com\/en\/wp-json\/wp\/v2\/media?parent=2429"}],"curies":[{"name":"wp","href":"https:\/\/api.w.org\/{rel}","templated":true}]}}