{"id":2614,"date":"2025-08-07T15:04:29","date_gmt":"2025-08-07T12:04:29","guid":{"rendered":"https:\/\/tag90.com\/?page_id=2614"},"modified":"2025-08-07T23:18:00","modified_gmt":"2025-08-07T20:18:00","slug":"insaat-ve-yapi-malzemeleri","status":"publish","type":"page","link":"https:\/\/tag90.com\/en\/insaat-ve-yapi-malzemeleri\/","title":{"rendered":"Construction and Building Materials"},"content":{"rendered":"<div data-elementor-type=\"wp-page\" data-elementor-id=\"2614\" class=\"elementor elementor-2614\">\n\t\t\t\t<div class=\"elementor-element elementor-element-230fce0 e-flex e-con-boxed e-con e-parent\" data-id=\"230fce0\" data-element_type=\"container\">\n\t\t\t\t\t<div class=\"e-con-inner\">\n\t\t\t\t\t<\/div>\n\t\t\t\t<\/div>\n\t\t<div class=\"elementor-element elementor-element-c004c16 e-flex e-con-boxed e-con e-parent\" data-id=\"c004c16\" data-element_type=\"container\">\n\t\t\t\t\t<div class=\"e-con-inner\">\n\t\t\t\t<div class=\"elementor-element elementor-element-8b9d050 elementor-widget elementor-widget-go-s-heading\" data-id=\"8b9d050\" data-element_type=\"widget\" data-widget_type=\"go-s-heading.default\">\n\t\t\t\t<div class=\"elementor-widget-container\">\n\t\t\t\t\t<div class=\"cg-sec-title headline prthalign\">\n    <h1 class=\"elementor-gt-heading sec_title cg-sec-title cg-has-anim\">Construction and Building Materials<br \/>\n<\/h1>    <\/div>\t\t\t\t<\/div>\n\t\t\t\t<\/div>\n\t\t\t\t\t<\/div>\n\t\t\t\t<\/div>\n\t\t<div class=\"elementor-element elementor-element-c12762c e-flex e-con-boxed e-con e-parent\" data-id=\"c12762c\" data-element_type=\"container\">\n\t\t\t\t\t<div class=\"e-con-inner\">\n\t\t\t\t<div class=\"elementor-element elementor-element-36399c5 elementor-widget elementor-widget-text-editor\" data-id=\"36399c5\" data-element_type=\"widget\" data-widget_type=\"text-editor.default\">\n\t\t\t\t\t\t\t\t\t<section class=\"section-intro\" style=\"background: transparent; padding: 40px 60px; max-width: 1200px; margin: 0 auto; font-family: Arial, sans-serif;\">\n  <div class=\"intro-content\">\n    <h2 style=\"font-size: 32px; font-weight: bold; margin-bottom: 20px; color: #222;\">Construction and Building Materials<\/h2>\n    <p style=\"font-size: 18px; line-height: 1.8; color: #444;\">\n      Yavizing adds value to your projects with a variety of high-quality construction materials used in the construction and industrial sectors. Sound barriers, which are effective in preventing noise pollution, ensure comfort and efficiency, especially in urban projects. Our rubber-based products offer durable and long-lasting solutions in a wide range of applications, from energy plants to wastewater treatment.\n    <\/p>\n    <p style=\"font-size: 18px; line-height: 1.8; color: #444;\">\n      In addition, pneumatic nails and air staplers developed for carpentry and construction site work provide the advantage of fast and secure assembly. At Yavizing, we aim to be a reliable business partner that meets the needs of the construction and building industry by offering flexible solutions tailored to each project.\n    <\/p>\n  <\/div>\n<\/section>\n\t\t\t\t\t\t\t\t<\/div>\n\t\t\t\t\t<\/div>\n\t\t\t\t<\/div>\n\t\t<div class=\"elementor-element elementor-element-40aa80a e-flex e-con-boxed e-con e-parent\" data-id=\"40aa80a\" data-element_type=\"container\">\n\t\t\t\t\t<div class=\"e-con-inner\">\n\t\t<div class=\"elementor-element elementor-element-620a0f1 e-con-full e-flex e-con e-child\" data-id=\"620a0f1\" data-element_type=\"container\">\n\t\t\t\t<div class=\"elementor-element elementor-element-a3200ea elementor-widget elementor-widget-spacer\" data-id=\"a3200ea\" data-element_type=\"widget\" data-widget_type=\"spacer.default\">\n\t\t\t\t\t\t\t<div class=\"elementor-spacer\">\n\t\t\t<div class=\"elementor-spacer-inner\"><\/div>\n\t\t<\/div>\n\t\t\t\t\t\t<\/div>\n\t\t\t\t<div class=\"elementor-element elementor-element-789df52 elementor-widget elementor-widget-image\" data-id=\"789df52\" data-element_type=\"widget\" data-widget_type=\"image.default\">\n\t\t\t\t\t\t\t\t\t\t\t\t\t\t\t<img fetchpriority=\"high\" decoding=\"async\" width=\"640\" height=\"427\" src=\"https:\/\/tag90.com\/wp-content\/uploads\/WhatsApp-Image-2025-04-17-at-13.59.59-768x512-1.jpeg\" class=\"attachment-large size-large wp-image-2128\" alt=\"\" srcset=\"https:\/\/tag90.com\/wp-content\/uploads\/WhatsApp-Image-2025-04-17-at-13.59.59-768x512-1.jpeg 768w, https:\/\/tag90.com\/wp-content\/uploads\/WhatsApp-Image-2025-04-17-at-13.59.59-768x512-1-300x200.jpeg 300w\" sizes=\"(max-width: 640px) 100vw, 640px\" \/>\t\t\t\t\t\t\t\t\t\t\t\t\t\t\t<\/div>\n\t\t\t\t<\/div>\n\t\t<div class=\"elementor-element elementor-element-1ae10e7 e-con-full e-flex e-con e-child\" data-id=\"1ae10e7\" data-element_type=\"container\">\n\t\t\t\t<div class=\"elementor-element elementor-element-462beb4 elementor-widget elementor-widget-text-editor\" data-id=\"462beb4\" data-element_type=\"widget\" data-widget_type=\"text-editor.default\">\n\t\t\t\t\t\t\t\t\t<section class=\"yapi-malzemeleri\"><h3>Reliable and Durable Building Materials<\/h3><p>Yavizing offers high-performance building materials tailored to the needs of the construction and industrial sectors. We support your projects with a wide range of products, from sound insulation to waterproofing, from mounting systems to industrial buffers.<\/p><ul><li><b>Sound Barriers:<\/b> Barrier systems that effectively reduce noise pollution and offer high performance in open areas and construction sites.<\/li><li><b>Rubber Products:<\/b> Durable and long-lasting sealing gaskets, floor buffers, and shock-absorbing solutions are ideal for energy, infrastructure, and treatment plants.<\/li><li><b>Pneumatic Nails:<\/b> Nail systems that provide fast and secure connections for carpentry and light construction work.<\/li><li><b>Air Staplers:<\/b> Pneumatic stapling machines that offer high efficiency and ergonomics, and are easy to use.<\/li><li><b>Project-Appropriate Supply:<\/b> Fast and reliable building material supply solutions tailored to all types of construction projects.<\/li><\/ul><\/section>\t\t\t\t\t\t\t\t<\/div>\n\t\t\t\t<\/div>\n\t\t\t\t\t<\/div>\n\t\t\t\t<\/div>\n\t\t\t\t<\/div>","protected":false},"excerpt":{"rendered":"<p>\u0130n\u015faat ve Yap\u0131 Malzemeleri \u0130n\u015faat ve Yap\u0131 Malzemeleri Yavizing, in\u015faat ve sanayi sekt\u00f6rlerinde kullan\u0131lan \u00e7e\u015fitli kaliteli yap\u0131 malzemeleri ile projelerinize de\u011fer katmaktad\u0131r. G\u00fcr\u00fclt\u00fc kirlili\u011fini \u00f6nlemede etkili olan ses bariyerleri sayesinde \u00f6zellikle \u015fehir i\u00e7i projelerde konfor ve verimlilik sa\u011flan\u0131r. Kau\u00e7uk bazl\u0131 \u00fcr\u00fcnlerimiz ise, enerji tesislerinden at\u0131k su ar\u0131tmaya kadar geni\u015f kullan\u0131m alanlar\u0131nda uzun \u00f6m\u00fcrl\u00fc ve dayan\u0131kl\u0131 [&hellip;]<\/p>","protected":false},"author":1,"featured_media":0,"parent":0,"menu_order":0,"comment_status":"closed","ping_status":"closed","template":"elementor_header_footer","meta":{"footnotes":""},"class_list":["post-2614","page","type-page","status-publish","hentry"],"_links":{"self":[{"href":"https:\/\/tag90.com\/en\/wp-json\/wp\/v2\/pages\/2614","targetHints":{"allow":["GET"]}}],"collection":[{"href":"https:\/\/tag90.com\/en\/wp-json\/wp\/v2\/pages"}],"about":[{"href":"https:\/\/tag90.com\/en\/wp-json\/wp\/v2\/types\/page"}],"author":[{"embeddable":true,"href":"https:\/\/tag90.com\/en\/wp-json\/wp\/v2\/users\/1"}],"replies":[{"embeddable":true,"href":"https:\/\/tag90.com\/en\/wp-json\/wp\/v2\/comments?post=2614"}],"version-history":[{"count":0,"href":"https:\/\/tag90.com\/en\/wp-json\/wp\/v2\/pages\/2614\/revisions"}],"wp:attachment":[{"href":"https:\/\/tag90.com\/en\/wp-json\/wp\/v2\/media?parent=2614"}],"curies":[{"name":"wp","href":"https:\/\/api.w.org\/{rel}","templated":true}]}}