{"id":2646,"date":"2025-08-07T15:55:43","date_gmt":"2025-08-07T12:55:43","guid":{"rendered":"https:\/\/tag90.com\/?page_id=2646"},"modified":"2025-08-07T16:55:34","modified_gmt":"2025-08-07T13:55:34","slug":"ses-bariyeri-ses-korkulugu","status":"publish","type":"page","link":"https:\/\/tag90.com\/en\/ses-bariyeri-ses-korkulugu\/","title":{"rendered":"Sound Barriers"},"content":{"rendered":"<div data-elementor-type=\"wp-page\" data-elementor-id=\"2646\" class=\"elementor elementor-2646\">\n\t\t\t\t<div class=\"elementor-element elementor-element-230fce0 e-flex e-con-boxed e-con e-parent\" data-id=\"230fce0\" data-element_type=\"container\">\n\t\t\t\t\t<div class=\"e-con-inner\">\n\t\t\t\t<div class=\"elementor-element elementor-element-09140d3 elementor-widget elementor-widget-go-s-heading\" data-id=\"09140d3\" data-element_type=\"widget\" data-widget_type=\"go-s-heading.default\">\n\t\t\t\t<div class=\"elementor-widget-container\">\n\t\t\t\t\t<div class=\"cg-sec-title headline prthalign\">\n    <h1 class=\"elementor-gt-heading sec_title cg-sec-title cg-has-anim\">Sound Barriers<br \/>\n<\/h1>    <\/div>\t\t\t\t<\/div>\n\t\t\t\t<\/div>\n\t\t\t\t\t<\/div>\n\t\t\t\t<\/div>\n\t\t<div class=\"elementor-element elementor-element-f48d30d e-flex e-con-boxed e-con e-parent\" data-id=\"f48d30d\" data-element_type=\"container\">\n\t\t\t\t\t<div class=\"e-con-inner\">\n\t\t\t\t<div class=\"elementor-element elementor-element-4ed5d9a elementor-widget elementor-widget-heading\" data-id=\"4ed5d9a\" data-element_type=\"widget\" data-widget_type=\"heading.default\">\n\t\t\t\t\t<h2 class=\"elementor-heading-title elementor-size-default\">Sound Barriers\n<\/h2>\t\t\t\t<\/div>\n\t\t\t\t\t<\/div>\n\t\t\t\t<\/div>\n\t\t<div class=\"elementor-element elementor-element-d6ac522 e-flex e-con-boxed e-con e-parent\" data-id=\"d6ac522\" data-element_type=\"container\">\n\t\t\t\t\t<div class=\"e-con-inner\">\n\t\t\t\t<div class=\"elementor-element elementor-element-85fddf3 elementor-widget elementor-widget-text-editor\" data-id=\"85fddf3\" data-element_type=\"widget\" data-widget_type=\"text-editor.default\">\n\t\t\t\t\t\t\t\t\tNoise pollution can negatively affect both living spaces and working environments. Yavizing offers effective solutions against noise with high-quality sound barriers. Sound barriers that can be used in every environment, from industrial areas to urban roads, provide high sound insulation and create a safe and peaceful environment.\n\n\t\t\t\t\t\t\t\t<\/div>\n\t\t\t\t\t<\/div>\n\t\t\t\t<\/div>\n\t\t<div class=\"elementor-element elementor-element-bd1a82b e-flex e-con-boxed e-con e-parent\" data-id=\"bd1a82b\" data-element_type=\"container\">\n\t\t\t\t\t<div class=\"e-con-inner\">\n\t\t<div class=\"elementor-element elementor-element-8dc62ca e-con-full e-flex e-con e-child\" data-id=\"8dc62ca\" data-element_type=\"container\">\n\t\t\t\t<div class=\"elementor-element elementor-element-8840616 elementor-widget elementor-widget-image\" data-id=\"8840616\" data-element_type=\"widget\" data-widget_type=\"image.default\">\n\t\t\t\t\t\t\t\t\t\t\t\t\t\t\t<img fetchpriority=\"high\" decoding=\"async\" width=\"612\" height=\"507\" src=\"https:\/\/tag90.com\/wp-content\/uploads\/metal_aluminyum.png\" class=\"attachment-large size-large wp-image-2152\" alt=\"\" srcset=\"https:\/\/tag90.com\/wp-content\/uploads\/metal_aluminyum.png 612w, https:\/\/tag90.com\/wp-content\/uploads\/metal_aluminyum-300x249.png 300w\" sizes=\"(max-width: 612px) 100vw, 612px\" \/>\t\t\t\t\t\t\t\t\t\t\t\t\t\t\t<\/div>\n\t\t\t\t<div class=\"elementor-element elementor-element-42f8433 elementor-widget elementor-widget-text-editor\" data-id=\"42f8433\" data-element_type=\"widget\" data-widget_type=\"text-editor.default\">\n\t\t\t\t\t\t\t\t\t<p style=\"text-align: center;\"><strong>Aluminum Sound Barrier<\/strong><\/p>\t\t\t\t\t\t\t\t<\/div>\n\t\t\t\t<div class=\"elementor-element elementor-element-819a160 elementor-widget elementor-widget-text-editor\" data-id=\"819a160\" data-element_type=\"widget\" data-widget_type=\"text-editor.default\">\n\t\t\t\t\t\t\t\t\t<p class=\"product-description\">Metal sound barriers are a durable, long-lasting, and aesthetically pleasing noise reduction solution made of steel and aluminum. They are resistant to harsh weather conditions and blend in with the environment.<\/p><hr class=\"product-separator\" \/>\t\t\t\t\t\t\t\t<\/div>\n\t\t\t\t<\/div>\n\t\t<div class=\"elementor-element elementor-element-97ae8b4 e-con-full e-flex e-con e-child\" data-id=\"97ae8b4\" data-element_type=\"container\">\n\t\t\t\t<div class=\"elementor-element elementor-element-68b256b elementor-widget elementor-widget-image\" data-id=\"68b256b\" data-element_type=\"widget\" data-widget_type=\"image.default\">\n\t\t\t\t\t\t\t\t\t\t\t\t\t\t\t<img decoding=\"async\" width=\"610\" height=\"365\" src=\"https:\/\/tag90.com\/wp-content\/uploads\/Plastik_Akrilik2.png\" class=\"attachment-large size-large wp-image-2151\" alt=\"\" srcset=\"https:\/\/tag90.com\/wp-content\/uploads\/Plastik_Akrilik2.png 610w, https:\/\/tag90.com\/wp-content\/uploads\/Plastik_Akrilik2-300x180.png 300w\" sizes=\"(max-width: 610px) 100vw, 610px\" \/>\t\t\t\t\t\t\t\t\t\t\t\t\t\t\t<\/div>\n\t\t\t\t<div class=\"elementor-element elementor-element-df63327 elementor-hidden-tablet elementor-hidden-mobile elementor-widget elementor-widget-spacer\" data-id=\"df63327\" data-element_type=\"widget\" data-widget_type=\"spacer.default\">\n\t\t\t\t\t\t\t<div class=\"elementor-spacer\">\n\t\t\t<div class=\"elementor-spacer-inner\"><\/div>\n\t\t<\/div>\n\t\t\t\t\t\t<\/div>\n\t\t\t\t<div class=\"elementor-element elementor-element-317b37c elementor-widget elementor-widget-text-editor\" data-id=\"317b37c\" data-element_type=\"widget\" data-widget_type=\"text-editor.default\">\n\t\t\t\t\t\t\t\t\t<p style=\"text-align: center;\"><strong>Plastic &amp; Acrylic Sound Barrier<\/strong><\/p>\t\t\t\t\t\t\t\t<\/div>\n\t\t\t\t<div class=\"elementor-element elementor-element-1008a2b elementor-widget elementor-widget-text-editor\" data-id=\"1008a2b\" data-element_type=\"widget\" data-widget_type=\"text-editor.default\">\n\t\t\t\t\t\t\t\t\t<p class=\"product-description\">Plastic and acrylic sound barriers preserve the integrity of the landscape with their transparent design while reducing noise pollution. Their lightweight and durable structure minimizes environmental impact.<\/p><hr class=\"product-separator\" \/>\t\t\t\t\t\t\t\t<\/div>\n\t\t\t\t<\/div>\n\t\t<div class=\"elementor-element elementor-element-ee3dbbe e-con-full e-flex e-con e-child\" data-id=\"ee3dbbe\" data-element_type=\"container\">\n\t\t\t\t<div class=\"elementor-element elementor-element-f691fb9 elementor-widget elementor-widget-image\" data-id=\"f691fb9\" data-element_type=\"widget\" data-widget_type=\"image.default\">\n\t\t\t\t\t\t\t\t\t\t\t\t\t\t\t<img decoding=\"async\" width=\"609\" height=\"504\" src=\"https:\/\/tag90.com\/wp-content\/uploads\/ahsap.png\" class=\"attachment-large size-large wp-image-2150\" alt=\"\" srcset=\"https:\/\/tag90.com\/wp-content\/uploads\/ahsap.png 609w, https:\/\/tag90.com\/wp-content\/uploads\/ahsap-300x248.png 300w\" sizes=\"(max-width: 609px) 100vw, 609px\" \/>\t\t\t\t\t\t\t\t\t\t\t\t\t\t\t<\/div>\n\t\t\t\t<div class=\"elementor-element elementor-element-5c103d5 elementor-widget elementor-widget-text-editor\" data-id=\"5c103d5\" data-element_type=\"widget\" data-widget_type=\"text-editor.default\">\n\t\t\t\t\t\t\t\t\t<p style=\"text-align: center;\"><strong>Wood &amp; Composite Sound Barrier<\/strong><\/p>\t\t\t\t\t\t\t\t<\/div>\n\t\t\t\t<div class=\"elementor-element elementor-element-16715a0 elementor-widget elementor-widget-text-editor\" data-id=\"16715a0\" data-element_type=\"widget\" data-widget_type=\"text-editor.default\">\n\t\t\t\t\t\t\t\t\t<p class=\"product-description\">Wooden and composite sound barriers offer ideal solutions for reducing noise pollution with their natural and environmentally friendly design. Their aesthetic and durable structure is particularly suitable for green spaces and residential areas.<\/p><hr class=\"product-separator\" \/>\t\t\t\t\t\t\t\t<\/div>\n\t\t\t\t<\/div>\n\t\t<div class=\"elementor-element elementor-element-6300c23 e-con-full e-flex e-con e-child\" data-id=\"6300c23\" data-element_type=\"container\">\n\t\t\t\t<\/div>\n\t\t<div class=\"elementor-element elementor-element-c677ae9 e-con-full e-flex e-con e-child\" data-id=\"c677ae9\" data-element_type=\"container\">\n\t\t\t\t<\/div>\n\t\t<div class=\"elementor-element elementor-element-b8dd9e3 e-con-full e-flex e-con e-child\" data-id=\"b8dd9e3\" data-element_type=\"container\">\n\t\t\t\t<\/div>\n\t\t\t\t\t<\/div>\n\t\t\t\t<\/div>\n\t\t<div class=\"elementor-element elementor-element-9d4afb9 e-flex e-con-boxed e-con e-parent\" data-id=\"9d4afb9\" data-element_type=\"container\">\n\t\t\t\t\t<div class=\"e-con-inner\">\n\t\t\t\t<div class=\"elementor-element elementor-element-c9a7b14 elementor-widget elementor-widget-text-editor\" data-id=\"c9a7b14\" data-element_type=\"widget\" data-widget_type=\"text-editor.default\">\n\t\t\t\t\t\t\t\t\t<p style=\"text-align: center;\">Yavizing offers sound barriers that can be customized to different needs and come in a variety of designs. Manufactured using modern technology, these sound barriers stand out for their durability and efficiency.<\/p>\t\t\t\t\t\t\t\t<\/div>\n\t\t\t\t<div class=\"elementor-element elementor-element-a062873 elementor-widget elementor-widget-html\" data-id=\"a062873\" data-element_type=\"widget\" data-widget_type=\"html.default\">\n\t\t\t\t\t<div class=\"info-box\">\r\n  <div class=\"info-box-content\">\r\n    <div class=\"info-box-icon\">\r\n      <i class=\"fas fa-quote-left\"><\/i>\r\n    <\/div>\r\n    <p class=\"info-box-text\">\r\n      For detailed information and product features you can visit the address: <a href=\"https:\/\/www.seskorkulugu.com\" target=\"_blank\">www.seskorkulugu.com<\/a> adresini ziyaret edebilirsiniz.\r\n    <\/p>\r\n  <\/div>\r\n<\/div>\t\t\t\t<\/div>\n\t\t\t\t\t<\/div>\n\t\t\t\t<\/div>\n\t\t\t\t<\/div>","protected":false},"excerpt":{"rendered":"<p>Ses Bariyeri \/ Ses Korkulu\u011fu Ses Bariyeri \/ Ses Korkulu\u011fu G\u00fcr\u00fclt\u00fc kirlili\u011fi, hem ya\u015fam alanlar\u0131n\u0131 hem de \u00e7al\u0131\u015fma ortamlar\u0131n\u0131 olumsuz etkileyebilir. Yavizing, y\u00fcksek kaliteli ses bariyerleri ile g\u00fcr\u00fclt\u00fcye kar\u015f\u0131 etkili \u00e7\u00f6z\u00fcmler sunmaktad\u0131r. End\u00fcstriyel alanlardan \u015fehir i\u00e7i yollar\u0131na kadar her ortamda kullan\u0131labilen ses bariyerleri, y\u00fcksek ses yal\u0131t\u0131m\u0131 sa\u011flayarak g\u00fcvenli ve huzurlu bir \u00e7evre olu\u015fturur. Al\u00fcminyum Ses [&hellip;]<\/p>","protected":false},"author":1,"featured_media":0,"parent":0,"menu_order":0,"comment_status":"closed","ping_status":"closed","template":"elementor_header_footer","meta":{"footnotes":""},"class_list":["post-2646","page","type-page","status-publish","hentry"],"_links":{"self":[{"href":"https:\/\/tag90.com\/en\/wp-json\/wp\/v2\/pages\/2646","targetHints":{"allow":["GET"]}}],"collection":[{"href":"https:\/\/tag90.com\/en\/wp-json\/wp\/v2\/pages"}],"about":[{"href":"https:\/\/tag90.com\/en\/wp-json\/wp\/v2\/types\/page"}],"author":[{"embeddable":true,"href":"https:\/\/tag90.com\/en\/wp-json\/wp\/v2\/users\/1"}],"replies":[{"embeddable":true,"href":"https:\/\/tag90.com\/en\/wp-json\/wp\/v2\/comments?post=2646"}],"version-history":[{"count":0,"href":"https:\/\/tag90.com\/en\/wp-json\/wp\/v2\/pages\/2646\/revisions"}],"wp:attachment":[{"href":"https:\/\/tag90.com\/en\/wp-json\/wp\/v2\/media?parent=2646"}],"curies":[{"name":"wp","href":"https:\/\/api.w.org\/{rel}","templated":true}]}}