{"id":2693,"date":"2025-08-07T17:19:05","date_gmt":"2025-08-07T14:19:05","guid":{"rendered":"https:\/\/tag90.com\/?page_id=2693"},"modified":"2025-08-07T23:17:20","modified_gmt":"2025-08-07T20:17:20","slug":"endustriyel-uretim-ve-isleme-makineleri","status":"publish","type":"page","link":"https:\/\/tag90.com\/en\/endustriyel-uretim-ve-isleme-makineleri\/","title":{"rendered":"Industrial Production and Processing Machinery"},"content":{"rendered":"<div data-elementor-type=\"wp-page\" data-elementor-id=\"2693\" class=\"elementor elementor-2693\">\n\t\t\t\t<div class=\"elementor-element elementor-element-230fce0 e-flex e-con-boxed e-con e-parent\" data-id=\"230fce0\" data-element_type=\"container\">\n\t\t\t\t\t<div class=\"e-con-inner\">\n\t\t\t\t<div class=\"elementor-element elementor-element-09140d3 elementor-widget elementor-widget-go-s-heading\" data-id=\"09140d3\" data-element_type=\"widget\" data-widget_type=\"go-s-heading.default\">\n\t\t\t\t<div class=\"elementor-widget-container\">\n\t\t\t\t\t<div class=\"cg-sec-title headline prthalign\">\n    <h1 class=\"elementor-gt-heading sec_title cg-sec-title cg-has-anim\">Industrial Production and Processing Machinery<\/h1>    <\/div>\t\t\t\t<\/div>\n\t\t\t\t<\/div>\n\t\t\t\t\t<\/div>\n\t\t\t\t<\/div>\n\t\t<div class=\"elementor-element elementor-element-f48d30d e-flex e-con-boxed e-con e-parent\" data-id=\"f48d30d\" data-element_type=\"container\">\n\t\t\t\t\t<div class=\"e-con-inner\">\n\t\t\t\t<div class=\"elementor-element elementor-element-4ed5d9a elementor-widget elementor-widget-heading\" data-id=\"4ed5d9a\" data-element_type=\"widget\" data-widget_type=\"heading.default\">\n\t\t\t\t\t<h2 class=\"elementor-heading-title elementor-size-default\">Sound Barriers\n<\/h2>\t\t\t\t<\/div>\n\t\t\t\t\t<\/div>\n\t\t\t\t<\/div>\n\t\t<div class=\"elementor-element elementor-element-4b82b13 e-flex e-con-boxed e-con e-parent\" data-id=\"4b82b13\" data-element_type=\"container\">\n\t\t\t\t\t<div class=\"e-con-inner\">\n\t\t\t\t<div class=\"elementor-element elementor-element-3dad021 elementor-widget elementor-widget-text-editor\" data-id=\"3dad021\" data-element_type=\"widget\" data-widget_type=\"text-editor.default\">\n\t\t\t\t\t\t\t\t\t<section class=\"section-intro\" style=\"background: transparent; padding: 40px 60px; max-width: 1200px; margin: 0 auto; font-family: Arial, sans-serif;\">\n  <div class=\"intro-content\">\n    <h2 style=\"font-size: 32px; font-weight: bold; margin-bottom: 20px; color: #222;\">\n      Industrial Production and Processing Machinery\n    <\/h2>\n    <p style=\"font-size: 18px; line-height: 1.8; color: #444;\">\n      As Yavizing, we supply industrial machines that increase efficiency in industrial and production processes. Our high-tech equipment, such as CNC routers, fiber laser cutting machines, and welding systems, has been developed to meet metal processing and production line needs. These machines offer superior performance in applications that require both precision and speed.\n    <\/p>\n    <p style=\"font-size: 18px; line-height: 1.8; color: #444;\">\n      With our quality approach that complies with international standards, we provide solutions to many businesses both domestically and internationally. These machines, supplied with Yavizing's guarantee, take your production processes to the next level while also increasing your competitive strength.\n    <\/p>\n  <\/div>\n<\/section>\n\t\t\t\t\t\t\t\t<\/div>\n\t\t\t\t\t<\/div>\n\t\t\t\t<\/div>\n\t\t<div class=\"elementor-element elementor-element-13eadcb e-flex e-con-boxed e-con e-parent\" data-id=\"13eadcb\" data-element_type=\"container\">\n\t\t\t\t\t<div class=\"e-con-inner\">\n\t\t<div class=\"elementor-element elementor-element-0736ce9 e-con-full e-flex e-con e-child\" data-id=\"0736ce9\" data-element_type=\"container\">\n\t\t\t\t<div class=\"elementor-element elementor-element-1e065eb elementor-widget elementor-widget-spacer\" data-id=\"1e065eb\" data-element_type=\"widget\" data-widget_type=\"spacer.default\">\n\t\t\t\t\t\t\t<div class=\"elementor-spacer\">\n\t\t\t<div class=\"elementor-spacer-inner\"><\/div>\n\t\t<\/div>\n\t\t\t\t\t\t<\/div>\n\t\t\t\t<div class=\"elementor-element elementor-element-d653cf9 elementor-widget elementor-widget-image\" data-id=\"d653cf9\" data-element_type=\"widget\" data-widget_type=\"image.default\">\n\t\t\t\t\t\t\t\t\t\t\t\t\t\t\t<img fetchpriority=\"high\" decoding=\"async\" width=\"640\" height=\"640\" src=\"https:\/\/tag90.com\/wp-content\/uploads\/Endustriyel-768x768-1.png\" class=\"attachment-large size-large wp-image-2132\" alt=\"\" srcset=\"https:\/\/tag90.com\/wp-content\/uploads\/Endustriyel-768x768-1.png 768w, https:\/\/tag90.com\/wp-content\/uploads\/Endustriyel-768x768-1-300x300.png 300w, https:\/\/tag90.com\/wp-content\/uploads\/Endustriyel-768x768-1-150x150.png 150w\" sizes=\"(max-width: 640px) 100vw, 640px\" \/>\t\t\t\t\t\t\t\t\t\t\t\t\t\t\t<\/div>\n\t\t\t\t<\/div>\n\t\t<div class=\"elementor-element elementor-element-fa0437d e-con-full e-flex e-con e-child\" data-id=\"fa0437d\" data-element_type=\"container\">\n\t\t\t\t<div class=\"elementor-element elementor-element-3e588ac elementor-widget elementor-widget-text-editor\" data-id=\"3e588ac\" data-element_type=\"widget\" data-widget_type=\"text-editor.default\">\n\t\t\t\t\t\t\t\t\t<section class=\"yavizing-difference\">\n  <h3>The Yavizing Difference: Why Us?<\/h3>\n  <p>At Yavizing, we offer not only products but also long-term solutions. With our advanced technology, strong service network, and customer-focused approach, we combine quality, reliability, and efficiency.<\/p>\n\n  <ul>\n    <li><b>High Technology and Precision:<\/b> All of the machines we offer are manufactured to international standards and deliver superior performance and precision even in the most demanding projects.<\/li>\n    <li><b>Extensive Sales and Support Network:<\/b> Thanks to our extensive customer network throughout Turkey and abroad, we not only supply machinery, but also provide after-sales support services.<\/li>\n    <li><b>Productivity-Focused Solutions:<\/b> Our machines help you reduce labor and time costs by speeding up your production processes.<\/li>\n    <li><b>Global Quality, Local Service:<\/b> We offer our international quality products with an understanding that is well versed in the dynamics of the local market.<\/li>\n  <\/ul>\n<\/section>\n\t\t\t\t\t\t\t\t<\/div>\n\t\t\t\t<\/div>\n\t\t\t\t\t<\/div>\n\t\t\t\t<\/div>\n\t\t\t\t<\/div>","protected":false},"excerpt":{"rendered":"<p>End\u00fcstriyel \u00dcretim ve \u0130\u015fleme Makineleri Ses Bariyeri \/ Ses Korkulu\u011fu End\u00fcstriyel \u00dcretim ve \u0130\u015fleme Makineleri Yavizing olarak, sanayi ve \u00fcretim s\u00fcre\u00e7lerinde verimlili\u011fi art\u0131ran end\u00fcstriyel makineler tedarik ediyoruz. CNC routerlar, fiber lazer kesim makineleri ve kaynak sistemleri gibi y\u00fcksek teknolojiye sahip ekipmanlar\u0131m\u0131z, metal i\u015fleme ve \u00fcretim hatt\u0131 ihtiya\u00e7lar\u0131n\u0131 kar\u015f\u0131lamak \u00fczere geli\u015ftirilmi\u015ftir. Bu makineler, hem hassasiyet hem [&hellip;]<\/p>","protected":false},"author":1,"featured_media":0,"parent":0,"menu_order":0,"comment_status":"closed","ping_status":"closed","template":"elementor_header_footer","meta":{"footnotes":""},"class_list":["post-2693","page","type-page","status-publish","hentry"],"_links":{"self":[{"href":"https:\/\/tag90.com\/en\/wp-json\/wp\/v2\/pages\/2693","targetHints":{"allow":["GET"]}}],"collection":[{"href":"https:\/\/tag90.com\/en\/wp-json\/wp\/v2\/pages"}],"about":[{"href":"https:\/\/tag90.com\/en\/wp-json\/wp\/v2\/types\/page"}],"author":[{"embeddable":true,"href":"https:\/\/tag90.com\/en\/wp-json\/wp\/v2\/users\/1"}],"replies":[{"embeddable":true,"href":"https:\/\/tag90.com\/en\/wp-json\/wp\/v2\/comments?post=2693"}],"version-history":[{"count":0,"href":"https:\/\/tag90.com\/en\/wp-json\/wp\/v2\/pages\/2693\/revisions"}],"wp:attachment":[{"href":"https:\/\/tag90.com\/en\/wp-json\/wp\/v2\/media?parent=2693"}],"curies":[{"name":"wp","href":"https:\/\/api.w.org\/{rel}","templated":true}]}}