{"id":2704,"date":"2025-08-07T17:38:29","date_gmt":"2025-08-07T14:38:29","guid":{"rendered":"https:\/\/tag90.com\/?page_id=2704"},"modified":"2025-08-07T23:25:51","modified_gmt":"2025-08-07T20:25:51","slug":"ofis-ve-yazici-malzemeleri","status":"publish","type":"page","link":"https:\/\/tag90.com\/en\/ofis-ve-yazici-malzemeleri\/","title":{"rendered":"Office and Printer Supplies"},"content":{"rendered":"<div data-elementor-type=\"wp-page\" data-elementor-id=\"2704\" class=\"elementor elementor-2704\">\n\t\t\t\t<div class=\"elementor-element elementor-element-230fce0 e-flex e-con-boxed e-con e-parent\" data-id=\"230fce0\" data-element_type=\"container\">\n\t\t\t\t\t<div class=\"e-con-inner\">\n\t\t\t\t<div class=\"elementor-element elementor-element-09140d3 elementor-widget elementor-widget-go-s-heading\" data-id=\"09140d3\" data-element_type=\"widget\" data-widget_type=\"go-s-heading.default\">\n\t\t\t\t<div class=\"elementor-widget-container\">\n\t\t\t\t\t<div class=\"cg-sec-title headline prthalign\">\n    <h1 class=\"elementor-gt-heading sec_title cg-sec-title cg-has-anim\">Office and Printer Supplies<br \/>\n<\/h1>    <\/div>\t\t\t\t<\/div>\n\t\t\t\t<\/div>\n\t\t\t\t\t<\/div>\n\t\t\t\t<\/div>\n\t\t<div class=\"elementor-element elementor-element-f48d30d e-flex e-con-boxed e-con e-parent\" data-id=\"f48d30d\" data-element_type=\"container\">\n\t\t\t\t\t<div class=\"e-con-inner\">\n\t\t\t\t<div class=\"elementor-element elementor-element-4ed5d9a elementor-widget elementor-widget-heading\" data-id=\"4ed5d9a\" data-element_type=\"widget\" data-widget_type=\"heading.default\">\n\t\t\t\t\t<h2 class=\"elementor-heading-title elementor-size-default\">Sound Barriers\n<\/h2>\t\t\t\t<\/div>\n\t\t\t\t\t<\/div>\n\t\t\t\t<\/div>\n\t\t<div class=\"elementor-element elementor-element-5863482 e-flex e-con-boxed e-con e-parent\" data-id=\"5863482\" data-element_type=\"container\">\n\t\t\t\t\t<div class=\"e-con-inner\">\n\t\t\t\t<div class=\"elementor-element elementor-element-e8d7be5 elementor-widget elementor-widget-text-editor\" data-id=\"e8d7be5\" data-element_type=\"widget\" data-widget_type=\"text-editor.default\">\n\t\t\t\t\t\t\t\t\t<section class=\"section-intro\" style=\"background: transparent;\">\n  <div class=\"intro-content\">\n    <h2>Office and Printer Supplies<\/h2>\n    At Yavizing, we supply high-quality office and printer supplies that meet the basic needs of offices. We offer products compatible with printers and photocopiers, including A4 photocopy paper, in a variety of weights and quality options.\n\n    Our solutions support both corporate companies and individual users in working efficiently, simplifying written documentation processes and providing a seamless office experience. With our domestic and international wholesale sales capabilities, we support businesses of all sizes.\n  <\/div>\n<\/section>\n\t\t\t\t\t\t\t\t<\/div>\n\t\t\t\t\t<\/div>\n\t\t\t\t<\/div>\n\t\t<div class=\"elementor-element elementor-element-13eadcb e-flex e-con-boxed e-con e-parent\" data-id=\"13eadcb\" data-element_type=\"container\">\n\t\t\t\t\t<div class=\"e-con-inner\">\n\t\t<div class=\"elementor-element elementor-element-0736ce9 e-con-full e-flex e-con e-child\" data-id=\"0736ce9\" data-element_type=\"container\">\n\t\t\t\t<div class=\"elementor-element elementor-element-a144369 elementor-widget elementor-widget-spacer\" data-id=\"a144369\" data-element_type=\"widget\" data-widget_type=\"spacer.default\">\n\t\t\t\t\t\t\t<div class=\"elementor-spacer\">\n\t\t\t<div class=\"elementor-spacer-inner\"><\/div>\n\t\t<\/div>\n\t\t\t\t\t\t<\/div>\n\t\t\t\t<div class=\"elementor-element elementor-element-d653cf9 elementor-widget elementor-widget-image\" data-id=\"d653cf9\" data-element_type=\"widget\" data-widget_type=\"image.default\">\n\t\t\t\t\t\t\t\t\t\t\t\t\t\t\t<img fetchpriority=\"high\" decoding=\"async\" width=\"640\" height=\"640\" src=\"https:\/\/tag90.com\/wp-content\/uploads\/ofisveyazici.png\" class=\"attachment-large size-large wp-image-2135\" alt=\"\" srcset=\"https:\/\/tag90.com\/wp-content\/uploads\/ofisveyazici.png 1024w, https:\/\/tag90.com\/wp-content\/uploads\/ofisveyazici-300x300.png 300w, https:\/\/tag90.com\/wp-content\/uploads\/ofisveyazici-150x150.png 150w, https:\/\/tag90.com\/wp-content\/uploads\/ofisveyazici-768x768.png 768w\" sizes=\"(max-width: 640px) 100vw, 640px\" \/>\t\t\t\t\t\t\t\t\t\t\t\t\t\t\t<\/div>\n\t\t\t\t<\/div>\n\t\t<div class=\"elementor-element elementor-element-fa0437d e-con-full e-flex e-con e-child\" data-id=\"fa0437d\" data-element_type=\"container\">\n\t\t\t\t<div class=\"elementor-element elementor-element-3e588ac elementor-widget elementor-widget-text-editor\" data-id=\"3e588ac\" data-element_type=\"widget\" data-widget_type=\"text-editor.default\">\n\t\t\t\t\t\t\t\t\t<section class=\"a4-paper-section\">\n  <h3>Quality and Reliability in A4 Copy Paper<\/h3>\n  <p>A4 copy paper, an essential item in every office, forms the basis of our product portfolio. Designed to ensure the smooth running of your written documentation processes, our paper comes in a wide variety of types to meet all your needs.<\/p>\n\n  <ul>\n    <li><b>Different Weight Options:<\/b> We offer a wide range of paper weights, from standard 80 gsm to higher weights for your special projects.<\/li>\n    <li><b>High Compatibility:<\/b> Our products are fully compatible with all laser and inkjet printers, fax machines, and photocopiers.<\/li>\n    <li><b>Superior Print Quality:<\/b> Its high whiteness ratio and smooth surface enable you to obtain clear, vivid, and professional-looking outputs.<\/li>\n    <li><b>Trouble-Free Use:<\/b> With a design that minimizes problems such as paper jams, it protects the life of your devices and provides an uninterrupted office experience.<\/li>\n  <\/ul>\n<\/section>\n\t\t\t\t\t\t\t\t<\/div>\n\t\t\t\t<\/div>\n\t\t\t\t\t<\/div>\n\t\t\t\t<\/div>\n\t\t\t\t<\/div>","protected":false},"excerpt":{"rendered":"<p>Ofis ve Yaz\u0131c\u0131 Malzemeleri Ses Bariyeri \/ Ses Korkulu\u011fu Ofis ve Yaz\u0131c\u0131 Malzemeleri Yavizing olarak, ofislerin temel ihtiya\u00e7lar\u0131n\u0131 kar\u015f\u0131layan y\u00fcksek kaliteli ofis ve yaz\u0131c\u0131 malzemeleri tedarik ediyoruz. A4 fotokopi ka\u011f\u0131tlar\u0131 ba\u015fta olmak \u00fczere, farkl\u0131 gramaj ve kalite se\u00e7enekleriyle yaz\u0131c\u0131 ve fotokopi makinelerine uyumlu \u00fcr\u00fcnler sunuyoruz. Hem kurumsal firmalar\u0131n hem de bireysel kullan\u0131c\u0131lar\u0131n verimli \u00e7al\u0131\u015fmas\u0131n\u0131 destekleyen [&hellip;]<\/p>","protected":false},"author":1,"featured_media":0,"parent":0,"menu_order":0,"comment_status":"closed","ping_status":"closed","template":"elementor_header_footer","meta":{"footnotes":""},"class_list":["post-2704","page","type-page","status-publish","hentry"],"_links":{"self":[{"href":"https:\/\/tag90.com\/en\/wp-json\/wp\/v2\/pages\/2704","targetHints":{"allow":["GET"]}}],"collection":[{"href":"https:\/\/tag90.com\/en\/wp-json\/wp\/v2\/pages"}],"about":[{"href":"https:\/\/tag90.com\/en\/wp-json\/wp\/v2\/types\/page"}],"author":[{"embeddable":true,"href":"https:\/\/tag90.com\/en\/wp-json\/wp\/v2\/users\/1"}],"replies":[{"embeddable":true,"href":"https:\/\/tag90.com\/en\/wp-json\/wp\/v2\/comments?post=2704"}],"version-history":[{"count":0,"href":"https:\/\/tag90.com\/en\/wp-json\/wp\/v2\/pages\/2704\/revisions"}],"wp:attachment":[{"href":"https:\/\/tag90.com\/en\/wp-json\/wp\/v2\/media?parent=2704"}],"curies":[{"name":"wp","href":"https:\/\/api.w.org\/{rel}","templated":true}]}}