{"id":2711,"date":"2025-08-07T17:45:05","date_gmt":"2025-08-07T14:45:05","guid":{"rendered":"https:\/\/tag90.com\/?page_id=2711"},"modified":"2025-08-07T23:29:46","modified_gmt":"2025-08-07T20:29:46","slug":"ticari-mutfak-ekipmanlari","status":"publish","type":"page","link":"https:\/\/tag90.com\/en\/ticari-mutfak-ekipmanlari\/","title":{"rendered":"Commercial Kitchen Equipment"},"content":{"rendered":"<div data-elementor-type=\"wp-page\" data-elementor-id=\"2711\" class=\"elementor elementor-2711\">\n\t\t\t\t<div class=\"elementor-element elementor-element-230fce0 e-flex e-con-boxed e-con e-parent\" data-id=\"230fce0\" data-element_type=\"container\">\n\t\t\t\t\t<div class=\"e-con-inner\">\n\t\t\t\t<div class=\"elementor-element elementor-element-09140d3 elementor-widget elementor-widget-go-s-heading\" data-id=\"09140d3\" data-element_type=\"widget\" data-widget_type=\"go-s-heading.default\">\n\t\t\t\t<div class=\"elementor-widget-container\">\n\t\t\t\t\t<div class=\"cg-sec-title headline prthalign\">\n    <h1 class=\"elementor-gt-heading sec_title cg-sec-title cg-has-anim\">Commercial Kitchen Equipment<br \/>\n<br \/>\n<\/h1>    <\/div>\t\t\t\t<\/div>\n\t\t\t\t<\/div>\n\t\t\t\t\t<\/div>\n\t\t\t\t<\/div>\n\t\t<div class=\"elementor-element elementor-element-f48d30d e-flex e-con-boxed e-con e-parent\" data-id=\"f48d30d\" data-element_type=\"container\">\n\t\t\t\t\t<div class=\"e-con-inner\">\n\t\t\t\t<div class=\"elementor-element elementor-element-4ed5d9a elementor-widget elementor-widget-heading\" data-id=\"4ed5d9a\" data-element_type=\"widget\" data-widget_type=\"heading.default\">\n\t\t\t\t\t<h2 class=\"elementor-heading-title elementor-size-default\">Sound Barriers\n<\/h2>\t\t\t\t<\/div>\n\t\t\t\t\t<\/div>\n\t\t\t\t<\/div>\n\t\t<div class=\"elementor-element elementor-element-d52d5c9 e-flex e-con-boxed e-con e-parent\" data-id=\"d52d5c9\" data-element_type=\"container\">\n\t\t\t\t\t<div class=\"e-con-inner\">\n\t\t\t\t<div class=\"elementor-element elementor-element-970147a elementor-widget elementor-widget-text-editor\" data-id=\"970147a\" data-element_type=\"widget\" data-widget_type=\"text-editor.default\">\n\t\t\t\t\t\t\t\t\t<section class=\"section-intro\" style=\"background: transparent;\">\n  <div class=\"intro-content\">\n    <h2>Commercial Kitchen Equipment<\/h2>\n    Yavizing is a wholesale distributor of commercial kitchen equipment both domestically and internationally. We provide high-quality equipment for restaurants, hotels, cafes, and other commercial kitchens, offering reliable and efficient solutions tailored to our customers' needs.\n\n    By collaborating with leading brands such as Sermeks Grill, we supply durable, efficient, and cost-effective kitchen equipment to professionals in the industry. Through our wholesale services, we aim to provide the most suitable solutions for kitchens of all sizes.\n  <\/div>\n<\/section>\n\t\t\t\t\t\t\t\t<\/div>\n\t\t\t\t\t<\/div>\n\t\t\t\t<\/div>\n\t\t<div class=\"elementor-element elementor-element-13eadcb e-flex e-con-boxed e-con e-parent\" data-id=\"13eadcb\" data-element_type=\"container\">\n\t\t\t\t\t<div class=\"e-con-inner\">\n\t\t<div class=\"elementor-element elementor-element-0736ce9 e-con-full e-flex e-con e-child\" data-id=\"0736ce9\" data-element_type=\"container\">\n\t\t\t\t<div class=\"elementor-element elementor-element-daced15 elementor-widget elementor-widget-spacer\" data-id=\"daced15\" data-element_type=\"widget\" data-widget_type=\"spacer.default\">\n\t\t\t\t\t\t\t<div class=\"elementor-spacer\">\n\t\t\t<div class=\"elementor-spacer-inner\"><\/div>\n\t\t<\/div>\n\t\t\t\t\t\t<\/div>\n\t\t\t\t<div class=\"elementor-element elementor-element-d653cf9 elementor-widget elementor-widget-image\" data-id=\"d653cf9\" data-element_type=\"widget\" data-widget_type=\"image.default\">\n\t\t\t\t\t\t\t\t\t\t\t\t\t\t\t<img fetchpriority=\"high\" decoding=\"async\" width=\"640\" height=\"427\" src=\"https:\/\/tag90.com\/wp-content\/uploads\/mutfak-1024x683-1.png\" class=\"attachment-large size-large wp-image-2134\" alt=\"\" srcset=\"https:\/\/tag90.com\/wp-content\/uploads\/mutfak-1024x683-1.png 1024w, https:\/\/tag90.com\/wp-content\/uploads\/mutfak-1024x683-1-300x200.png 300w, https:\/\/tag90.com\/wp-content\/uploads\/mutfak-1024x683-1-768x512.png 768w\" sizes=\"(max-width: 640px) 100vw, 640px\" \/>\t\t\t\t\t\t\t\t\t\t\t\t\t\t\t<\/div>\n\t\t\t\t<\/div>\n\t\t<div class=\"elementor-element elementor-element-fa0437d e-con-full e-flex e-con e-child\" data-id=\"fa0437d\" data-element_type=\"container\">\n\t\t\t\t<div class=\"elementor-element elementor-element-c9a7b14 elementor-widget elementor-widget-text-editor\" data-id=\"c9a7b14\" data-element_type=\"widget\" data-widget_type=\"text-editor.default\">\n\t\t\t\t\t\t\t\t\t<section class=\"kitchen-solutions\"><h3>Reliable and Efficient Solutions for Professional Kitchens<\/h3><p>A successful kitchen is built with the right equipment. With this understanding, we offer reliable and efficient products that meet all your business needs.<\/p><ul><li><b>High Quality and Durability:<\/b> We ensure that your kitchen will operate smoothly for many years with equipment made of durable, stainless steel and high-quality materials.<\/li><li><b>Maximum Efficiency:<\/b> We maximize the performance of your kitchen staff with products featuring modern technologies that save energy and speed up cooking and preparation processes.<\/li><li><b>Wide Product Range:<\/b> We offer a wide range of products, from cookers to preparation units, cooling systems to dishwashing equipment.<\/li><li><b>Compete Prices:<\/b> Our wholesale model allows you to obtain the best prices for quality products and optimise your investment costs.<\/li><\/ul><\/section>\t\t\t\t\t\t\t\t<\/div>\n\t\t\t\t<\/div>\n\t\t\t\t\t<\/div>\n\t\t\t\t<\/div>\n\t\t\t\t<\/div>","protected":false},"excerpt":{"rendered":"<p>Ticari Mutfak Ekipmanlar\u0131 Ses Bariyeri \/ Ses Korkulu\u011fu Ticari Mutfak Ekipmanlar\u0131 Yavizing, yurti\u00e7inde ve yurtd\u0131\u015f\u0131nda ticari mutfak ekipmanlar\u0131 toptan sat\u0131\u015f\u0131n\u0131 yapmaktad\u0131r. Restoranlar, oteller, kafeler ve di\u011fer ticari mutfaklar i\u00e7in y\u00fcksek kaliteli ekipmanlar sunarak, m\u00fc\u015fterilerinin ihtiya\u00e7lar\u0131na y\u00f6nelik g\u00fcvenilir ve verimli \u00e7\u00f6z\u00fcmler sa\u011fl\u0131yoruz. Sermeks Grill gibi \u00f6nde gelen markalarla i\u015fbirli\u011fi yaparak, sekt\u00f6rdeki profesyonellere dayan\u0131kl\u0131, verimli ve uygun [&hellip;]<\/p>","protected":false},"author":1,"featured_media":0,"parent":0,"menu_order":0,"comment_status":"closed","ping_status":"closed","template":"elementor_header_footer","meta":{"footnotes":""},"class_list":["post-2711","page","type-page","status-publish","hentry"],"_links":{"self":[{"href":"https:\/\/tag90.com\/en\/wp-json\/wp\/v2\/pages\/2711","targetHints":{"allow":["GET"]}}],"collection":[{"href":"https:\/\/tag90.com\/en\/wp-json\/wp\/v2\/pages"}],"about":[{"href":"https:\/\/tag90.com\/en\/wp-json\/wp\/v2\/types\/page"}],"author":[{"embeddable":true,"href":"https:\/\/tag90.com\/en\/wp-json\/wp\/v2\/users\/1"}],"replies":[{"embeddable":true,"href":"https:\/\/tag90.com\/en\/wp-json\/wp\/v2\/comments?post=2711"}],"version-history":[{"count":0,"href":"https:\/\/tag90.com\/en\/wp-json\/wp\/v2\/pages\/2711\/revisions"}],"wp:attachment":[{"href":"https:\/\/tag90.com\/en\/wp-json\/wp\/v2\/media?parent=2711"}],"curies":[{"name":"wp","href":"https:\/\/api.w.org\/{rel}","templated":true}]}}