{"id":2721,"date":"2025-08-07T18:09:45","date_gmt":"2025-08-07T15:09:45","guid":{"rendered":"https:\/\/tag90.com\/?page_id=2721"},"modified":"2025-08-07T23:28:31","modified_gmt":"2025-08-07T20:28:31","slug":"sanat-ve-dekorasyon","status":"publish","type":"page","link":"https:\/\/tag90.com\/en\/sanat-ve-dekorasyon\/","title":{"rendered":"Art and Decoration"},"content":{"rendered":"<div data-elementor-type=\"wp-page\" data-elementor-id=\"2721\" class=\"elementor elementor-2721\">\n\t\t\t\t<div class=\"elementor-element elementor-element-230fce0 e-flex e-con-boxed e-con e-parent\" data-id=\"230fce0\" data-element_type=\"container\">\n\t\t\t\t\t<div class=\"e-con-inner\">\n\t\t\t\t<div class=\"elementor-element elementor-element-09140d3 elementor-widget elementor-widget-go-s-heading\" data-id=\"09140d3\" data-element_type=\"widget\" data-widget_type=\"go-s-heading.default\">\n\t\t\t\t<div class=\"elementor-widget-container\">\n\t\t\t\t\t<div class=\"cg-sec-title headline prthalign\">\n    <h1 class=\"elementor-gt-heading sec_title cg-sec-title cg-has-anim\">Art and Decoration<br \/>\n<br \/>\n<br \/>\n<\/h1>    <\/div>\t\t\t\t<\/div>\n\t\t\t\t<\/div>\n\t\t\t\t\t<\/div>\n\t\t\t\t<\/div>\n\t\t<div class=\"elementor-element elementor-element-f48d30d e-flex e-con-boxed e-con e-parent\" data-id=\"f48d30d\" data-element_type=\"container\">\n\t\t\t\t\t<div class=\"e-con-inner\">\n\t\t\t\t<div class=\"elementor-element elementor-element-4ed5d9a elementor-widget elementor-widget-heading\" data-id=\"4ed5d9a\" data-element_type=\"widget\" data-widget_type=\"heading.default\">\n\t\t\t\t\t<h2 class=\"elementor-heading-title elementor-size-default\">Sound Barriers\n<\/h2>\t\t\t\t<\/div>\n\t\t\t\t\t<\/div>\n\t\t\t\t<\/div>\n\t\t<div class=\"elementor-element elementor-element-b2a6d28 e-flex e-con-boxed e-con e-parent\" data-id=\"b2a6d28\" data-element_type=\"container\">\n\t\t\t\t\t<div class=\"e-con-inner\">\n\t\t\t\t<div class=\"elementor-element elementor-element-efd05ff elementor-widget elementor-widget-text-editor\" data-id=\"efd05ff\" data-element_type=\"widget\" data-widget_type=\"text-editor.default\">\n\t\t\t\t\t\t\t\t\t<section class=\"section-intro\" style=\"background: transparent;\">\n  <div class=\"intro-content\">\n    <h2>Art and Decoration<\/h2>\n    At Yavizing, we offer art and decoration products that add aesthetic value and meaning to your living spaces. Our canvas paintings, featuring unique designs, come in a wide collection of modern, classic, and abstract themes to suit every taste.\n\n    By adding an artistic touch to various spaces such as homes, offices, cafes, and hotels, we help you reflect the essence of your spaces. With both individual use and wholesale options, we combine quality and elegance in decoration.\n  <\/div>\n<\/section>\n\t\t\t\t\t\t\t\t<\/div>\n\t\t\t\t\t<\/div>\n\t\t\t\t<\/div>\n\t\t<div class=\"elementor-element elementor-element-13eadcb e-flex e-con-boxed e-con e-parent\" data-id=\"13eadcb\" data-element_type=\"container\">\n\t\t\t\t\t<div class=\"e-con-inner\">\n\t\t<div class=\"elementor-element elementor-element-0736ce9 e-con-full e-flex e-con e-child\" data-id=\"0736ce9\" data-element_type=\"container\">\n\t\t\t\t<div class=\"elementor-element elementor-element-d653cf9 elementor-widget elementor-widget-image\" data-id=\"d653cf9\" data-element_type=\"widget\" data-widget_type=\"image.default\">\n\t\t\t\t\t\t\t\t\t\t\t\t\t\t\t<img fetchpriority=\"high\" decoding=\"async\" width=\"640\" height=\"960\" src=\"https:\/\/tag90.com\/wp-content\/uploads\/sanatdekorasyon-768x1152-1-683x1024.png\" class=\"attachment-large size-large wp-image-2136\" alt=\"\" srcset=\"https:\/\/tag90.com\/wp-content\/uploads\/sanatdekorasyon-768x1152-1-683x1024.png 683w, https:\/\/tag90.com\/wp-content\/uploads\/sanatdekorasyon-768x1152-1-200x300.png 200w, https:\/\/tag90.com\/wp-content\/uploads\/sanatdekorasyon-768x1152-1.png 768w\" sizes=\"(max-width: 640px) 100vw, 640px\" \/>\t\t\t\t\t\t\t\t\t\t\t\t\t\t\t<\/div>\n\t\t\t\t<\/div>\n\t\t<div class=\"elementor-element elementor-element-fa0437d e-con-full e-flex e-con e-child\" data-id=\"fa0437d\" data-element_type=\"container\">\n\t\t\t\t<div class=\"elementor-element elementor-element-3e588ac elementor-widget elementor-widget-text-editor\" data-id=\"3e588ac\" data-element_type=\"widget\" data-widget_type=\"text-editor.default\">\n\t\t\t\t\t\t\t\t\t<section class=\"artistic-touch-section\"><h2>An Artistic Touch to Every Space<\/h2><p class=\"artistic-intro\">We believe that art should not only be found in galleries, but everywhere we live. Our products are ideal for enriching the atmosphere of various spaces:<\/p><ul class=\"location-list\"><li><strong>Home Decoration:<\/strong> Add warmth to your home by creating a focal point in your living room, bedroom, or gym.<\/li><li><strong>Office and Workspaces:<\/strong> Add professional and aesthetic touches that will bring inspiration and motivation to your work environment.<\/li><li><strong>Cafes and Restaurants:<\/strong> Complete your venue's concept with artistic paintings to offer your customers an unforgettable experience.<\/li><li><strong>Hotels and Accommodation Facilities:<\/strong> Create a stylish and inviting atmosphere for your guests in every area, from the lobby to the rooms.<\/li><\/ul><\/section>\t\t\t\t\t\t\t\t<\/div>\n\t\t\t\t<\/div>\n\t\t\t\t\t<\/div>\n\t\t\t\t<\/div>\n\t\t\t\t<\/div>","protected":false},"excerpt":{"rendered":"<p>Sanat ve Dekorasyon Ses Bariyeri \/ Ses Korkulu\u011fu Sanat ve Dekorasyon Yavizing olarak ya\u015fam alanlar\u0131n\u0131za estetik ve anlam katacak sanat ve dekorasyon \u00fcr\u00fcnleri sunuyoruz. \u00d6zg\u00fcn tasar\u0131mlara sahip kanvas tablolar\u0131m\u0131z, modern, klasik ve soyut temalarda geni\u015f bir koleksiyonla her zevke hitap eder. Ev, ofis, kafe ve otel gibi \u00e7e\u015fitli mek\u00e2nlara sanatsal bir dokunu\u015f ekleyerek, alanlar\u0131n\u0131z\u0131n ruhunu [&hellip;]<\/p>","protected":false},"author":1,"featured_media":0,"parent":0,"menu_order":0,"comment_status":"closed","ping_status":"closed","template":"elementor_header_footer","meta":{"footnotes":""},"class_list":["post-2721","page","type-page","status-publish","hentry"],"_links":{"self":[{"href":"https:\/\/tag90.com\/en\/wp-json\/wp\/v2\/pages\/2721","targetHints":{"allow":["GET"]}}],"collection":[{"href":"https:\/\/tag90.com\/en\/wp-json\/wp\/v2\/pages"}],"about":[{"href":"https:\/\/tag90.com\/en\/wp-json\/wp\/v2\/types\/page"}],"author":[{"embeddable":true,"href":"https:\/\/tag90.com\/en\/wp-json\/wp\/v2\/users\/1"}],"replies":[{"embeddable":true,"href":"https:\/\/tag90.com\/en\/wp-json\/wp\/v2\/comments?post=2721"}],"version-history":[{"count":0,"href":"https:\/\/tag90.com\/en\/wp-json\/wp\/v2\/pages\/2721\/revisions"}],"wp:attachment":[{"href":"https:\/\/tag90.com\/en\/wp-json\/wp\/v2\/media?parent=2721"}],"curies":[{"name":"wp","href":"https:\/\/api.w.org\/{rel}","templated":true}]}}