{"id":2834,"date":"2025-08-07T21:13:12","date_gmt":"2025-08-07T18:13:12","guid":{"rendered":"https:\/\/tag90.com\/?page_id=2834"},"modified":"2025-08-07T21:16:16","modified_gmt":"2025-08-07T18:16:16","slug":"kanvas-tablo","status":"publish","type":"page","link":"https:\/\/tag90.com\/en\/kanvas-tablo\/","title":{"rendered":"Canvas Painting"},"content":{"rendered":"<div data-elementor-type=\"wp-page\" data-elementor-id=\"2834\" class=\"elementor elementor-2834\">\n\t\t\t\t<div class=\"elementor-element elementor-element-230fce0 e-flex e-con-boxed e-con e-parent\" data-id=\"230fce0\" data-element_type=\"container\">\n\t\t\t\t\t<div class=\"e-con-inner\">\n\t\t\t\t<div class=\"elementor-element elementor-element-09140d3 elementor-widget elementor-widget-go-s-heading\" data-id=\"09140d3\" data-element_type=\"widget\" data-widget_type=\"go-s-heading.default\">\n\t\t\t\t<div class=\"elementor-widget-container\">\n\t\t\t\t\t<div class=\"cg-sec-title headline prthalign\">\n    <h1 class=\"elementor-gt-heading sec_title cg-sec-title cg-has-anim\">Canvas Painting<br \/>\n<br \/>\n<br \/>\n<\/h1>    <\/div>\t\t\t\t<\/div>\n\t\t\t\t<\/div>\n\t\t\t\t\t<\/div>\n\t\t\t\t<\/div>\n\t\t<div class=\"elementor-element elementor-element-c3ff6d0 e-flex e-con-boxed e-con e-parent\" data-id=\"c3ff6d0\" data-element_type=\"container\">\n\t\t\t\t\t<div class=\"e-con-inner\">\n\t\t\t\t<div class=\"elementor-element elementor-element-8f33518 elementor-widget elementor-widget-text-editor\" data-id=\"8f33518\" data-element_type=\"widget\" data-widget_type=\"text-editor.default\">\n\t\t\t\t\t\t\t\t\t<div class=\"intro-text\">\n  At Yavizing, we offer canvas paintings to customers looking for aesthetic and high-quality decoration solutions. The brand we represent provides artistic touches to suit every taste and space with over 5,000 canvas painting options.\n<\/div>\n\t\t\t\t\t\t\t\t<\/div>\n\t\t\t\t\t<\/div>\n\t\t\t\t<\/div>\n\t\t<div class=\"elementor-element elementor-element-496fffc e-flex e-con-boxed e-con e-parent\" data-id=\"496fffc\" data-element_type=\"container\">\n\t\t\t\t\t<div class=\"e-con-inner\">\n\t\t<div class=\"elementor-element elementor-element-7e6eed4 e-con-full e-flex e-con e-child\" data-id=\"7e6eed4\" data-element_type=\"container\">\n\t\t\t\t<div class=\"elementor-element elementor-element-9066ed2 elementor-widget elementor-widget-image\" data-id=\"9066ed2\" data-element_type=\"widget\" data-widget_type=\"image.default\">\n\t\t\t\t\t\t\t\t\t\t\t\t\t\t\t<img fetchpriority=\"high\" decoding=\"async\" width=\"550\" height=\"550\" src=\"https:\/\/tag90.com\/wp-content\/uploads\/surrealist.jpg\" class=\"attachment-large size-large wp-image-2829\" alt=\"\" srcset=\"https:\/\/tag90.com\/wp-content\/uploads\/surrealist.jpg 550w, https:\/\/tag90.com\/wp-content\/uploads\/surrealist-300x300.jpg 300w, https:\/\/tag90.com\/wp-content\/uploads\/surrealist-150x150.jpg 150w\" sizes=\"(max-width: 550px) 100vw, 550px\" \/>\t\t\t\t\t\t\t\t\t\t\t\t\t\t\t<\/div>\n\t\t\t\t<\/div>\n\t\t<div class=\"elementor-element elementor-element-ca9f05f e-con-full e-flex e-con e-child\" data-id=\"ca9f05f\" data-element_type=\"container\">\n\t\t\t\t<div class=\"elementor-element elementor-element-f70ecbd elementor-widget elementor-widget-image\" data-id=\"f70ecbd\" data-element_type=\"widget\" data-widget_type=\"image.default\">\n\t\t\t\t\t\t\t\t\t\t\t\t\t\t\t<img decoding=\"async\" width=\"550\" height=\"550\" src=\"https:\/\/tag90.com\/wp-content\/uploads\/beyaz-cicekli-agac.jpg\" class=\"attachment-large size-large wp-image-2830\" alt=\"\" srcset=\"https:\/\/tag90.com\/wp-content\/uploads\/beyaz-cicekli-agac.jpg 550w, https:\/\/tag90.com\/wp-content\/uploads\/beyaz-cicekli-agac-300x300.jpg 300w, https:\/\/tag90.com\/wp-content\/uploads\/beyaz-cicekli-agac-150x150.jpg 150w\" sizes=\"(max-width: 550px) 100vw, 550px\" \/>\t\t\t\t\t\t\t\t\t\t\t\t\t\t\t<\/div>\n\t\t\t\t<\/div>\n\t\t\t\t\t<\/div>\n\t\t\t\t<\/div>\n\t\t<div class=\"elementor-element elementor-element-fb00838 e-flex e-con-boxed e-con e-parent\" data-id=\"fb00838\" data-element_type=\"container\">\n\t\t\t\t\t<div class=\"e-con-inner\">\n\t\t\t\t<div class=\"elementor-element elementor-element-53d7b75 elementor-widget elementor-widget-text-editor\" data-id=\"53d7b75\" data-element_type=\"widget\" data-widget_type=\"text-editor.default\">\n\t\t\t\t\t\t\t\t\t<div class=\"feature-box\">\n  <div class=\"feature-list\">\n    <div class=\"feature-item\">\n      <h3>High Quality Printing<\/h3>\n      <p>Prints made using state-of-the-art inkjet technology on 350 g\/m\u00b2 canvas fabric.<\/p>\n    <\/div>\n    <div class=\"feature-item\">\n      <h3>Durable Frame<\/h3>\n      <p>Canvas stretched over a wooden frame offers durability and an aesthetic appearance.<\/p>\n    <\/div>\n    <div class=\"feature-item\">\n      <h3>Customizable Dimensions<\/h3>\n      <p>Various size options ranging from 30\u00d730 cm to 206\u00d7103 cm.<\/p>\n    <\/div>\n    <div class=\"feature-item\">\n      <h3>Frame Options<\/h3>\n      <p>Frameless, black, white, gold, and silver frame options.<\/p>\n    <\/div>\n  <\/div>\n<\/div>\n\t\t\t\t\t\t\t\t<\/div>\n\t\t\t\t\t<\/div>\n\t\t\t\t<\/div>\n\t\t<div class=\"elementor-element elementor-element-e478d60 e-flex e-con-boxed e-con e-parent\" data-id=\"e478d60\" data-element_type=\"container\">\n\t\t\t\t\t<div class=\"e-con-inner\">\n\t\t\t\t\t<\/div>\n\t\t\t\t<\/div>\n\t\t<div class=\"elementor-element elementor-element-671c28c e-flex e-con-boxed e-con e-parent\" data-id=\"671c28c\" data-element_type=\"container\">\n\t\t\t\t\t<div class=\"e-con-inner\">\n\t\t<div class=\"elementor-element elementor-element-2a19b6b e-con-full e-flex e-con e-child\" data-id=\"2a19b6b\" data-element_type=\"container\">\n\t\t\t\t<div class=\"elementor-element elementor-element-eb73e95 elementor-widget elementor-widget-text-editor\" data-id=\"eb73e95\" data-element_type=\"widget\" data-widget_type=\"text-editor.default\">\n\t\t\t\t\t\t\t\t\t<section class=\"info-section\"><div class=\"container\"><div class=\"info-column\"><h2>Popular Collections<\/h2><ul class=\"info-list\"><li><strong>Surrealist Paintings:<\/strong> Surreal designs that challenge the imagination.<\/li><li><strong>Flower and Nature-Themed Paintings:<\/strong> The elegant reflections of nature in vivid colors.<\/li><li><strong>Abstract and Modern Art:<\/strong> Emotional and aesthetic abstract compositions.<\/li><li><strong>Portraits and Human Figures:<\/strong> Deep and artistic interpretations of human faces.<\/li><\/ul><\/div><div class=\"info-column\"><h2>Application Areas<\/h2><ul class=\"info-list\"><li><strong>Home Decoration:<\/strong> Living room, sitting room, bedroom, and hallways.<\/li><li><strong>Office and Workspaces:<\/strong> Executive offices, meeting rooms, and office corridors.<\/li><li><strong>Public and Commercial Spaces:<\/strong> Cafes, restaurants, hotels, and shops.<\/li><\/ul><\/div><\/div><\/section>\t\t\t\t\t\t\t\t<\/div>\n\t\t\t\t<\/div>\n\t\t<div class=\"elementor-element elementor-element-01ccb49 e-con-full e-flex e-con e-child\" data-id=\"01ccb49\" data-element_type=\"container\">\n\t\t\t\t<div class=\"elementor-element elementor-element-d73d158 elementor-widget elementor-widget-image\" data-id=\"d73d158\" data-element_type=\"widget\" data-widget_type=\"image.default\">\n\t\t\t\t\t\t\t\t\t\t\t\t\t\t\t<img decoding=\"async\" width=\"550\" height=\"550\" src=\"https:\/\/tag90.com\/wp-content\/uploads\/guzel-kadin-portresi.jpg\" class=\"attachment-large size-large wp-image-2870\" alt=\"\" srcset=\"https:\/\/tag90.com\/wp-content\/uploads\/guzel-kadin-portresi.jpg 550w, https:\/\/tag90.com\/wp-content\/uploads\/guzel-kadin-portresi-300x300.jpg 300w, https:\/\/tag90.com\/wp-content\/uploads\/guzel-kadin-portresi-150x150.jpg 150w\" sizes=\"(max-width: 550px) 100vw, 550px\" \/>\t\t\t\t\t\t\t\t\t\t\t\t\t\t\t<\/div>\n\t\t\t\t<\/div>\n\t\t\t\t\t<\/div>\n\t\t\t\t<\/div>\n\t\t\t\t<\/div>","protected":false},"excerpt":{"rendered":"<p>Kanvas Tablo Yavizing olarak, estetik ve kaliteli dekorasyon \u00e7\u00f6z\u00fcmleri arayan m\u00fc\u015fterilerimize Kanvas Tablolar\u0131 sunuyoruz. Temsil etti\u011fimiz markam\u0131z, 5.000&#8217;den fazla kanvas tablo se\u00e7ene\u011fiyle, her zevke ve mek\u00e2na uygun sanatsal dokunu\u015flar sa\u011flar. Y\u00fcksek Kalite Bask\u0131 350 gr\/m\u00b2 kanvas kuma\u015f \u00fczerine, son teknoloji m\u00fcrekkep p\u00fcsk\u00fcrtme teknolojisiyle yap\u0131lan bask\u0131lar. Dayan\u0131kl\u0131 \u00c7er\u00e7eve Ah\u015fap \u015fase \u00fczerine gerilen kanvas, uzun \u00f6m\u00fcrl\u00fc ve [&hellip;]<\/p>","protected":false},"author":1,"featured_media":0,"parent":0,"menu_order":0,"comment_status":"closed","ping_status":"closed","template":"elementor_header_footer","meta":{"footnotes":""},"class_list":["post-2834","page","type-page","status-publish","hentry"],"_links":{"self":[{"href":"https:\/\/tag90.com\/en\/wp-json\/wp\/v2\/pages\/2834","targetHints":{"allow":["GET"]}}],"collection":[{"href":"https:\/\/tag90.com\/en\/wp-json\/wp\/v2\/pages"}],"about":[{"href":"https:\/\/tag90.com\/en\/wp-json\/wp\/v2\/types\/page"}],"author":[{"embeddable":true,"href":"https:\/\/tag90.com\/en\/wp-json\/wp\/v2\/users\/1"}],"replies":[{"embeddable":true,"href":"https:\/\/tag90.com\/en\/wp-json\/wp\/v2\/comments?post=2834"}],"version-history":[{"count":0,"href":"https:\/\/tag90.com\/en\/wp-json\/wp\/v2\/pages\/2834\/revisions"}],"wp:attachment":[{"href":"https:\/\/tag90.com\/en\/wp-json\/wp\/v2\/media?parent=2834"}],"curies":[{"name":"wp","href":"https:\/\/api.w.org\/{rel}","templated":true}]}}