{"id":3006,"date":"2025-08-07T22:26:23","date_gmt":"2025-08-07T19:26:23","guid":{"rendered":"https:\/\/tag90.com\/?page_id=3006"},"modified":"2025-08-09T16:49:21","modified_gmt":"2025-08-09T13:49:21","slug":"triple-monitor-laptop-ekran-cogaltici","status":"publish","type":"page","link":"https:\/\/tag90.com\/en\/triple-monitor-laptop-ekran-cogaltici\/","title":{"rendered":"Triple Monitor \u2013 Laptop Screen Duplicator"},"content":{"rendered":"<div data-elementor-type=\"wp-page\" data-elementor-id=\"3006\" class=\"elementor elementor-3006\">\n\t\t\t\t<div class=\"elementor-element elementor-element-230fce0 e-flex e-con-boxed e-con e-parent\" data-id=\"230fce0\" data-element_type=\"container\">\n\t\t\t\t\t<div class=\"e-con-inner\">\n\t\t\t\t<div class=\"elementor-element elementor-element-09140d3 elementor-widget elementor-widget-go-s-heading\" data-id=\"09140d3\" data-element_type=\"widget\" data-widget_type=\"go-s-heading.default\">\n\t\t\t\t<div class=\"elementor-widget-container\">\n\t\t\t\t\t<div class=\"cg-sec-title headline prthalign\">\n    <h1 class=\"elementor-gt-heading sec_title cg-sec-title cg-has-anim\">Triple Monitor \u2013 Laptop Screen Duplicator<br \/>\n<br \/>\n<\/h1>    <\/div>\t\t\t\t<\/div>\n\t\t\t\t<\/div>\n\t\t\t\t\t<\/div>\n\t\t\t\t<\/div>\n\t\t<div class=\"elementor-element elementor-element-f48d30d e-flex e-con-boxed e-con e-parent\" data-id=\"f48d30d\" data-element_type=\"container\">\n\t\t\t\t\t<div class=\"e-con-inner\">\n\t\t\t\t<div class=\"elementor-element elementor-element-4ed5d9a elementor-widget elementor-widget-heading\" data-id=\"4ed5d9a\" data-element_type=\"widget\" data-widget_type=\"heading.default\">\n\t\t\t\t\t<h2 class=\"elementor-heading-title elementor-size-default\">Sound Barriers\n<\/h2>\t\t\t\t<\/div>\n\t\t\t\t\t<\/div>\n\t\t\t\t<\/div>\n\t\t<div class=\"elementor-element elementor-element-d06635e e-flex e-con-boxed e-con e-parent\" data-id=\"d06635e\" data-element_type=\"container\">\n\t\t\t\t\t<div class=\"e-con-inner\">\n\t\t<div class=\"elementor-element elementor-element-022e841 e-con-full e-flex e-con e-child\" data-id=\"022e841\" data-element_type=\"container\">\n\t\t\t\t<div class=\"elementor-element elementor-element-24612bd elementor-widget elementor-widget-text-editor\" data-id=\"24612bd\" data-element_type=\"widget\" data-widget_type=\"text-editor.default\">\n\t\t\t\t\t\t\t\t\t<h2 style=\"font-size: 32px; font-weight: bold; margin-bottom: 24px; color: #222;\">Triple Monitor \u2013 Laptop Screen Duplicator<\/h2>\n<p style=\"font-size: 18px; line-height: 1.8; color: #444;\">Yavizing supplies the Triple Monitor \u2013 Laptop Screen Duplicator product, which offers excellent solutions for efficient work and multi-screen use. This portable triple screen instantly transforms your laptop into a three-screen workspace. Ideal for everyone from professional users to gamers, this product offers easy setup and high performance.<\/p>\t\t\t\t\t\t\t\t<\/div>\n\t\t\t\t<\/div>\n\t\t<div class=\"elementor-element elementor-element-4a02353 e-con-full e-flex e-con e-child\" data-id=\"4a02353\" data-element_type=\"container\">\n\t\t\t\t<div class=\"elementor-element elementor-element-7b63497 elementor-widget elementor-widget-video\" data-id=\"7b63497\" data-element_type=\"widget\" data-settings=\"{&quot;video_type&quot;:&quot;hosted&quot;,&quot;controls&quot;:&quot;yes&quot;}\" data-widget_type=\"video.default\">\n\t\t\t\t\t\t\t<div class=\"e-hosted-video elementor-wrapper elementor-open-inline\">\n\t\t\t\t\t<video class=\"elementor-video\" src=\"https:\/\/tag90.com\/wp-content\/uploads\/yavizing_logolu_video.mp4\" controls=\"\" preload=\"metadata\" controlslist=\"nodownload\"><\/video>\n\t\t\t\t<\/div>\n\t\t\t\t\t\t<\/div>\n\t\t\t\t<\/div>\n\t\t\t\t\t<\/div>\n\t\t\t\t<\/div>\n\t\t<div class=\"elementor-element elementor-element-4b82b13 e-flex e-con-boxed e-con e-parent\" data-id=\"4b82b13\" data-element_type=\"container\">\n\t\t\t\t\t<div class=\"e-con-inner\">\n\t\t\t\t<div class=\"elementor-element elementor-element-3dad021 elementor-widget elementor-widget-text-editor\" data-id=\"3dad021\" data-element_type=\"widget\" data-widget_type=\"text-editor.default\">\n\t\t\t\t\t\t\t\t\t<section class=\"intro-section\" style=\"padding: 40px 60px; max-width: 1200px; margin: 0 auto; font-family: Arial, sans-serif;\">\n\n\n<\/section><section class=\"feature-section\" style=\"padding: 30px 60px; max-width: 1200px; margin: 40px auto 0; font-family: Arial, sans-serif; border-top: 1px solid #eee;\">\n<h3 style=\"font-size: 24px; font-weight: 600; margin-bottom: 16px; color: #333;\">Product Features<\/h3>\n<ul style=\"font-size: 16px; line-height: 1.6; color: #555; list-style-type: disc; padding-left: 20px;\">\n \t<li>Screen Size: Models ranging from 13.3 inches to 17.3 inches<\/li>\n \t<li>Resolution: 1920\u00d71080 or 1920\u00d71200<\/li>\n \t<li>Aspect Ratio: 16:9 or 16:10<\/li>\n \t<li>Color Option: Gray<\/li>\n \t<li>Connection Options: USB-C, HDMI, USB-A connection<\/li>\n \t<li>Supported Systems: Windows 10\/11, MacOS (including M1, M2, M3 chipsets), Android, Linux, Chromebook, Switch, Xbox, PS4, PS5<\/li>\n \t<li>Setup: Plug &amp; Play (no driver required)<\/li>\n<\/ul>\n<\/section><section class=\"feature-section\" style=\"padding: 30px 60px; max-width: 1200px; margin: 40px auto 0; font-family: Arial, sans-serif; border-top: 1px solid #eee;\">\n<h3 style=\"font-size: 24px; font-weight: 600; margin-bottom: 16px; color: #333;\">High Performance<\/h3>\n<ul style=\"font-size: 16px; line-height: 1.6; color: #555; list-style-type: disc; padding-left: 20px;\">\n \t<li>The portable screen turns your laptop into a three-screen workspace, allowing you to multitask.<\/li>\n \t<li>With its outward-facing 360-degree rotation feature, you can use your screens at different angles.<\/li>\n \t<li>You will obtain high-quality images with advanced screen resolutions.<\/li>\n<\/ul>\n<\/section><section class=\"feature-section\" style=\"padding: 30px 60px; max-width: 1200px; margin: 40px auto 0; font-family: Arial, sans-serif; border-top: 1px solid #eee;\">\n<h3 style=\"font-size: 24px; font-weight: 600; margin-bottom: 16px; color: #333;\">Portable and Easy Setup<\/h3>\n<ul style=\"font-size: 16px; line-height: 1.6; color: #555; list-style-type: disc; padding-left: 20px;\">\n \t<li>Thanks to its user-friendly design, you can operate three screens simultaneously with a single cable.<\/li>\n \t<li>You can easily set it up with just a USB-C or HDMI connection.<\/li>\n \t<li>With its lightweight and slim design, it is easy to carry and provides the perfect solution for travel or work.<\/li>\n<\/ul>\n<\/section><section class=\"feature-section\" style=\"padding: 30px 60px; max-width: 1200px; margin: 40px auto 0; font-family: Arial, sans-serif; border-top: 1px solid #eee;\">\n<h3 style=\"font-size: 24px; font-weight: 600; margin-bottom: 16px; color: #333;\">Sales and Distribution<\/h3>\n<p style=\"font-size: 16px; line-height: 1.7; color: #555;\">Yavizing offers the Triple Monitor \u2013 Laptop Screen Duplicator product to domestic customers and international markets as wholesale sales. Thanks to our extensive distribution network, it is possible to supply these high-quality screen duplicators globally.<\/p>\n\n<\/section><section class=\"feature-section\" style=\"padding: 30px 60px; max-width: 1200px; margin: 40px auto 80px; font-family: Arial, sans-serif; border-top: 1px solid #eee;\">\n<h3 style=\"font-size: 24px; font-weight: 600; margin-bottom: 16px; color: #333;\">Purchase Advantages<\/h3>\n<ul style=\"font-size: 16px; line-height: 1.6; color: #555; list-style-type: disc; padding-left: 20px;\">\n \t<li>High Quality and Durability: Manufactured with advanced technology and high-quality materials.<\/li>\n \t<li>Flexible Working: Easily manage multiple screens and increase your office productivity.<\/li>\n \t<li>Competitive Prices: Competitive prices are offered for bulk purchases.<\/li>\n \t<li>Global Distribution: Our products are shipped quickly both domestically and internationally, and after-sales support services are provided.<\/li>\n<\/ul>\n<\/section><section class=\"contact-section\" style=\"padding: 30px 60px; max-width: 1200px; margin: 0 auto 80px; font-family: Arial, sans-serif; border-top: 1px solid #eee;\">\n<p style=\"font-size: 16px; line-height: 1.7; color: #444;\">For more information about Triple Monitor \u2013 Laptop Screen Duplicator and to submit your wholesale inquiries, please contact us. <strong>bizimle ileti\u015fime ge\u00e7ebilirsiniz.<\/strong><\/p>\n<p style=\"font-size: 16px; line-height: 1.7; color: #444;\">At Yavizing, we are here to provide solutions tailored to your every need.<\/p>\n\n<\/section>\t\t\t\t\t\t\t\t<\/div>\n\t\t\t\t\t<\/div>\n\t\t\t\t<\/div>\n\t\t\t\t<\/div>","protected":false},"excerpt":{"rendered":"<p>Triple Monit\u00f6r \u2013 Laptop Ekran \u00c7o\u011falt\u0131c\u0131 Ses Bariyeri \/ Ses Korkulu\u011fu Triple Monit\u00f6r \u2013 Laptop Ekran \u00c7o\u011falt\u0131c\u0131 Yavizing, verimli \u00e7al\u0131\u015fma ve \u00e7oklu ekran kullan\u0131m\u0131 i\u00e7in m\u00fckemmel \u00e7\u00f6z\u00fcmler sunan Triple Monit\u00f6r \u2013 Laptop Ekran \u00c7o\u011falt\u0131c\u0131 \u00fcr\u00fcn\u00fcn\u00fc tedarik etmektedir. Bu ta\u015f\u0131nabilir \u00fc\u00e7l\u00fc ekran, diz\u00fcst\u00fc bilgisayar\u0131n\u0131z\u0131 an\u0131nda \u00fc\u00e7 ekranl\u0131 bir \u00e7al\u0131\u015fma alan\u0131na d\u00f6n\u00fc\u015ft\u00fcr\u00fcr. Profesyonel kullan\u0131c\u0131lardan oyun severlere kadar [&hellip;]<\/p>","protected":false},"author":1,"featured_media":0,"parent":0,"menu_order":0,"comment_status":"closed","ping_status":"closed","template":"elementor_header_footer","meta":{"footnotes":""},"class_list":["post-3006","page","type-page","status-publish","hentry"],"_links":{"self":[{"href":"https:\/\/tag90.com\/en\/wp-json\/wp\/v2\/pages\/3006","targetHints":{"allow":["GET"]}}],"collection":[{"href":"https:\/\/tag90.com\/en\/wp-json\/wp\/v2\/pages"}],"about":[{"href":"https:\/\/tag90.com\/en\/wp-json\/wp\/v2\/types\/page"}],"author":[{"embeddable":true,"href":"https:\/\/tag90.com\/en\/wp-json\/wp\/v2\/users\/1"}],"replies":[{"embeddable":true,"href":"https:\/\/tag90.com\/en\/wp-json\/wp\/v2\/comments?post=3006"}],"version-history":[{"count":0,"href":"https:\/\/tag90.com\/en\/wp-json\/wp\/v2\/pages\/3006\/revisions"}],"wp:attachment":[{"href":"https:\/\/tag90.com\/en\/wp-json\/wp\/v2\/media?parent=3006"}],"curies":[{"name":"wp","href":"https:\/\/api.w.org\/{rel}","templated":true}]}}