{"id":3270,"date":"2025-09-03T15:52:28","date_gmt":"2025-09-03T12:52:28","guid":{"rendered":"https:\/\/tag90.com\/?page_id=3270"},"modified":"2025-09-03T16:00:42","modified_gmt":"2025-09-03T13:00:42","slug":"elektrik-ve-aydinlatma","status":"publish","type":"page","link":"https:\/\/tag90.com\/en\/elektrik-ve-aydinlatma\/","title":{"rendered":"Electrical and Lighting Products"},"content":{"rendered":"<div data-elementor-type=\"wp-page\" data-elementor-id=\"3270\" class=\"elementor elementor-3270\">\n\t\t\t\t<div class=\"elementor-element elementor-element-c12762c e-flex e-con-boxed e-con e-parent\" data-id=\"c12762c\" data-element_type=\"container\">\n\t\t\t\t\t<div class=\"e-con-inner\">\n\t\t\t\t<div class=\"elementor-element elementor-element-36399c5 elementor-widget elementor-widget-text-editor\" data-id=\"36399c5\" data-element_type=\"widget\" data-widget_type=\"text-editor.default\">\n\t\t\t\t\t\t\t\t\t<section class=\"section-intro\" style=\"background: transparent; padding: 40px 60px; max-width: 1200px; margin: 0 auto; font-family: Arial, sans-serif;\"><div class=\"intro-content\"><h2 style=\"font-size: 32px; font-weight: bold; margin-bottom: 20px; color: #222;\">Electrical &amp; Lighting Products<\/h2><p style=\"font-size: 18px; line-height: 1.8; color: #444;\">As Yavizing, we offer energy-efficient and aesthetically pleasing solutions to illuminate your modern living spaces and work environments. With our wide range of products, we bring together innovative and high-quality electrical and lighting products to suit every need. From your home to your office, from outdoor spaces to special projects, you've come to the right place for reliable and stylish lighting options.<\/p><p>Browse the categories below to discover our products and add value to your spaces.<\/p><\/div><\/section>\t\t\t\t\t\t\t\t<\/div>\n\t\t\t\t\t<\/div>\n\t\t\t\t<\/div>\n\t\t<div class=\"elementor-element elementor-element-5bdd434 e-grid e-con-boxed e-con e-parent\" data-id=\"5bdd434\" data-element_type=\"container\">\n\t\t\t\t\t<div class=\"e-con-inner\">\n\t\t\t\t<div class=\"elementor-element elementor-element-a1e4671 elementor-widget__width-inherit elementor-widget elementor-widget-agr-btn-one\" data-id=\"a1e4671\" data-element_type=\"widget\" data-widget_type=\"agr-btn-one.default\">\n\t\t\t\t<div class=\"elementor-widget-container\">\n\t\t\t\t\t<div class=\"cg-blog1-top-content\">\n    <div class=\"cg-btn-1\">\n        <a href=\"https:\/\/tag90.com\/en\/led-aydinlatma\/\" target=\"_blank\" rel=\"nofollow\"><span>LED Lighting Products <i class=\"fa-solid fa-check\"><\/i><\/span><\/a>\n    <\/div>\n<\/div>\t\t\t\t<\/div>\n\t\t\t\t<\/div>\n\t\t\t\t\t<\/div>\n\t\t\t\t<\/div>\n\t\t\t\t<\/div>","protected":false},"excerpt":{"rendered":"<p>Elektrik &amp; Ayd\u0131nlatma \u00dcr\u00fcnleri Yavizing olarak, modern ya\u015fam alanlar\u0131n\u0131z\u0131 ve \u00e7al\u0131\u015fma ortamlar\u0131n\u0131z\u0131 ayd\u0131nlatacak, enerji verimlili\u011fi y\u00fcksek ve estetik \u00e7\u00f6z\u00fcmler sunuyoruz. Geni\u015f \u00fcr\u00fcn yelpazemizle her ihtiyaca uygun, yenilik\u00e7i ve kaliteli elektrik &amp; ayd\u0131nlatma \u00fcr\u00fcnlerini bir araya getiriyoruz. Evinizden ofisinize, d\u0131\u015f mekanlardan \u00f6zel projelere kadar her alanda g\u00fcvenilir ve \u015f\u0131k ayd\u0131nlatma se\u00e7enekleri i\u00e7in do\u011fru adrestesiniz. \u00dcr\u00fcnlerimizi ke\u015ffetmek [&hellip;]<\/p>","protected":false},"author":1,"featured_media":0,"parent":0,"menu_order":0,"comment_status":"closed","ping_status":"closed","template":"elementor_header_footer","meta":{"footnotes":""},"class_list":["post-3270","page","type-page","status-publish","hentry"],"_links":{"self":[{"href":"https:\/\/tag90.com\/en\/wp-json\/wp\/v2\/pages\/3270","targetHints":{"allow":["GET"]}}],"collection":[{"href":"https:\/\/tag90.com\/en\/wp-json\/wp\/v2\/pages"}],"about":[{"href":"https:\/\/tag90.com\/en\/wp-json\/wp\/v2\/types\/page"}],"author":[{"embeddable":true,"href":"https:\/\/tag90.com\/en\/wp-json\/wp\/v2\/users\/1"}],"replies":[{"embeddable":true,"href":"https:\/\/tag90.com\/en\/wp-json\/wp\/v2\/comments?post=3270"}],"version-history":[{"count":0,"href":"https:\/\/tag90.com\/en\/wp-json\/wp\/v2\/pages\/3270\/revisions"}],"wp:attachment":[{"href":"https:\/\/tag90.com\/en\/wp-json\/wp\/v2\/media?parent=3270"}],"curies":[{"name":"wp","href":"https:\/\/api.w.org\/{rel}","templated":true}]}}