{"id":3371,"date":"2025-09-11T13:05:27","date_gmt":"2025-09-11T10:05:27","guid":{"rendered":"https:\/\/tag90.com\/?page_id=3371"},"modified":"2025-09-11T13:06:56","modified_gmt":"2025-09-11T10:06:56","slug":"kimyasal-katki","status":"publish","type":"page","link":"https:\/\/tag90.com\/en\/kimyasal-katki\/","title":{"rendered":"Chemical Products &amp; Additives"},"content":{"rendered":"<div data-elementor-type=\"wp-page\" data-elementor-id=\"3371\" class=\"elementor elementor-3371\">\n\t\t\t\t<div class=\"elementor-element elementor-element-c12762c e-flex e-con-boxed e-con e-parent\" data-id=\"c12762c\" data-element_type=\"container\">\n\t\t\t\t\t<div class=\"e-con-inner\">\n\t\t\t\t<div class=\"elementor-element elementor-element-36399c5 elementor-widget elementor-widget-text-editor\" data-id=\"36399c5\" data-element_type=\"widget\" data-widget_type=\"text-editor.default\">\n\t\t\t\t\t\t\t\t\t<section class=\"section-intro\" style=\"background: transparent; padding: 40px 60px; max-width: 1200px; margin: 0 auto; font-family: Arial, sans-serif;\"><div class=\"intro-content\"><h2 style=\"font-size: 32px; font-weight: bold; margin-bottom: 20px; color: #222;\">Kimyasal \u00dcr\u00fcnler &amp; Katk\u0131 Maddeleri<\/h2><p data-start=\"146\" data-end=\"564\">YAVIZING, farkl\u0131 sekt\u00f6rlere y\u00f6nelik <strong data-start=\"224\" data-end=\"244\">kimyasal ithalat<\/strong> ve <strong data-start=\"248\" data-end=\"279\">katk\u0131 maddeleri tedarikinde<\/strong> g\u00fcvenilir bir i\u015f orta\u011f\u0131d\u0131r. Boya, plastik, seramik, in\u015faat ve g\u0131da gibi alanlarda kullan\u0131lan <strong data-start=\"373\" data-end=\"400\">end\u00fcstriyel kimyasallar<\/strong> ile \u00fcretim s\u00fcre\u00e7lerinizi destekliyoruz. Uluslararas\u0131 standartlarda se\u00e7ilmi\u015f \u00fcr\u00fcnlerimizle s\u00fcrd\u00fcr\u00fclebilir, rekabet\u00e7i ve kaliteli <strong data-start=\"529\" data-end=\"551\" data-is-only-node=\"\">hammadde \u00e7\u00f6z\u00fcmleri<\/strong> sunuyoruz.<\/p><p data-start=\"566\" data-end=\"860\">YAVIZING\u2019i tercih eden firmalar, yaln\u0131zca \u00fcr\u00fcn de\u011fil; ayn\u0131 zamanda <strong data-start=\"633\" data-end=\"712\">uzman dan\u0131\u015fmanl\u0131k, \u015feffaf lojistik y\u00f6netimi ve zaman\u0131nda teslimat garantisi<\/strong> de elde eder. G\u00fcvenilir tedarik zincirimiz sayesinde i\u015fletmenizin maliyet avantaj\u0131n\u0131 art\u0131r\u0131rken, \u00fcretim kalitenizi de en \u00fcst seviyeye ta\u015f\u0131yoruz.<\/p><\/div><\/section>\t\t\t\t\t\t\t\t<\/div>\n\t\t\t\t\t<\/div>\n\t\t\t\t<\/div>\n\t\t<div class=\"elementor-element elementor-element-5bdd434 e-grid e-con-boxed e-con e-parent\" data-id=\"5bdd434\" data-element_type=\"container\">\n\t\t\t\t\t<div class=\"e-con-inner\">\n\t\t\t\t<div class=\"elementor-element elementor-element-a1e4671 elementor-widget__width-inherit elementor-widget elementor-widget-agr-btn-one\" data-id=\"a1e4671\" data-element_type=\"widget\" data-widget_type=\"agr-btn-one.default\">\n\t\t\t\t<div class=\"elementor-widget-container\">\n\t\t\t\t\t<div class=\"cg-blog1-top-content\">\n    <div class=\"cg-btn-1\">\n        <a href=\"https:\/\/tag90.com\/en\/pigment\/\" target=\"_blank\" rel=\"nofollow\"><span>Pigment <i class=\"fa-solid fa-check\"><\/i><\/span><\/a>\n    <\/div>\n<\/div>\t\t\t\t<\/div>\n\t\t\t\t<\/div>\n\t\t\t\t\t<\/div>\n\t\t\t\t<\/div>\n\t\t\t\t<\/div>","protected":false},"excerpt":{"rendered":"<p>Kimyasal \u00dcr\u00fcnler &amp; Katk\u0131 Maddeleri YAVIZING, farkl\u0131 sekt\u00f6rlere y\u00f6nelik kimyasal ithalat ve katk\u0131 maddeleri tedarikinde g\u00fcvenilir bir i\u015f orta\u011f\u0131d\u0131r. Boya, plastik, seramik, in\u015faat ve g\u0131da gibi alanlarda kullan\u0131lan end\u00fcstriyel kimyasallar ile \u00fcretim s\u00fcre\u00e7lerinizi destekliyoruz. Uluslararas\u0131 standartlarda se\u00e7ilmi\u015f \u00fcr\u00fcnlerimizle s\u00fcrd\u00fcr\u00fclebilir, rekabet\u00e7i ve kaliteli hammadde \u00e7\u00f6z\u00fcmleri sunuyoruz. YAVIZING\u2019i tercih eden firmalar, yaln\u0131zca \u00fcr\u00fcn de\u011fil; ayn\u0131 zamanda uzman [&hellip;]<\/p>","protected":false},"author":1,"featured_media":0,"parent":0,"menu_order":0,"comment_status":"closed","ping_status":"closed","template":"elementor_header_footer","meta":{"footnotes":""},"class_list":["post-3371","page","type-page","status-publish","hentry"],"_links":{"self":[{"href":"https:\/\/tag90.com\/en\/wp-json\/wp\/v2\/pages\/3371","targetHints":{"allow":["GET"]}}],"collection":[{"href":"https:\/\/tag90.com\/en\/wp-json\/wp\/v2\/pages"}],"about":[{"href":"https:\/\/tag90.com\/en\/wp-json\/wp\/v2\/types\/page"}],"author":[{"embeddable":true,"href":"https:\/\/tag90.com\/en\/wp-json\/wp\/v2\/users\/1"}],"replies":[{"embeddable":true,"href":"https:\/\/tag90.com\/en\/wp-json\/wp\/v2\/comments?post=3371"}],"version-history":[{"count":0,"href":"https:\/\/tag90.com\/en\/wp-json\/wp\/v2\/pages\/3371\/revisions"}],"wp:attachment":[{"href":"https:\/\/tag90.com\/en\/wp-json\/wp\/v2\/media?parent=3371"}],"curies":[{"name":"wp","href":"https:\/\/api.w.org\/{rel}","templated":true}]}}